{"id":10932,"date":"2024-03-14T12:57:31","date_gmt":"2024-03-14T11:57:31","guid":{"rendered":"https:\/\/olivapalacios.es\/?post_type=product&#038;p=10932"},"modified":"2025-09-08T09:50:04","modified_gmt":"2025-09-08T07:50:04","slug":"bidons-dhuile-de-3-litres","status":"publish","type":"product","link":"https:\/\/olivapalacios.es\/fr\/produit\/bidons-dhuile-de-3-litres\/","title":{"rendered":"Bo\u00eete de 4 Canettes de 3L Palacio de Los Olivos Picual (35,95\u20ac\/pc)"},"content":{"rendered":"<h1>Bidons d&rsquo;huile de 3 litres<\/h1>\n<h2>Palacio de Los Olivos<\/h2>\n<p>Au Palacio de Los Olivos, nous vous pr\u00e9sentons notre d\u00e9licieux pack de 4 bidons de 3 litres d&rsquo;huile d&rsquo;olive vierge extra premium, \u00e9labor\u00e9 avec la prestigieuse vari\u00e9t\u00e9 Picual.<\/p>\n<p>Ce pack est le choix parfait pour ceux qui appr\u00e9cient la qualit\u00e9 et la polyvalence en cuisine.<\/p>\n<p>Notre huile d&rsquo;olive vierge extra Picual est le r\u00e9sultat de la s\u00e9lection m\u00e9ticuleuse des meilleures olives.<\/p>\n<p>Cultiv\u00e9es dans les champs ensoleill\u00e9s du Palacio de Los Olivos, la vari\u00e9t\u00e9 Picual se distingue par son go\u00fbt intense et fruit\u00e9, avec une l\u00e9g\u00e8re touche \u00e9pic\u00e9e.<\/p>\n<h2>Chaque bidon d&rsquo;huile de 3 litres<\/h2>\n<p>Contient un tr\u00e9sor de tradition et d&rsquo;excellence, refl\u00e9tant notre engagement envers la qualit\u00e9 et la passion pour l&rsquo;art culinaire m\u00e9diterran\u00e9en.<\/p>\n<p>Le design pratique et fonctionnel des bidons garantit une conservation optimale de l&rsquo;huile, pr\u00e9servant ses propri\u00e9t\u00e9s jusqu&rsquo;\u00e0 la derni\u00e8re utilisation.<\/p>\n<p>D\u00e9couvrez l&rsquo;excellence de l&rsquo;huile d&rsquo;olive vierge extra premium Picual de Palacio de Los Olivos et apportez la saveur de la M\u00e9diterran\u00e9e \u00e0 votre table dans chaque plat.<\/p>\n<p>LIVRAISON GRATUITE en p\u00e9ninsule (pour les livraisons insulaires ou \u00e0 l&rsquo;\u00e9tranger, contactez-nous \u00e0 <a target=\"_new\" rel=\"noopener\">pedidos@olivapalacios.es<\/a>)<\/p>\n<p>Livraison estim\u00e9e de 24 \u00e0 48 heures.<\/p>\n<h2>Contenu : 4 bidons de 3L d&rsquo;huile d&rsquo;olive vierge extra premium de la vari\u00e9t\u00e9 Picual.<\/h2>\n<p>Dimensions de la bo\u00eete : (38x16x29) cm.<\/p>\n<p>Poids total de la bo\u00eete : 12,5 kg.<\/p>\n<p>Ar\u00f4mes verts frais : fruit\u00e9 vert intense, avec des attributs positifs et \u00e9quilibr\u00e9s d&rsquo;amertume et de piquant, et des ar\u00f4mes et des saveurs fruit\u00e9es et herbac\u00e9es avec des notes d&rsquo;herbes aromatiques et de tomate. Exquis, savoureux et complexe.<\/p>\n<p>Emballage au design innovant et fonctionnel garantissant la conservation de la haute qualit\u00e9 et du go\u00fbt naturel authentique de l&rsquo;huile.<\/p>\n","protected":false},"excerpt":{"rendered":"<p><strong>Livraison gratuite<\/strong> en p\u00e9ninsule (pour les livraisons dans les \u00eeles ou \u00e0 l&rsquo;\u00e9tranger, contactez-nous \u00e0 l&rsquo;adresse <a target=\"_new\" rel=\"noopener\">pedidos@olivapalacios.es<\/a>)<\/p>\n<p>Livraison estim\u00e9e de 24 \u00e0 48 heures.<\/p>\n<p><strong>Contenu : 4 bidons de 3 litres d&rsquo;huile d&rsquo;olive vierge extra premium de la vari\u00e9t\u00e9 d&rsquo;olive Picual.<\/strong><\/p>\n<p>Dimensions de la bo\u00eete : (38x16x29) cm<\/p>\n<p>Poids total de la bo\u00eete : 12,5 kg<\/p>\n<p><strong>Ar\u00f4mes frais et verts<\/strong> : fruit\u00e9 vert intense, avec des notes positives et \u00e9quilibr\u00e9es d&rsquo;amertume et de piquant, ainsi que des ar\u00f4mes et des saveurs fruit\u00e9es et herbac\u00e9es avec des notes d&rsquo;herbes aromatiques et de tomate. Exquis, savoureux et complexe.<\/p>\n<p>Emballage au design innovant et fonctionnel garantissant la conservation de la haute qualit\u00e9 et du go\u00fbt naturel authentique de l&rsquo;huile.<\/p>\n","protected":false},"featured_media":10862,"template":"","meta":{"_et_pb_use_builder":"","_et_pb_old_content":"","_et_gb_content_width":""},"product_brand":[],"product_cat":[84,86],"product_tag":[],"class_list":{"0":"post-10932","1":"product","2":"type-product","3":"status-publish","4":"has-post-thumbnail","6":"product_cat-extra-virgin-olive-oil","7":"product_cat-picual","9":"first","10":"instock","11":"shipping-taxable","12":"purchasable","13":"product-type-simple"},"yoast_head":"<!-- This site is optimized with the Yoast SEO plugin v27.3 - https:\/\/yoast.com\/product\/yoast-seo-wordpress\/ -->\n<title>Bidons d&#039;huile de 3 litres<\/title>\n<meta name=\"description\" content=\"Contenu : 4 carafes de 3 litres d&#039;huile d&#039;olive vierge extra Premium de la vari\u00e9t\u00e9 Picual. Palacio de Los Olivos. Livraison estim\u00e9e \u00e0 24-48 h.\" \/>\n<meta name=\"robots\" content=\"index, follow, max-snippet:-1, max-image-preview:large, max-video-preview:-1\" \/>\n<link rel=\"canonical\" href=\"https:\/\/olivapalacios.es\/product\/bidons-dhuile-de-3-litres\/\" \/>\n<meta property=\"og:locale\" content=\"fr_FR\" \/>\n<meta property=\"og:type\" content=\"article\" \/>\n<meta property=\"og:title\" content=\"Bidons d&#039;huile de 3 litres\" \/>\n<meta property=\"og:description\" content=\"Contenu : 4 carafes de 3 litres d&#039;huile d&#039;olive vierge extra Premium de la vari\u00e9t\u00e9 Picual. Palacio de Los Olivos. Livraison estim\u00e9e \u00e0 24-48 h.\" \/>\n<meta property=\"og:url\" content=\"https:\/\/olivapalacios.es\/product\/bidons-dhuile-de-3-litres\/\" \/>\n<meta property=\"og:site_name\" content=\"Olivapalacios\" \/>\n<meta property=\"article:publisher\" content=\"https:\/\/www.facebook.com\/Palaciodelosolivos\/\" \/>\n<meta property=\"article:modified_time\" content=\"2025-09-08T07:50:04+00:00\" \/>\n<meta property=\"og:image\" content=\"http:\/\/olivapalacios.es\/wp-content\/uploads\/2019\/03\/Garrafas-de-aceite-3-Litros.png\" \/>\n\t<meta property=\"og:image:width\" content=\"1190\" \/>\n\t<meta property=\"og:image:height\" content=\"1443\" \/>\n\t<meta property=\"og:image:type\" content=\"image\/png\" \/>\n<meta name=\"twitter:card\" content=\"summary_large_image\" \/>\n<meta name=\"twitter:site\" content=\"@olivapalacios\" \/>\n<meta name=\"twitter:label1\" content=\"Dur\u00e9e de lecture estim\u00e9e\" \/>\n\t<meta name=\"twitter:data1\" content=\"2 minutes\" \/>\n<script type=\"application\/ld+json\" class=\"yoast-schema-graph\">{\"@context\":\"https:\\\/\\\/schema.org\",\"@graph\":[{\"@type\":\"WebPage\",\"@id\":\"https:\\\/\\\/olivapalacios.es\\\/product\\\/bidons-dhuile-de-3-litres\\\/\",\"url\":\"https:\\\/\\\/olivapalacios.es\\\/product\\\/bidons-dhuile-de-3-litres\\\/\",\"name\":\"Bidons d'huile de 3 litres\",\"isPartOf\":{\"@id\":\"https:\\\/\\\/olivapalacios.es\\\/#website\"},\"primaryImageOfPage\":{\"@id\":\"https:\\\/\\\/olivapalacios.es\\\/product\\\/bidons-dhuile-de-3-litres\\\/#primaryimage\"},\"image\":{\"@id\":\"https:\\\/\\\/olivapalacios.es\\\/product\\\/bidons-dhuile-de-3-litres\\\/#primaryimage\"},\"thumbnailUrl\":\"https:\\\/\\\/olivapalacios.es\\\/wp-content\\\/uploads\\\/2019\\\/03\\\/Garrafas-de-aceite-3-Litros.png\",\"datePublished\":\"2024-03-14T11:57:31+00:00\",\"dateModified\":\"2025-09-08T07:50:04+00:00\",\"description\":\"Contenu : 4 carafes de 3 litres d'huile d'olive vierge extra Premium de la vari\u00e9t\u00e9 Picual. Palacio de Los Olivos. Livraison estim\u00e9e \u00e0 24-48 h.\",\"breadcrumb\":{\"@id\":\"https:\\\/\\\/olivapalacios.es\\\/product\\\/bidons-dhuile-de-3-litres\\\/#breadcrumb\"},\"inLanguage\":\"fr-FR\",\"potentialAction\":[{\"@type\":\"ReadAction\",\"target\":[\"https:\\\/\\\/olivapalacios.es\\\/product\\\/bidons-dhuile-de-3-litres\\\/\"]}]},{\"@type\":\"ImageObject\",\"inLanguage\":\"fr-FR\",\"@id\":\"https:\\\/\\\/olivapalacios.es\\\/product\\\/bidons-dhuile-de-3-litres\\\/#primaryimage\",\"url\":\"https:\\\/\\\/olivapalacios.es\\\/wp-content\\\/uploads\\\/2019\\\/03\\\/Garrafas-de-aceite-3-Litros.png\",\"contentUrl\":\"https:\\\/\\\/olivapalacios.es\\\/wp-content\\\/uploads\\\/2019\\\/03\\\/Garrafas-de-aceite-3-Litros.png\",\"width\":1190,\"height\":1443,\"caption\":\"Garrafa de aceite 3 Litros\"},{\"@type\":\"BreadcrumbList\",\"@id\":\"https:\\\/\\\/olivapalacios.es\\\/product\\\/bidons-dhuile-de-3-litres\\\/#breadcrumb\",\"itemListElement\":[{\"@type\":\"ListItem\",\"position\":1,\"name\":\"Portada\",\"item\":\"https:\\\/\\\/olivapalacios.es\\\/fr\\\/\"},{\"@type\":\"ListItem\",\"position\":2,\"name\":\"COMPRAR\",\"item\":\"https:\\\/\\\/olivapalacios.es\\\/fr\\\/comprar\\\/\"},{\"@type\":\"ListItem\",\"position\":3,\"name\":\"Bo\u00eete de 4 Canettes de 3L Palacio de Los Olivos Picual (35,95\u20ac\\\/pc)\"}]},{\"@type\":\"WebSite\",\"@id\":\"https:\\\/\\\/olivapalacios.es\\\/#website\",\"url\":\"https:\\\/\\\/olivapalacios.es\\\/\",\"name\":\"Olivapalacios\",\"description\":\"Palacio de Los Olivos, Aceite de Oliva Virgen Extra\",\"publisher\":{\"@id\":\"https:\\\/\\\/olivapalacios.es\\\/#organization\"},\"potentialAction\":[{\"@type\":\"SearchAction\",\"target\":{\"@type\":\"EntryPoint\",\"urlTemplate\":\"https:\\\/\\\/olivapalacios.es\\\/?s={search_term_string}\"},\"query-input\":{\"@type\":\"PropertyValueSpecification\",\"valueRequired\":true,\"valueName\":\"search_term_string\"}}],\"inLanguage\":\"fr-FR\"},{\"@type\":\"Organization\",\"@id\":\"https:\\\/\\\/olivapalacios.es\\\/#organization\",\"name\":\"Olivapalacios\",\"url\":\"https:\\\/\\\/olivapalacios.es\\\/\",\"logo\":{\"@type\":\"ImageObject\",\"inLanguage\":\"fr-FR\",\"@id\":\"https:\\\/\\\/olivapalacios.es\\\/#\\\/schema\\\/logo\\\/image\\\/\",\"url\":\"https:\\\/\\\/olivapalacios.es\\\/wp-content\\\/uploads\\\/2018\\\/06\\\/Logo_150-2.jpg\",\"contentUrl\":\"https:\\\/\\\/olivapalacios.es\\\/wp-content\\\/uploads\\\/2018\\\/06\\\/Logo_150-2.jpg\",\"width\":150,\"height\":143,\"caption\":\"Olivapalacios\"},\"image\":{\"@id\":\"https:\\\/\\\/olivapalacios.es\\\/#\\\/schema\\\/logo\\\/image\\\/\"},\"sameAs\":[\"https:\\\/\\\/www.facebook.com\\\/Palaciodelosolivos\\\/\",\"https:\\\/\\\/x.com\\\/olivapalacios\",\"https:\\\/\\\/www.instagram.com\\\/palaciodelosolivos\\\/\"]}]}<\/script>\n<!-- \/ Yoast SEO plugin. -->","yoast_head_json":{"title":"Bidons d'huile de 3 litres","description":"Contenu : 4 carafes de 3 litres d'huile d'olive vierge extra Premium de la vari\u00e9t\u00e9 Picual. Palacio de Los Olivos. Livraison estim\u00e9e \u00e0 24-48 h.","robots":{"index":"index","follow":"follow","max-snippet":"max-snippet:-1","max-image-preview":"max-image-preview:large","max-video-preview":"max-video-preview:-1"},"canonical":"https:\/\/olivapalacios.es\/product\/bidons-dhuile-de-3-litres\/","og_locale":"fr_FR","og_type":"article","og_title":"Bidons d'huile de 3 litres","og_description":"Contenu : 4 carafes de 3 litres d'huile d'olive vierge extra Premium de la vari\u00e9t\u00e9 Picual. Palacio de Los Olivos. Livraison estim\u00e9e \u00e0 24-48 h.","og_url":"https:\/\/olivapalacios.es\/product\/bidons-dhuile-de-3-litres\/","og_site_name":"Olivapalacios","article_publisher":"https:\/\/www.facebook.com\/Palaciodelosolivos\/","article_modified_time":"2025-09-08T07:50:04+00:00","og_image":[{"width":1190,"height":1443,"url":"http:\/\/olivapalacios.es\/wp-content\/uploads\/2019\/03\/Garrafas-de-aceite-3-Litros.png","type":"image\/png"}],"twitter_card":"summary_large_image","twitter_site":"@olivapalacios","twitter_misc":{"Dur\u00e9e de lecture estim\u00e9e":"2 minutes"},"schema":{"@context":"https:\/\/schema.org","@graph":[{"@type":"WebPage","@id":"https:\/\/olivapalacios.es\/product\/bidons-dhuile-de-3-litres\/","url":"https:\/\/olivapalacios.es\/product\/bidons-dhuile-de-3-litres\/","name":"Bidons d'huile de 3 litres","isPartOf":{"@id":"https:\/\/olivapalacios.es\/#website"},"primaryImageOfPage":{"@id":"https:\/\/olivapalacios.es\/product\/bidons-dhuile-de-3-litres\/#primaryimage"},"image":{"@id":"https:\/\/olivapalacios.es\/product\/bidons-dhuile-de-3-litres\/#primaryimage"},"thumbnailUrl":"https:\/\/olivapalacios.es\/wp-content\/uploads\/2019\/03\/Garrafas-de-aceite-3-Litros.png","datePublished":"2024-03-14T11:57:31+00:00","dateModified":"2025-09-08T07:50:04+00:00","description":"Contenu : 4 carafes de 3 litres d'huile d'olive vierge extra Premium de la vari\u00e9t\u00e9 Picual. Palacio de Los Olivos. Livraison estim\u00e9e \u00e0 24-48 h.","breadcrumb":{"@id":"https:\/\/olivapalacios.es\/product\/bidons-dhuile-de-3-litres\/#breadcrumb"},"inLanguage":"fr-FR","potentialAction":[{"@type":"ReadAction","target":["https:\/\/olivapalacios.es\/product\/bidons-dhuile-de-3-litres\/"]}]},{"@type":"ImageObject","inLanguage":"fr-FR","@id":"https:\/\/olivapalacios.es\/product\/bidons-dhuile-de-3-litres\/#primaryimage","url":"https:\/\/olivapalacios.es\/wp-content\/uploads\/2019\/03\/Garrafas-de-aceite-3-Litros.png","contentUrl":"https:\/\/olivapalacios.es\/wp-content\/uploads\/2019\/03\/Garrafas-de-aceite-3-Litros.png","width":1190,"height":1443,"caption":"Garrafa de aceite 3 Litros"},{"@type":"BreadcrumbList","@id":"https:\/\/olivapalacios.es\/product\/bidons-dhuile-de-3-litres\/#breadcrumb","itemListElement":[{"@type":"ListItem","position":1,"name":"Portada","item":"https:\/\/olivapalacios.es\/fr\/"},{"@type":"ListItem","position":2,"name":"COMPRAR","item":"https:\/\/olivapalacios.es\/fr\/comprar\/"},{"@type":"ListItem","position":3,"name":"Bo\u00eete de 4 Canettes de 3L Palacio de Los Olivos Picual (35,95\u20ac\/pc)"}]},{"@type":"WebSite","@id":"https:\/\/olivapalacios.es\/#website","url":"https:\/\/olivapalacios.es\/","name":"Olivapalacios","description":"Palacio de Los Olivos, Aceite de Oliva Virgen Extra","publisher":{"@id":"https:\/\/olivapalacios.es\/#organization"},"potentialAction":[{"@type":"SearchAction","target":{"@type":"EntryPoint","urlTemplate":"https:\/\/olivapalacios.es\/?s={search_term_string}"},"query-input":{"@type":"PropertyValueSpecification","valueRequired":true,"valueName":"search_term_string"}}],"inLanguage":"fr-FR"},{"@type":"Organization","@id":"https:\/\/olivapalacios.es\/#organization","name":"Olivapalacios","url":"https:\/\/olivapalacios.es\/","logo":{"@type":"ImageObject","inLanguage":"fr-FR","@id":"https:\/\/olivapalacios.es\/#\/schema\/logo\/image\/","url":"https:\/\/olivapalacios.es\/wp-content\/uploads\/2018\/06\/Logo_150-2.jpg","contentUrl":"https:\/\/olivapalacios.es\/wp-content\/uploads\/2018\/06\/Logo_150-2.jpg","width":150,"height":143,"caption":"Olivapalacios"},"image":{"@id":"https:\/\/olivapalacios.es\/#\/schema\/logo\/image\/"},"sameAs":["https:\/\/www.facebook.com\/Palaciodelosolivos\/","https:\/\/x.com\/olivapalacios","https:\/\/www.instagram.com\/palaciodelosolivos\/"]}]}},"_links":{"self":[{"href":"https:\/\/olivapalacios.es\/fr\/wp-json\/wp\/v2\/product\/10932","targetHints":{"allow":["GET"]}}],"collection":[{"href":"https:\/\/olivapalacios.es\/fr\/wp-json\/wp\/v2\/product"}],"about":[{"href":"https:\/\/olivapalacios.es\/fr\/wp-json\/wp\/v2\/types\/product"}],"wp:featuredmedia":[{"embeddable":true,"href":"https:\/\/olivapalacios.es\/fr\/wp-json\/wp\/v2\/media\/10862"}],"wp:attachment":[{"href":"https:\/\/olivapalacios.es\/fr\/wp-json\/wp\/v2\/media?parent=10932"}],"wp:term":[{"taxonomy":"product_brand","embeddable":true,"href":"https:\/\/olivapalacios.es\/fr\/wp-json\/wp\/v2\/product_brand?post=10932"},{"taxonomy":"product_cat","embeddable":true,"href":"https:\/\/olivapalacios.es\/fr\/wp-json\/wp\/v2\/product_cat?post=10932"},{"taxonomy":"product_tag","embeddable":true,"href":"https:\/\/olivapalacios.es\/fr\/wp-json\/wp\/v2\/product_tag?post=10932"}],"curies":[{"name":"wp","href":"https:\/\/api.w.org\/{rel}","templated":true}]}}