{"id":10931,"date":"2024-03-14T12:51:56","date_gmt":"2024-03-14T11:51:56","guid":{"rendered":"https:\/\/olivapalacios.es\/?post_type=product&#038;p=10931"},"modified":"2025-09-08T09:51:23","modified_gmt":"2025-09-08T07:51:23","slug":"boite-de-4-boites-de-3l-palacio-de-los-olivos-arbequina-3575e-pc","status":"publish","type":"product","link":"https:\/\/olivapalacios.es\/fr\/produit\/boite-de-4-boites-de-3l-palacio-de-los-olivos-arbequina-3575e-pc\/","title":{"rendered":"Bo\u00eete de 4 bo\u00eetes de 3L Palacio de Los Olivos Arbequina (35,95\u20ac\/pc)"},"content":{"rendered":"<h1>Carafe \u00e0 huile d&rsquo;olive 3 litres<\/h1>\n<h2>Palacio de Los Olivos<\/h2>\n<p>Sur le site web de Palacio de Los Olivos, nous vous pr\u00e9sentons notre pack de 4 bidons d&rsquo;huile d&rsquo;olive en format 3 litres extra premium, \u00e9labor\u00e9 avec la d\u00e9licieuse vari\u00e9t\u00e9 Arbequina.<\/p>\n<p>Ce pack est un choix extraordinaire pour ceux qui appr\u00e9cient la qualit\u00e9 et la polyvalence en cuisine.<\/p>\n<p>L&rsquo;huile d&rsquo;olive vierge extra Arbequina se distingue par sa douceur et son ar\u00f4me fruit\u00e9, id\u00e9ale pour une large gamme de plats.<\/p>\n<p>Chaque bidon de 3 litres renferme un tr\u00e9sor de saveur et d&rsquo;excellence, t\u00e9moignant de notre engagement envers la qualit\u00e9 et la tradition.<\/p>\n<p>De la r\u00e9colte \u00e0 l&#8217;emballage, chaque \u00e9tape est effectu\u00e9e avec minutie pour pr\u00e9server la fra\u00eecheur et les propri\u00e9t\u00e9s naturelles de l&rsquo;huile.<\/p>\n<h2>Carafe \u00e0 huile d&rsquo;olive 3 litres<\/h2>\n<p>Avec ce pack de 4 bidons, vous aurez \u00e0 votre disposition une r\u00e9serve d&rsquo;huile premium qui sublimera vos cr\u00e9ations culinaires.<\/p>\n<p>Des salades aux rago\u00fbts, l&rsquo;huile Arbequina de Palacio de Los Olivos est un compl\u00e9ment parfait en cuisine.<\/p>\n<p>Le design fonctionnel des bidons garantit une conservation optimale de l&rsquo;huile, en maintenant sa qualit\u00e9 intacte jusqu&rsquo;\u00e0 la derni\u00e8re goutte.<\/p>\n<p>De plus, leur pr\u00e9sentation \u00e9l\u00e9gante en fait un cadeau gourmet id\u00e9al pour vos proches ou pour votre propre garde-manger.<\/p>\n<p>D\u00e9couvrez l&rsquo;excellence de l&rsquo;huile d&rsquo;olive vierge extra premium Arbequina de Palacio de Los Olivos et apportez la saveur de la M\u00e9diterran\u00e9e \u00e0 votre table \u00e0 chaque plat.<\/p>\n<p>LIVRAISON GRATUITE sur la p\u00e9ninsule (pour les livraisons insulaires ou \u00e0 l&rsquo;\u00e9tranger, veuillez nous contacter \u00e0 l&rsquo;adresse <a target=\"_new\" rel=\"noopener\">pedidos@olivapalacios.es<\/a>)<\/p>\n<p>Livraison estim\u00e9e de 24h \u00e0 48h<\/p>\n<h2>Contenu : 4 bidons de 3L d&rsquo;huile d&rsquo;olive vierge extra Premium de la vari\u00e9t\u00e9 Arbequina.<\/h2>\n<p>Dimensions de la bo\u00eete : (38x16x29) cm<\/p>\n<p>Poids total de la bo\u00eete : 12,5 kg<\/p>\n<p>Ar\u00f4mes verts frais : fruit\u00e9 vert intense, avec des attributs positifs, doux et \u00e9quilibr\u00e9s d&rsquo;amertume et de piquant, et des ar\u00f4mes et saveurs fruit\u00e9s et herbac\u00e9s avec des notes de pomme, de banane et d&rsquo;herbes vertes. Exquis, savoureux et complexe.<\/p>\n","protected":false},"excerpt":{"rendered":"<p><strong>LIVRAISON GRATUITE<\/strong> sur la p\u00e9ninsule (pour les livraisons vers les \u00eeles ou \u00e0 l&rsquo;\u00e9tranger, contactez-nous \u00e0 <a target=\"_new\" rel=\"noopener\">pedidos@olivapalacios.es<\/a>)<\/p>\n<p>Livraison estim\u00e9e de 24 \u00e0 48 heures.<\/p>\n<p><strong>Contenu : 4 bo\u00eetes de 3 litres d&rsquo;huile d&rsquo;olive vierge extra premium de la vari\u00e9t\u00e9 d&rsquo;olive Arbequina.<\/strong><\/p>\n<p>Dimensions de la bo\u00eete : (38x16x29) cm.<\/p>\n<p>Poids total de la bo\u00eete : 12,5 kg.<\/p>\n<p><strong>Ar\u00f4mes frais et verts<\/strong> : fruit\u00e9 vert intense, avec des notes positives, douces et \u00e9quilibr\u00e9es d&rsquo;amertume et de piquant, et des ar\u00f4mes et des saveurs fruit\u00e9s et herbac\u00e9s avec des touches de pomme, de banane et d&rsquo;herbes vertes. Exquis, savoureux et complexe.<\/p>\n<ul>\n<li>Emballage au design innovant et fonctionnel garantissant la conservation de la haute qualit\u00e9 et du go\u00fbt naturel authentique de l&rsquo;huile.<\/li>\n<\/ul>\n","protected":false},"featured_media":9449,"template":"","meta":{"_et_pb_use_builder":"","_et_pb_old_content":"","_et_gb_content_width":""},"product_brand":[],"product_cat":[87,84],"product_tag":[],"class_list":{"0":"post-10931","1":"product","2":"type-product","3":"status-publish","4":"has-post-thumbnail","6":"product_cat-arbequina","7":"product_cat-extra-virgin-olive-oil","9":"first","10":"instock","11":"shipping-taxable","12":"purchasable","13":"product-type-simple"},"yoast_head":"<!-- This site is optimized with the Yoast SEO plugin v27.3 - https:\/\/yoast.com\/product\/yoast-seo-wordpress\/ -->\n<title>Carafe \u00e0 huile d&#039;olive 3 litres<\/title>\n<meta name=\"description\" content=\"Contenu : 4 unit\u00e9s d&#039;huile d&#039;olive Carafe de 3 litres d&#039;huile d&#039;olive extra vierge Vari\u00e9t\u00e9 Premium : Arbequina. Palacio de Los Olivos.\" \/>\n<meta name=\"robots\" content=\"index, follow, max-snippet:-1, max-image-preview:large, max-video-preview:-1\" \/>\n<link rel=\"canonical\" href=\"https:\/\/olivapalacios.es\/product\/boite-de-4-boites-de-3l-palacio-de-los-olivos-arbequina-3575e-pc\/\" \/>\n<meta property=\"og:locale\" content=\"fr_FR\" \/>\n<meta property=\"og:type\" content=\"article\" \/>\n<meta property=\"og:title\" content=\"Carafe \u00e0 huile d&#039;olive 3 litres\" \/>\n<meta property=\"og:description\" content=\"Contenu : 4 unit\u00e9s d&#039;huile d&#039;olive Carafe de 3 litres d&#039;huile d&#039;olive extra vierge Vari\u00e9t\u00e9 Premium : Arbequina. Palacio de Los Olivos.\" \/>\n<meta property=\"og:url\" content=\"https:\/\/olivapalacios.es\/product\/boite-de-4-boites-de-3l-palacio-de-los-olivos-arbequina-3575e-pc\/\" \/>\n<meta property=\"og:site_name\" content=\"Olivapalacios\" \/>\n<meta property=\"article:publisher\" content=\"https:\/\/www.facebook.com\/Palaciodelosolivos\/\" \/>\n<meta property=\"article:modified_time\" content=\"2025-09-08T07:51:23+00:00\" \/>\n<meta property=\"og:image\" content=\"http:\/\/olivapalacios.es\/wp-content\/uploads\/2019\/03\/Aceite-de-oliva-Garrafa-3Litros.png\" \/>\n\t<meta property=\"og:image:width\" content=\"1190\" \/>\n\t<meta property=\"og:image:height\" content=\"1443\" \/>\n\t<meta property=\"og:image:type\" content=\"image\/png\" \/>\n<meta name=\"twitter:card\" content=\"summary_large_image\" \/>\n<meta name=\"twitter:site\" content=\"@olivapalacios\" \/>\n<meta name=\"twitter:label1\" content=\"Dur\u00e9e de lecture estim\u00e9e\" \/>\n\t<meta name=\"twitter:data1\" content=\"2 minutes\" \/>\n<script type=\"application\/ld+json\" class=\"yoast-schema-graph\">{\"@context\":\"https:\\\/\\\/schema.org\",\"@graph\":[{\"@type\":\"WebPage\",\"@id\":\"https:\\\/\\\/olivapalacios.es\\\/product\\\/boite-de-4-boites-de-3l-palacio-de-los-olivos-arbequina-3575e-pc\\\/\",\"url\":\"https:\\\/\\\/olivapalacios.es\\\/product\\\/boite-de-4-boites-de-3l-palacio-de-los-olivos-arbequina-3575e-pc\\\/\",\"name\":\"Carafe \u00e0 huile d'olive 3 litres\",\"isPartOf\":{\"@id\":\"https:\\\/\\\/olivapalacios.es\\\/#website\"},\"primaryImageOfPage\":{\"@id\":\"https:\\\/\\\/olivapalacios.es\\\/product\\\/boite-de-4-boites-de-3l-palacio-de-los-olivos-arbequina-3575e-pc\\\/#primaryimage\"},\"image\":{\"@id\":\"https:\\\/\\\/olivapalacios.es\\\/product\\\/boite-de-4-boites-de-3l-palacio-de-los-olivos-arbequina-3575e-pc\\\/#primaryimage\"},\"thumbnailUrl\":\"https:\\\/\\\/olivapalacios.es\\\/wp-content\\\/uploads\\\/2019\\\/03\\\/Aceite-de-oliva-Garrafa-3Litros.png\",\"datePublished\":\"2024-03-14T11:51:56+00:00\",\"dateModified\":\"2025-09-08T07:51:23+00:00\",\"description\":\"Contenu : 4 unit\u00e9s d'huile d'olive Carafe de 3 litres d'huile d'olive extra vierge Vari\u00e9t\u00e9 Premium : Arbequina. Palacio de Los Olivos.\",\"breadcrumb\":{\"@id\":\"https:\\\/\\\/olivapalacios.es\\\/product\\\/boite-de-4-boites-de-3l-palacio-de-los-olivos-arbequina-3575e-pc\\\/#breadcrumb\"},\"inLanguage\":\"fr-FR\",\"potentialAction\":[{\"@type\":\"ReadAction\",\"target\":[\"https:\\\/\\\/olivapalacios.es\\\/product\\\/boite-de-4-boites-de-3l-palacio-de-los-olivos-arbequina-3575e-pc\\\/\"]}]},{\"@type\":\"ImageObject\",\"inLanguage\":\"fr-FR\",\"@id\":\"https:\\\/\\\/olivapalacios.es\\\/product\\\/boite-de-4-boites-de-3l-palacio-de-los-olivos-arbequina-3575e-pc\\\/#primaryimage\",\"url\":\"https:\\\/\\\/olivapalacios.es\\\/wp-content\\\/uploads\\\/2019\\\/03\\\/Aceite-de-oliva-Garrafa-3Litros.png\",\"contentUrl\":\"https:\\\/\\\/olivapalacios.es\\\/wp-content\\\/uploads\\\/2019\\\/03\\\/Aceite-de-oliva-Garrafa-3Litros.png\",\"width\":1190,\"height\":1443,\"caption\":\"Carafe \u00e0 huile d'olive 3 litres\"},{\"@type\":\"BreadcrumbList\",\"@id\":\"https:\\\/\\\/olivapalacios.es\\\/product\\\/boite-de-4-boites-de-3l-palacio-de-los-olivos-arbequina-3575e-pc\\\/#breadcrumb\",\"itemListElement\":[{\"@type\":\"ListItem\",\"position\":1,\"name\":\"Portada\",\"item\":\"https:\\\/\\\/olivapalacios.es\\\/fr\\\/\"},{\"@type\":\"ListItem\",\"position\":2,\"name\":\"COMPRAR\",\"item\":\"https:\\\/\\\/olivapalacios.es\\\/fr\\\/comprar\\\/\"},{\"@type\":\"ListItem\",\"position\":3,\"name\":\"Bo\u00eete de 4 bo\u00eetes de 3L Palacio de Los Olivos Arbequina (35,95\u20ac\\\/pc)\"}]},{\"@type\":\"WebSite\",\"@id\":\"https:\\\/\\\/olivapalacios.es\\\/#website\",\"url\":\"https:\\\/\\\/olivapalacios.es\\\/\",\"name\":\"Olivapalacios\",\"description\":\"Palacio de Los Olivos, Aceite de Oliva Virgen Extra\",\"publisher\":{\"@id\":\"https:\\\/\\\/olivapalacios.es\\\/#organization\"},\"potentialAction\":[{\"@type\":\"SearchAction\",\"target\":{\"@type\":\"EntryPoint\",\"urlTemplate\":\"https:\\\/\\\/olivapalacios.es\\\/?s={search_term_string}\"},\"query-input\":{\"@type\":\"PropertyValueSpecification\",\"valueRequired\":true,\"valueName\":\"search_term_string\"}}],\"inLanguage\":\"fr-FR\"},{\"@type\":\"Organization\",\"@id\":\"https:\\\/\\\/olivapalacios.es\\\/#organization\",\"name\":\"Olivapalacios\",\"url\":\"https:\\\/\\\/olivapalacios.es\\\/\",\"logo\":{\"@type\":\"ImageObject\",\"inLanguage\":\"fr-FR\",\"@id\":\"https:\\\/\\\/olivapalacios.es\\\/#\\\/schema\\\/logo\\\/image\\\/\",\"url\":\"https:\\\/\\\/olivapalacios.es\\\/wp-content\\\/uploads\\\/2018\\\/06\\\/Logo_150-2.jpg\",\"contentUrl\":\"https:\\\/\\\/olivapalacios.es\\\/wp-content\\\/uploads\\\/2018\\\/06\\\/Logo_150-2.jpg\",\"width\":150,\"height\":143,\"caption\":\"Olivapalacios\"},\"image\":{\"@id\":\"https:\\\/\\\/olivapalacios.es\\\/#\\\/schema\\\/logo\\\/image\\\/\"},\"sameAs\":[\"https:\\\/\\\/www.facebook.com\\\/Palaciodelosolivos\\\/\",\"https:\\\/\\\/x.com\\\/olivapalacios\",\"https:\\\/\\\/www.instagram.com\\\/palaciodelosolivos\\\/\"]}]}<\/script>\n<!-- \/ Yoast SEO plugin. -->","yoast_head_json":{"title":"Carafe \u00e0 huile d'olive 3 litres","description":"Contenu : 4 unit\u00e9s d'huile d'olive Carafe de 3 litres d'huile d'olive extra vierge Vari\u00e9t\u00e9 Premium : Arbequina. Palacio de Los Olivos.","robots":{"index":"index","follow":"follow","max-snippet":"max-snippet:-1","max-image-preview":"max-image-preview:large","max-video-preview":"max-video-preview:-1"},"canonical":"https:\/\/olivapalacios.es\/product\/boite-de-4-boites-de-3l-palacio-de-los-olivos-arbequina-3575e-pc\/","og_locale":"fr_FR","og_type":"article","og_title":"Carafe \u00e0 huile d'olive 3 litres","og_description":"Contenu : 4 unit\u00e9s d'huile d'olive Carafe de 3 litres d'huile d'olive extra vierge Vari\u00e9t\u00e9 Premium : Arbequina. Palacio de Los Olivos.","og_url":"https:\/\/olivapalacios.es\/product\/boite-de-4-boites-de-3l-palacio-de-los-olivos-arbequina-3575e-pc\/","og_site_name":"Olivapalacios","article_publisher":"https:\/\/www.facebook.com\/Palaciodelosolivos\/","article_modified_time":"2025-09-08T07:51:23+00:00","og_image":[{"width":1190,"height":1443,"url":"http:\/\/olivapalacios.es\/wp-content\/uploads\/2019\/03\/Aceite-de-oliva-Garrafa-3Litros.png","type":"image\/png"}],"twitter_card":"summary_large_image","twitter_site":"@olivapalacios","twitter_misc":{"Dur\u00e9e de lecture estim\u00e9e":"2 minutes"},"schema":{"@context":"https:\/\/schema.org","@graph":[{"@type":"WebPage","@id":"https:\/\/olivapalacios.es\/product\/boite-de-4-boites-de-3l-palacio-de-los-olivos-arbequina-3575e-pc\/","url":"https:\/\/olivapalacios.es\/product\/boite-de-4-boites-de-3l-palacio-de-los-olivos-arbequina-3575e-pc\/","name":"Carafe \u00e0 huile d'olive 3 litres","isPartOf":{"@id":"https:\/\/olivapalacios.es\/#website"},"primaryImageOfPage":{"@id":"https:\/\/olivapalacios.es\/product\/boite-de-4-boites-de-3l-palacio-de-los-olivos-arbequina-3575e-pc\/#primaryimage"},"image":{"@id":"https:\/\/olivapalacios.es\/product\/boite-de-4-boites-de-3l-palacio-de-los-olivos-arbequina-3575e-pc\/#primaryimage"},"thumbnailUrl":"https:\/\/olivapalacios.es\/wp-content\/uploads\/2019\/03\/Aceite-de-oliva-Garrafa-3Litros.png","datePublished":"2024-03-14T11:51:56+00:00","dateModified":"2025-09-08T07:51:23+00:00","description":"Contenu : 4 unit\u00e9s d'huile d'olive Carafe de 3 litres d'huile d'olive extra vierge Vari\u00e9t\u00e9 Premium : Arbequina. Palacio de Los Olivos.","breadcrumb":{"@id":"https:\/\/olivapalacios.es\/product\/boite-de-4-boites-de-3l-palacio-de-los-olivos-arbequina-3575e-pc\/#breadcrumb"},"inLanguage":"fr-FR","potentialAction":[{"@type":"ReadAction","target":["https:\/\/olivapalacios.es\/product\/boite-de-4-boites-de-3l-palacio-de-los-olivos-arbequina-3575e-pc\/"]}]},{"@type":"ImageObject","inLanguage":"fr-FR","@id":"https:\/\/olivapalacios.es\/product\/boite-de-4-boites-de-3l-palacio-de-los-olivos-arbequina-3575e-pc\/#primaryimage","url":"https:\/\/olivapalacios.es\/wp-content\/uploads\/2019\/03\/Aceite-de-oliva-Garrafa-3Litros.png","contentUrl":"https:\/\/olivapalacios.es\/wp-content\/uploads\/2019\/03\/Aceite-de-oliva-Garrafa-3Litros.png","width":1190,"height":1443,"caption":"Carafe \u00e0 huile d'olive 3 litres"},{"@type":"BreadcrumbList","@id":"https:\/\/olivapalacios.es\/product\/boite-de-4-boites-de-3l-palacio-de-los-olivos-arbequina-3575e-pc\/#breadcrumb","itemListElement":[{"@type":"ListItem","position":1,"name":"Portada","item":"https:\/\/olivapalacios.es\/fr\/"},{"@type":"ListItem","position":2,"name":"COMPRAR","item":"https:\/\/olivapalacios.es\/fr\/comprar\/"},{"@type":"ListItem","position":3,"name":"Bo\u00eete de 4 bo\u00eetes de 3L Palacio de Los Olivos Arbequina (35,95\u20ac\/pc)"}]},{"@type":"WebSite","@id":"https:\/\/olivapalacios.es\/#website","url":"https:\/\/olivapalacios.es\/","name":"Olivapalacios","description":"Palacio de Los Olivos, Aceite de Oliva Virgen Extra","publisher":{"@id":"https:\/\/olivapalacios.es\/#organization"},"potentialAction":[{"@type":"SearchAction","target":{"@type":"EntryPoint","urlTemplate":"https:\/\/olivapalacios.es\/?s={search_term_string}"},"query-input":{"@type":"PropertyValueSpecification","valueRequired":true,"valueName":"search_term_string"}}],"inLanguage":"fr-FR"},{"@type":"Organization","@id":"https:\/\/olivapalacios.es\/#organization","name":"Olivapalacios","url":"https:\/\/olivapalacios.es\/","logo":{"@type":"ImageObject","inLanguage":"fr-FR","@id":"https:\/\/olivapalacios.es\/#\/schema\/logo\/image\/","url":"https:\/\/olivapalacios.es\/wp-content\/uploads\/2018\/06\/Logo_150-2.jpg","contentUrl":"https:\/\/olivapalacios.es\/wp-content\/uploads\/2018\/06\/Logo_150-2.jpg","width":150,"height":143,"caption":"Olivapalacios"},"image":{"@id":"https:\/\/olivapalacios.es\/#\/schema\/logo\/image\/"},"sameAs":["https:\/\/www.facebook.com\/Palaciodelosolivos\/","https:\/\/x.com\/olivapalacios","https:\/\/www.instagram.com\/palaciodelosolivos\/"]}]}},"_links":{"self":[{"href":"https:\/\/olivapalacios.es\/fr\/wp-json\/wp\/v2\/product\/10931","targetHints":{"allow":["GET"]}}],"collection":[{"href":"https:\/\/olivapalacios.es\/fr\/wp-json\/wp\/v2\/product"}],"about":[{"href":"https:\/\/olivapalacios.es\/fr\/wp-json\/wp\/v2\/types\/product"}],"wp:featuredmedia":[{"embeddable":true,"href":"https:\/\/olivapalacios.es\/fr\/wp-json\/wp\/v2\/media\/9449"}],"wp:attachment":[{"href":"https:\/\/olivapalacios.es\/fr\/wp-json\/wp\/v2\/media?parent=10931"}],"wp:term":[{"taxonomy":"product_brand","embeddable":true,"href":"https:\/\/olivapalacios.es\/fr\/wp-json\/wp\/v2\/product_brand?post=10931"},{"taxonomy":"product_cat","embeddable":true,"href":"https:\/\/olivapalacios.es\/fr\/wp-json\/wp\/v2\/product_cat?post=10931"},{"taxonomy":"product_tag","embeddable":true,"href":"https:\/\/olivapalacios.es\/fr\/wp-json\/wp\/v2\/product_tag?post=10931"}],"curies":[{"name":"wp","href":"https:\/\/api.w.org\/{rel}","templated":true}]}}