{"id":10929,"date":"2024-03-14T12:44:00","date_gmt":"2024-03-14T11:44:00","guid":{"rendered":"https:\/\/olivapalacios.es\/?post_type=product&#038;p=10929"},"modified":"2025-09-08T09:53:57","modified_gmt":"2025-09-08T07:53:57","slug":"cadeau-original-coffret-premium","status":"publish","type":"product","link":"https:\/\/olivapalacios.es\/fr\/produit\/cadeau-original-coffret-premium\/","title":{"rendered":"Bo\u00eete de 6 caisses de 500ml Palacio de Los Olivos Picual (12,08\u20ac\/unit\u00e9)"},"content":{"rendered":"<h1>Cadeau Original Coffret Premium<\/h1>\n<h2>Palacio de Los Olivos<\/h2>\n<p>Au Palacio de los Olivos, nous sommes heureux de vous pr\u00e9senter notre Cadeau Original Coffret Premium d&rsquo;huile d&rsquo;olive vierge extra, \u00e9labor\u00e9 avec la vari\u00e9t\u00e9 Picual, un v\u00e9ritable joyau de la gastronomie m\u00e9diterran\u00e9enne qui ravira les palais les plus exigeants.<\/p>\n<p>Ce coffret cadeau est bien plus qu&rsquo;un simple cadeau : c&rsquo;est une exp\u00e9rience sensorielle qui vous transportera vers les champs ensoleill\u00e9s de Castille-la-Manche, o\u00f9 nos olives poussent sous le chaud soleil et se transforment en l&rsquo;\u00e9lixir dor\u00e9 qu&rsquo;est l&rsquo;huile d&rsquo;olive vierge extra.<\/p>\n<p>Chaque coffret est soigneusement con\u00e7u pour capturer l&rsquo;essence et l&rsquo;\u00e9l\u00e9gance du Palacio de los Olivos.<\/p>\n<h2>Cadeau Original Coffret Premium<\/h2>\n<p>Vous trouverez une bouteille de notre huile d&rsquo;olive vierge extra Picual, une vari\u00e9t\u00e9 reconnue pour son go\u00fbt intense et son ar\u00f4me frais et fruit\u00e9. Chaque goutte de cette huile est un hommage \u00e0 la tradition et \u00e0 la qualit\u00e9 qui nous distingue.<\/p>\n<p>En plus de l&rsquo;exquise huile, notre coffret cadeau comprend \u00e9galement d&rsquo;autres d\u00e9tails qui rehaussent l&rsquo;exp\u00e9rience gastronomique. Du design \u00e9l\u00e9gant de la bo\u00eete aux petits extras comme un bec verseur anti-goutte ou un livre de recettes, chaque \u00e9l\u00e9ment a \u00e9t\u00e9 s\u00e9lectionn\u00e9 avec soin pour vous offrir une exp\u00e9rience compl\u00e8te et m\u00e9morable.<\/p>\n<p>Que ce soit pour surprendre un \u00eatre cher ou pour vous faire plaisir, notre coffret cadeau d&rsquo;huile d&rsquo;olive vierge extra Picual est le choix parfait. Que ce soit pour un d\u00eener intime ou une c\u00e9l\u00e9bration sp\u00e9ciale, ce cadeau sera toujours bien accueilli et appr\u00e9ci\u00e9 pour son exquisit\u00e9 et son bon go\u00fbt.<\/p>\n<p>Au Palacio de los Olivos, nous sommes fiers de partager notre passion pour l&rsquo;huile d&rsquo;olive vierge extra avec le monde. Avec chaque coffret cadeau, nous apportons un peu de notre terre et de notre tradition \u00e0 votre table, afin que vous puissiez profiter de l&rsquo;authentique essence de la M\u00e9diterran\u00e9e \u00e0 chaque bouch\u00e9e.<\/p>\n<p>LIVRAISON GRATUITE en p\u00e9ninsule (pour les envois insulaires ou \u00e0 l&rsquo;\u00e9tranger, contactez-nous \u00e0 <a target=\"_new\" rel=\"noopener\">pedidos@olivapalacios.es<\/a>)<\/p>\n<p>Livraison estim\u00e9e 24h-48h<\/p>\n<h2>Contenu : 6 Coffrets + 6 Bouteilles en verre de 500ml d&rsquo;huile d&rsquo;olive vierge extra Premium de la vari\u00e9t\u00e9 d&rsquo;olive Picual.<\/h2>\n<p>Dimensions de la bo\u00eete : (29x12x30) cm<\/p>\n<p>Poids total de la bo\u00eete : 6,9 kg<\/p>\n<p>Ar\u00f4mes frais et verts : fruit\u00e9 vert intense, avec des attributs positifs, doux et \u00e9quilibr\u00e9s d&rsquo;amertume et de piquant, et des ar\u00f4mes et saveurs fruit\u00e9s et herbac\u00e9s avec des notes de pomme, de banane et d&rsquo;herbes fra\u00eeches. Exquis, savoureux et complexe.<\/p>\n<p>Emballage au design innovant et fonctionnel garantissant la conservation de la haute qualit\u00e9 et du go\u00fbt naturel authentique de l&rsquo;huile.<\/p>\n","protected":false},"excerpt":{"rendered":"<p><strong>Livraison gratuite<\/strong> en p\u00e9ninsule (pour les envois insulaires ou \u00e0 l&rsquo;\u00e9tranger, veuillez nous contacter \u00e0 <a target=\"_new\" rel=\"noopener\">pedidos@olivapalacios.es<\/a>)<\/p>\n<p>Livraison estim\u00e9e 24h-48h<\/p>\n<p><strong>Contenu : 6 Coffrets + 6 Bouteilles en verre de 500ml d&rsquo;huile d&rsquo;olive vierge extra Premium de vari\u00e9t\u00e9 d&rsquo;olive Picual.<\/strong><\/p>\n<p>Dimensions de la bo\u00eete : (29x12x30) cm<\/p>\n<p>Poids total de la bo\u00eete : 6,9 kg<\/p>\n<p><strong>Ar\u00f4mes frais et verts<\/strong> : fruit\u00e9 vert intense, avec des attributs positifs, doux et \u00e9quilibr\u00e9s d&rsquo;amertume et de piquant, et des ar\u00f4mes et saveurs fruit\u00e9s et herbac\u00e9s avec des notes de pomme, de banane et d&rsquo;herbes fra\u00eeches. Exquis, savoureux et complexe.<\/p>\n<p>Emballage au design innovant et fonctionnel garantissant la conservation de la haute qualit\u00e9 et du go\u00fbt naturel authentique de l&rsquo;huile.<\/p>\n","protected":false},"featured_media":9425,"template":"","meta":{"_et_pb_use_builder":"","_et_pb_old_content":"","_et_gb_content_width":""},"product_brand":[],"product_cat":[84,86],"product_tag":[],"class_list":{"0":"post-10929","1":"product","2":"type-product","3":"status-publish","4":"has-post-thumbnail","6":"product_cat-extra-virgin-olive-oil","7":"product_cat-picual","9":"first","10":"instock","11":"shipping-taxable","12":"purchasable","13":"product-type-simple"},"yoast_head":"<!-- This site is optimized with the Yoast SEO plugin v27.3 - https:\/\/yoast.com\/product\/yoast-seo-wordpress\/ -->\n<title>Cadeau Original Coffret Premium<\/title>\n<meta name=\"description\" content=\"Cadeau Original Premium de 500 ml de la vari\u00e9t\u00e9 Picual, huile d&#039;olive vierge extra de luxe. Entreprise familiale. Produit : Palacio de los Olivos.\" \/>\n<meta name=\"robots\" content=\"index, follow, max-snippet:-1, max-image-preview:large, max-video-preview:-1\" \/>\n<link rel=\"canonical\" href=\"https:\/\/olivapalacios.es\/product\/cadeau-original-coffret-premium\/\" \/>\n<meta property=\"og:locale\" content=\"fr_FR\" \/>\n<meta property=\"og:type\" content=\"article\" \/>\n<meta property=\"og:title\" content=\"Cadeau Original Coffret Premium\" \/>\n<meta property=\"og:description\" content=\"Cadeau Original Premium de 500 ml de la vari\u00e9t\u00e9 Picual, huile d&#039;olive vierge extra de luxe. Entreprise familiale. Produit : Palacio de los Olivos.\" \/>\n<meta property=\"og:url\" content=\"https:\/\/olivapalacios.es\/product\/cadeau-original-coffret-premium\/\" \/>\n<meta property=\"og:site_name\" content=\"Olivapalacios\" \/>\n<meta property=\"article:publisher\" content=\"https:\/\/www.facebook.com\/Palaciodelosolivos\/\" \/>\n<meta property=\"article:modified_time\" content=\"2025-09-08T07:53:57+00:00\" \/>\n<meta property=\"og:image\" content=\"http:\/\/olivapalacios.es\/wp-content\/uploads\/2019\/03\/Regalo-Original-Estuche-Premium.jpg\" \/>\n\t<meta property=\"og:image:width\" content=\"800\" \/>\n\t<meta property=\"og:image:height\" content=\"1067\" \/>\n\t<meta property=\"og:image:type\" content=\"image\/jpeg\" \/>\n<meta name=\"twitter:card\" content=\"summary_large_image\" \/>\n<meta name=\"twitter:site\" content=\"@olivapalacios\" \/>\n<meta name=\"twitter:label1\" content=\"Dur\u00e9e de lecture estim\u00e9e\" \/>\n\t<meta name=\"twitter:data1\" content=\"3 minutes\" \/>\n<script type=\"application\/ld+json\" class=\"yoast-schema-graph\">{\"@context\":\"https:\\\/\\\/schema.org\",\"@graph\":[{\"@type\":\"WebPage\",\"@id\":\"https:\\\/\\\/olivapalacios.es\\\/product\\\/cadeau-original-coffret-premium\\\/\",\"url\":\"https:\\\/\\\/olivapalacios.es\\\/product\\\/cadeau-original-coffret-premium\\\/\",\"name\":\"Cadeau Original Coffret Premium\",\"isPartOf\":{\"@id\":\"https:\\\/\\\/olivapalacios.es\\\/#website\"},\"primaryImageOfPage\":{\"@id\":\"https:\\\/\\\/olivapalacios.es\\\/product\\\/cadeau-original-coffret-premium\\\/#primaryimage\"},\"image\":{\"@id\":\"https:\\\/\\\/olivapalacios.es\\\/product\\\/cadeau-original-coffret-premium\\\/#primaryimage\"},\"thumbnailUrl\":\"https:\\\/\\\/olivapalacios.es\\\/wp-content\\\/uploads\\\/2019\\\/03\\\/Regalo-Original-Estuche-Premium.jpg\",\"datePublished\":\"2024-03-14T11:44:00+00:00\",\"dateModified\":\"2025-09-08T07:53:57+00:00\",\"description\":\"Cadeau Original Premium de 500 ml de la vari\u00e9t\u00e9 Picual, huile d'olive vierge extra de luxe. Entreprise familiale. Produit : Palacio de los Olivos.\",\"breadcrumb\":{\"@id\":\"https:\\\/\\\/olivapalacios.es\\\/product\\\/cadeau-original-coffret-premium\\\/#breadcrumb\"},\"inLanguage\":\"fr-FR\",\"potentialAction\":[{\"@type\":\"ReadAction\",\"target\":[\"https:\\\/\\\/olivapalacios.es\\\/product\\\/cadeau-original-coffret-premium\\\/\"]}]},{\"@type\":\"ImageObject\",\"inLanguage\":\"fr-FR\",\"@id\":\"https:\\\/\\\/olivapalacios.es\\\/product\\\/cadeau-original-coffret-premium\\\/#primaryimage\",\"url\":\"https:\\\/\\\/olivapalacios.es\\\/wp-content\\\/uploads\\\/2019\\\/03\\\/Regalo-Original-Estuche-Premium.jpg\",\"contentUrl\":\"https:\\\/\\\/olivapalacios.es\\\/wp-content\\\/uploads\\\/2019\\\/03\\\/Regalo-Original-Estuche-Premium.jpg\",\"width\":800,\"height\":1067,\"caption\":\"Cadeau Original Coffret Premium\"},{\"@type\":\"BreadcrumbList\",\"@id\":\"https:\\\/\\\/olivapalacios.es\\\/product\\\/cadeau-original-coffret-premium\\\/#breadcrumb\",\"itemListElement\":[{\"@type\":\"ListItem\",\"position\":1,\"name\":\"Portada\",\"item\":\"https:\\\/\\\/olivapalacios.es\\\/fr\\\/\"},{\"@type\":\"ListItem\",\"position\":2,\"name\":\"COMPRAR\",\"item\":\"https:\\\/\\\/olivapalacios.es\\\/fr\\\/comprar\\\/\"},{\"@type\":\"ListItem\",\"position\":3,\"name\":\"Bo\u00eete de 6 caisses de 500ml Palacio de Los Olivos Picual (12,08\u20ac\\\/unit\u00e9)\"}]},{\"@type\":\"WebSite\",\"@id\":\"https:\\\/\\\/olivapalacios.es\\\/#website\",\"url\":\"https:\\\/\\\/olivapalacios.es\\\/\",\"name\":\"Olivapalacios\",\"description\":\"Palacio de Los Olivos, Aceite de Oliva Virgen Extra\",\"publisher\":{\"@id\":\"https:\\\/\\\/olivapalacios.es\\\/#organization\"},\"potentialAction\":[{\"@type\":\"SearchAction\",\"target\":{\"@type\":\"EntryPoint\",\"urlTemplate\":\"https:\\\/\\\/olivapalacios.es\\\/?s={search_term_string}\"},\"query-input\":{\"@type\":\"PropertyValueSpecification\",\"valueRequired\":true,\"valueName\":\"search_term_string\"}}],\"inLanguage\":\"fr-FR\"},{\"@type\":\"Organization\",\"@id\":\"https:\\\/\\\/olivapalacios.es\\\/#organization\",\"name\":\"Olivapalacios\",\"url\":\"https:\\\/\\\/olivapalacios.es\\\/\",\"logo\":{\"@type\":\"ImageObject\",\"inLanguage\":\"fr-FR\",\"@id\":\"https:\\\/\\\/olivapalacios.es\\\/#\\\/schema\\\/logo\\\/image\\\/\",\"url\":\"https:\\\/\\\/olivapalacios.es\\\/wp-content\\\/uploads\\\/2018\\\/06\\\/Logo_150-2.jpg\",\"contentUrl\":\"https:\\\/\\\/olivapalacios.es\\\/wp-content\\\/uploads\\\/2018\\\/06\\\/Logo_150-2.jpg\",\"width\":150,\"height\":143,\"caption\":\"Olivapalacios\"},\"image\":{\"@id\":\"https:\\\/\\\/olivapalacios.es\\\/#\\\/schema\\\/logo\\\/image\\\/\"},\"sameAs\":[\"https:\\\/\\\/www.facebook.com\\\/Palaciodelosolivos\\\/\",\"https:\\\/\\\/x.com\\\/olivapalacios\",\"https:\\\/\\\/www.instagram.com\\\/palaciodelosolivos\\\/\"]}]}<\/script>\n<!-- \/ Yoast SEO plugin. -->","yoast_head_json":{"title":"Cadeau Original Coffret Premium","description":"Cadeau Original Premium de 500 ml de la vari\u00e9t\u00e9 Picual, huile d'olive vierge extra de luxe. Entreprise familiale. Produit : Palacio de los Olivos.","robots":{"index":"index","follow":"follow","max-snippet":"max-snippet:-1","max-image-preview":"max-image-preview:large","max-video-preview":"max-video-preview:-1"},"canonical":"https:\/\/olivapalacios.es\/product\/cadeau-original-coffret-premium\/","og_locale":"fr_FR","og_type":"article","og_title":"Cadeau Original Coffret Premium","og_description":"Cadeau Original Premium de 500 ml de la vari\u00e9t\u00e9 Picual, huile d'olive vierge extra de luxe. Entreprise familiale. Produit : Palacio de los Olivos.","og_url":"https:\/\/olivapalacios.es\/product\/cadeau-original-coffret-premium\/","og_site_name":"Olivapalacios","article_publisher":"https:\/\/www.facebook.com\/Palaciodelosolivos\/","article_modified_time":"2025-09-08T07:53:57+00:00","og_image":[{"width":800,"height":1067,"url":"http:\/\/olivapalacios.es\/wp-content\/uploads\/2019\/03\/Regalo-Original-Estuche-Premium.jpg","type":"image\/jpeg"}],"twitter_card":"summary_large_image","twitter_site":"@olivapalacios","twitter_misc":{"Dur\u00e9e de lecture estim\u00e9e":"3 minutes"},"schema":{"@context":"https:\/\/schema.org","@graph":[{"@type":"WebPage","@id":"https:\/\/olivapalacios.es\/product\/cadeau-original-coffret-premium\/","url":"https:\/\/olivapalacios.es\/product\/cadeau-original-coffret-premium\/","name":"Cadeau Original Coffret Premium","isPartOf":{"@id":"https:\/\/olivapalacios.es\/#website"},"primaryImageOfPage":{"@id":"https:\/\/olivapalacios.es\/product\/cadeau-original-coffret-premium\/#primaryimage"},"image":{"@id":"https:\/\/olivapalacios.es\/product\/cadeau-original-coffret-premium\/#primaryimage"},"thumbnailUrl":"https:\/\/olivapalacios.es\/wp-content\/uploads\/2019\/03\/Regalo-Original-Estuche-Premium.jpg","datePublished":"2024-03-14T11:44:00+00:00","dateModified":"2025-09-08T07:53:57+00:00","description":"Cadeau Original Premium de 500 ml de la vari\u00e9t\u00e9 Picual, huile d'olive vierge extra de luxe. Entreprise familiale. Produit : Palacio de los Olivos.","breadcrumb":{"@id":"https:\/\/olivapalacios.es\/product\/cadeau-original-coffret-premium\/#breadcrumb"},"inLanguage":"fr-FR","potentialAction":[{"@type":"ReadAction","target":["https:\/\/olivapalacios.es\/product\/cadeau-original-coffret-premium\/"]}]},{"@type":"ImageObject","inLanguage":"fr-FR","@id":"https:\/\/olivapalacios.es\/product\/cadeau-original-coffret-premium\/#primaryimage","url":"https:\/\/olivapalacios.es\/wp-content\/uploads\/2019\/03\/Regalo-Original-Estuche-Premium.jpg","contentUrl":"https:\/\/olivapalacios.es\/wp-content\/uploads\/2019\/03\/Regalo-Original-Estuche-Premium.jpg","width":800,"height":1067,"caption":"Cadeau Original Coffret Premium"},{"@type":"BreadcrumbList","@id":"https:\/\/olivapalacios.es\/product\/cadeau-original-coffret-premium\/#breadcrumb","itemListElement":[{"@type":"ListItem","position":1,"name":"Portada","item":"https:\/\/olivapalacios.es\/fr\/"},{"@type":"ListItem","position":2,"name":"COMPRAR","item":"https:\/\/olivapalacios.es\/fr\/comprar\/"},{"@type":"ListItem","position":3,"name":"Bo\u00eete de 6 caisses de 500ml Palacio de Los Olivos Picual (12,08\u20ac\/unit\u00e9)"}]},{"@type":"WebSite","@id":"https:\/\/olivapalacios.es\/#website","url":"https:\/\/olivapalacios.es\/","name":"Olivapalacios","description":"Palacio de Los Olivos, Aceite de Oliva Virgen Extra","publisher":{"@id":"https:\/\/olivapalacios.es\/#organization"},"potentialAction":[{"@type":"SearchAction","target":{"@type":"EntryPoint","urlTemplate":"https:\/\/olivapalacios.es\/?s={search_term_string}"},"query-input":{"@type":"PropertyValueSpecification","valueRequired":true,"valueName":"search_term_string"}}],"inLanguage":"fr-FR"},{"@type":"Organization","@id":"https:\/\/olivapalacios.es\/#organization","name":"Olivapalacios","url":"https:\/\/olivapalacios.es\/","logo":{"@type":"ImageObject","inLanguage":"fr-FR","@id":"https:\/\/olivapalacios.es\/#\/schema\/logo\/image\/","url":"https:\/\/olivapalacios.es\/wp-content\/uploads\/2018\/06\/Logo_150-2.jpg","contentUrl":"https:\/\/olivapalacios.es\/wp-content\/uploads\/2018\/06\/Logo_150-2.jpg","width":150,"height":143,"caption":"Olivapalacios"},"image":{"@id":"https:\/\/olivapalacios.es\/#\/schema\/logo\/image\/"},"sameAs":["https:\/\/www.facebook.com\/Palaciodelosolivos\/","https:\/\/x.com\/olivapalacios","https:\/\/www.instagram.com\/palaciodelosolivos\/"]}]}},"_links":{"self":[{"href":"https:\/\/olivapalacios.es\/fr\/wp-json\/wp\/v2\/product\/10929","targetHints":{"allow":["GET"]}}],"collection":[{"href":"https:\/\/olivapalacios.es\/fr\/wp-json\/wp\/v2\/product"}],"about":[{"href":"https:\/\/olivapalacios.es\/fr\/wp-json\/wp\/v2\/types\/product"}],"wp:featuredmedia":[{"embeddable":true,"href":"https:\/\/olivapalacios.es\/fr\/wp-json\/wp\/v2\/media\/9425"}],"wp:attachment":[{"href":"https:\/\/olivapalacios.es\/fr\/wp-json\/wp\/v2\/media?parent=10929"}],"wp:term":[{"taxonomy":"product_brand","embeddable":true,"href":"https:\/\/olivapalacios.es\/fr\/wp-json\/wp\/v2\/product_brand?post=10929"},{"taxonomy":"product_cat","embeddable":true,"href":"https:\/\/olivapalacios.es\/fr\/wp-json\/wp\/v2\/product_cat?post=10929"},{"taxonomy":"product_tag","embeddable":true,"href":"https:\/\/olivapalacios.es\/fr\/wp-json\/wp\/v2\/product_tag?post=10929"}],"curies":[{"name":"wp","href":"https:\/\/api.w.org\/{rel}","templated":true}]}}