{"id":10927,"date":"2024-03-14T12:36:08","date_gmt":"2024-03-14T11:36:08","guid":{"rendered":"https:\/\/olivapalacios.es\/?post_type=product&#038;p=10927"},"modified":"2024-03-14T12:36:09","modified_gmt":"2024-03-14T11:36:09","slug":"meilleur-aove-du-monde-variete-picual","status":"publish","type":"product","link":"https:\/\/olivapalacios.es\/fr\/produit\/meilleur-aove-du-monde-variete-picual\/","title":{"rendered":"Bo\u00eete de 16 bouteilles de 250ml Palacio de Los Olivos Picual (5,20\u20ac\/unit\u00e9)"},"content":{"rendered":"<h1>Meilleur AOVE du Monde Vari\u00e9t\u00e9 Picual<\/h1>\n<h2>Palacio de Los Olivos<\/h2>\n<p>Plongez dans l&rsquo;exquisit\u00e9 du Meilleur AOVE du Monde Vari\u00e9t\u00e9 Picual avec notre bouteille d&rsquo;huile d&rsquo;olive vierge extra premium de 250 ml, \u00e9labor\u00e9e avec la prestigieuse vari\u00e9t\u00e9 Picual.<\/p>\n<p>Cette bouteille est bien plus qu&rsquo;un assaisonnement, c&rsquo;est un v\u00e9ritable tr\u00e9sor culinaire qui sublimera vos plats \u00e0 de nouveaux sommets de saveur et de qualit\u00e9.<\/p>\n<p>L&rsquo;AOVE vierge extra Picual se distingue par son go\u00fbt intense et son ar\u00f4me fruit\u00e9, avec des notes herbac\u00e9es et une l\u00e9g\u00e8re touche \u00e9pic\u00e9e qui le rendent unique.<\/p>\n<p>Provenant d&rsquo;oliviers soigneusement cultiv\u00e9s dans les champs ensoleill\u00e9s d&rsquo;Espagne, cette huile est le r\u00e9sultat d&rsquo;un processus de production m\u00e9ticuleux.<\/p>\n<p>Chaque goutte de notre huile d&rsquo;olive vierge extra premium Picual est un hommage \u00e0 la qualit\u00e9 et \u00e0 l&rsquo;excellence.<\/p>\n<p>De la r\u00e9colte des olives \u00e0 leur pressage et embouteillage, chaque \u00e9tape est r\u00e9alis\u00e9e avec le plus grand soin et attention pour pr\u00e9server sa fra\u00eecheur et son go\u00fbt naturel.<\/p>\n<h2>Meilleur AOVE du Monde Vari\u00e9t\u00e9 Picual<\/h2>\n<p>Notre bouteille de 250 ml est le compagnon parfait pour vos aventures culinaires.<\/p>\n<p>Le design \u00e9l\u00e9gant et sophistiqu\u00e9 de la bouteille prot\u00e8ge non seulement l&rsquo;huile, mais met \u00e9galement en valeur sa beaut\u00e9 et son prestige. Parfaite pour offrir \u00e0 vos proches ou pour savourer lors de vos propres exp\u00e9riences gastronomiques.<\/p>\n<p>D\u00e9couvrez la v\u00e9ritable saveur de la M\u00e9diterran\u00e9e avec notre bouteille d&rsquo;huile d&rsquo;olive vierge extra premium Picual.<\/p>\n<p>Une exp\u00e9rience sensorielle unique qui vous transportera dans les champs d&rsquo;oliviers et vous fera appr\u00e9cier la v\u00e9ritable essence de la cuisine m\u00e9diterran\u00e9enne \u00e0 chaque goutte.<\/p>\n<p>LIVRAISON GRATUITE en p\u00e9ninsule (pour les envois insulaires ou \u00e0 l&rsquo;\u00e9tranger, veuillez nous contacter \u00e0 l&rsquo;adresse <a target=\"_new\" rel=\"noopener\">pedidos@olivapalacios.es<\/a>)<\/p>\n<p>Livraison estim\u00e9e 24h-48h<\/p>\n<h2>Contenu : 16 bouteilles en verre de 250 ml d&rsquo;huile d&rsquo;olive vierge extra Premium de vari\u00e9t\u00e9 d&rsquo;olive Picual.<\/h2>\n<p>Dimensions de la bo\u00eete : (30x23x20) cm<\/p>\n<p>Poids total de la bo\u00eete : 8,4 kg<\/p>\n<p>Ar\u00f4mes verts frais : fruit\u00e9 vert intense, avec des attributs positifs et \u00e9quilibr\u00e9s d&rsquo;amertume et de piquant, et des ar\u00f4mes et des saveurs fruit\u00e9s et herbac\u00e9s avec des notes d&rsquo;herbes aromatiques et de tomate. Exquis, savoureux et complexe.<\/p>\n<p>Emballage au design innovant et fonctionnel garantissant la conservation de la haute qualit\u00e9 et du go\u00fbt naturel authentique de l&rsquo;huile.<\/p>\n","protected":false},"excerpt":{"rendered":"<div class=\"react-scroll-to-bottom--css-yxrth-1n7m0yu\">\n<div class=\"flex flex-col text-sm pb-9\">\n<div class=\"w-full text-token-text-primary sm:AIPRM__conversation__response\" data-testid=\"conversation-turn-195\">\n<div class=\"px-4 py-2 justify-center text-base md:gap-6 m-auto\">\n<div class=\"flex flex-1 text-base mx-auto gap-3 md:px-5 lg:px-1 xl:px-5 md:max-w-3xl lg:max-w-[40rem] xl:max-w-[48rem] group final-completion\">\n<div class=\"relative flex w-full flex-col agent-turn\">\n<div class=\"flex-col gap-1 md:gap-3\">\n<div class=\"flex flex-grow flex-col max-w-full\">\n<div class=\"min-h-[20px] text-message flex flex-col items-start gap-3 whitespace-pre-wrap break-words [.text-message+&amp;]:mt-5 overflow-x-auto\" data-message-author-role=\"assistant\" data-message-id=\"7be5f582-b4e8-4df6-b518-49ec4aaf5c9e\">\n<div class=\"markdown prose w-full break-words dark:prose-invert light AIPRM__conversation__response\">\n<p><strong>LIVRAISON GRATUITE<\/strong> en p\u00e9ninsule (pour les envois insulaires ou \u00e0 l&rsquo;\u00e9tranger, veuillez nous contacter \u00e0 l&rsquo;adresse <a target=\"_new\" rel=\"noopener\">pedidos@olivapalacios.es<\/a>)<\/p>\n<p>Livraison estim\u00e9e 24h-48h<\/p>\n<p><strong>Contenu : 16 Bouteilles en verre de 250 ml d&rsquo;huile d&rsquo;olive vierge extra Premium de vari\u00e9t\u00e9 d&rsquo;olive Picual.<\/strong><\/p>\n<p>Dimensions de la bo\u00eete : (30x23x20) cm<\/p>\n<p>Poids total de la bo\u00eete : 8,4 kg<\/p>\n<p><strong>Ar\u00f4mes verts frais<\/strong> : fruit\u00e9 vert intense, avec des attributs positifs et \u00e9quilibr\u00e9s d&rsquo;amertume et de piquant, et des ar\u00f4mes et des saveurs fruit\u00e9s et herbac\u00e9s avec des notes d&rsquo;herbes aromatiques et de tomate. Exquis, savoureux et complexe.<\/p>\n<p>Emballage au design innovant et fonctionnel garantissant la conservation de la haute qualit\u00e9 et du go\u00fbt naturel authentique de l&rsquo;huile.<\/p>\n<\/div>\n<\/div>\n<\/div>\n<div class=\"mt-1 flex justify-start gap-3 empty:hidden\">\n<div class=\"text-gray-400 flex self-end lg:self-center items-center justify-center lg:justify-start mt-0 -ml-1 h-7 gap-[2px] visible\"><button class=\"flex items-center gap-1.5 rounded-md p-1 text-xs text-token-text-tertiary hover:text-token-text-primary md:invisible md:group-hover:visible md:group-[.final-completion]:visible\"><\/button><button class=\"flex items-center gap-1.5 rounded-md p-1 text-xs text-token-text-tertiary hover:text-token-text-primary md:invisible md:group-hover:visible md:group-[.final-completion]:visible\"><\/button><\/p>\n<div class=\"flex items-center gap-1.5 text-xs\"><\/div>\n<div class=\"flex\"><\/div>\n<\/div>\n<\/div>\n<div class=\"pr-2 lg:pr-0\"><\/div>\n<\/div>\n<\/div>\n<\/div>\n<\/div>\n<\/div>\n<\/div>\n<\/div>\n<div id=\"AIPRM__sidebar-icon\" class=\"AIPRM__p-2 AIPRM__top-12 md:AIPRM__top-2 AIPRM__p-2 AIPRM__items-center AIPRM__transition-colors AIPRM__duration-200 AIPRM__cursor-pointer AIPRM__text-sm AIPRM__rounded-md AIPRM__border AIPRM__bg-white dark:AIPRM__bg-gray-900 AIPRM__border-black\/10 dark:AIPRM__border-white\/20 hover:AIPRM__bg-gray-50 dark:hover:AIPRM__bg-gray-850 AIPRM__cursor-pointer AIPRM__fixed AIPRM__right-4 AIPRM__z-30\" title=\"Open AIPRM sidebar\"><\/div>\n","protected":false},"featured_media":10860,"template":"","meta":{"_et_pb_use_builder":"","_et_pb_old_content":"","_et_gb_content_width":""},"product_brand":[],"product_cat":[],"product_tag":[],"class_list":{"0":"post-10927","1":"product","2":"type-product","3":"status-publish","4":"has-post-thumbnail","7":"first","8":"instock","9":"shipping-taxable","10":"purchasable","11":"product-type-simple"},"yoast_head":"<!-- This site is optimized with the Yoast SEO plugin v27.3 - https:\/\/yoast.com\/product\/yoast-seo-wordpress\/ -->\n<title>Meilleur AOVE du Monde Vari\u00e9t\u00e9 Picual<\/title>\n<meta name=\"description\" content=\"Contenu : 16 Bouteilles en verre de 250ml du Meilleur AOVE du Monde Vari\u00e9t\u00e9 Picual. Palacio de Los Olivos. Livraison estim\u00e9e 24-48h.\" \/>\n<meta name=\"robots\" content=\"index, follow, max-snippet:-1, max-image-preview:large, max-video-preview:-1\" \/>\n<link rel=\"canonical\" href=\"https:\/\/olivapalacios.es\/fr\/produit\/meilleur-aove-du-monde-variete-picual\/\" \/>\n<meta property=\"og:locale\" content=\"fr_FR\" \/>\n<meta property=\"og:type\" content=\"article\" \/>\n<meta property=\"og:title\" content=\"Meilleur AOVE du Monde Vari\u00e9t\u00e9 Picual\" \/>\n<meta property=\"og:description\" content=\"Contenu : 16 Bouteilles en verre de 250ml du Meilleur AOVE du Monde Vari\u00e9t\u00e9 Picual. Palacio de Los Olivos. Livraison estim\u00e9e 24-48h.\" \/>\n<meta property=\"og:url\" content=\"https:\/\/olivapalacios.es\/fr\/produit\/meilleur-aove-du-monde-variete-picual\/\" \/>\n<meta property=\"og:site_name\" content=\"Olivapalacios\" \/>\n<meta property=\"article:publisher\" content=\"https:\/\/www.facebook.com\/Palaciodelosolivos\/\" \/>\n<meta property=\"article:modified_time\" content=\"2024-03-14T11:36:09+00:00\" \/>\n<meta property=\"og:image\" content=\"https:\/\/olivapalacios.es\/wp-content\/uploads\/2020\/07\/Mejor-AOVE-del-Mundo-Variedad-Picual.jpg\" \/>\n\t<meta property=\"og:image:width\" content=\"800\" \/>\n\t<meta property=\"og:image:height\" content=\"1067\" \/>\n\t<meta property=\"og:image:type\" content=\"image\/jpeg\" \/>\n<meta name=\"twitter:card\" content=\"summary_large_image\" \/>\n<meta name=\"twitter:site\" content=\"@olivapalacios\" \/>\n<meta name=\"twitter:label1\" content=\"Dur\u00e9e de lecture estim\u00e9e\" \/>\n\t<meta name=\"twitter:data1\" content=\"2 minutes\" \/>\n<script type=\"application\/ld+json\" class=\"yoast-schema-graph\">{\"@context\":\"https:\\\/\\\/schema.org\",\"@graph\":[{\"@type\":\"WebPage\",\"@id\":\"https:\\\/\\\/olivapalacios.es\\\/fr\\\/produit\\\/meilleur-aove-du-monde-variete-picual\\\/\",\"url\":\"https:\\\/\\\/olivapalacios.es\\\/fr\\\/produit\\\/meilleur-aove-du-monde-variete-picual\\\/\",\"name\":\"Meilleur AOVE du Monde Vari\u00e9t\u00e9 Picual\",\"isPartOf\":{\"@id\":\"https:\\\/\\\/olivapalacios.es\\\/#website\"},\"primaryImageOfPage\":{\"@id\":\"https:\\\/\\\/olivapalacios.es\\\/fr\\\/produit\\\/meilleur-aove-du-monde-variete-picual\\\/#primaryimage\"},\"image\":{\"@id\":\"https:\\\/\\\/olivapalacios.es\\\/fr\\\/produit\\\/meilleur-aove-du-monde-variete-picual\\\/#primaryimage\"},\"thumbnailUrl\":\"https:\\\/\\\/olivapalacios.es\\\/wp-content\\\/uploads\\\/2020\\\/07\\\/Mejor-AOVE-del-Mundo-Variedad-Picual.jpg\",\"datePublished\":\"2024-03-14T11:36:08+00:00\",\"dateModified\":\"2024-03-14T11:36:09+00:00\",\"description\":\"Contenu : 16 Bouteilles en verre de 250ml du Meilleur AOVE du Monde Vari\u00e9t\u00e9 Picual. Palacio de Los Olivos. Livraison estim\u00e9e 24-48h.\",\"breadcrumb\":{\"@id\":\"https:\\\/\\\/olivapalacios.es\\\/fr\\\/produit\\\/meilleur-aove-du-monde-variete-picual\\\/#breadcrumb\"},\"inLanguage\":\"fr-FR\",\"potentialAction\":[{\"@type\":\"ReadAction\",\"target\":[\"https:\\\/\\\/olivapalacios.es\\\/fr\\\/produit\\\/meilleur-aove-du-monde-variete-picual\\\/\"]}]},{\"@type\":\"ImageObject\",\"inLanguage\":\"fr-FR\",\"@id\":\"https:\\\/\\\/olivapalacios.es\\\/fr\\\/produit\\\/meilleur-aove-du-monde-variete-picual\\\/#primaryimage\",\"url\":\"https:\\\/\\\/olivapalacios.es\\\/wp-content\\\/uploads\\\/2020\\\/07\\\/Mejor-AOVE-del-Mundo-Variedad-Picual.jpg\",\"contentUrl\":\"https:\\\/\\\/olivapalacios.es\\\/wp-content\\\/uploads\\\/2020\\\/07\\\/Mejor-AOVE-del-Mundo-Variedad-Picual.jpg\",\"width\":800,\"height\":1067,\"caption\":\"Meilleur AOVE du Monde Vari\u00e9t\u00e9 Picual\"},{\"@type\":\"BreadcrumbList\",\"@id\":\"https:\\\/\\\/olivapalacios.es\\\/fr\\\/produit\\\/meilleur-aove-du-monde-variete-picual\\\/#breadcrumb\",\"itemListElement\":[{\"@type\":\"ListItem\",\"position\":1,\"name\":\"Portada\",\"item\":\"https:\\\/\\\/olivapalacios.es\\\/fr\\\/\"},{\"@type\":\"ListItem\",\"position\":2,\"name\":\"COMPRAR\",\"item\":\"https:\\\/\\\/olivapalacios.es\\\/fr\\\/comprar\\\/\"},{\"@type\":\"ListItem\",\"position\":3,\"name\":\"Bo\u00eete de 16 bouteilles de 250ml Palacio de Los Olivos Picual (5,20\u20ac\\\/unit\u00e9)\"}]},{\"@type\":\"WebSite\",\"@id\":\"https:\\\/\\\/olivapalacios.es\\\/#website\",\"url\":\"https:\\\/\\\/olivapalacios.es\\\/\",\"name\":\"Olivapalacios\",\"description\":\"Palacio de Los Olivos, Aceite de Oliva Virgen Extra\",\"publisher\":{\"@id\":\"https:\\\/\\\/olivapalacios.es\\\/#organization\"},\"potentialAction\":[{\"@type\":\"SearchAction\",\"target\":{\"@type\":\"EntryPoint\",\"urlTemplate\":\"https:\\\/\\\/olivapalacios.es\\\/?s={search_term_string}\"},\"query-input\":{\"@type\":\"PropertyValueSpecification\",\"valueRequired\":true,\"valueName\":\"search_term_string\"}}],\"inLanguage\":\"fr-FR\"},{\"@type\":\"Organization\",\"@id\":\"https:\\\/\\\/olivapalacios.es\\\/#organization\",\"name\":\"Olivapalacios\",\"url\":\"https:\\\/\\\/olivapalacios.es\\\/\",\"logo\":{\"@type\":\"ImageObject\",\"inLanguage\":\"fr-FR\",\"@id\":\"https:\\\/\\\/olivapalacios.es\\\/#\\\/schema\\\/logo\\\/image\\\/\",\"url\":\"https:\\\/\\\/olivapalacios.es\\\/wp-content\\\/uploads\\\/2018\\\/06\\\/Logo_150-2.jpg\",\"contentUrl\":\"https:\\\/\\\/olivapalacios.es\\\/wp-content\\\/uploads\\\/2018\\\/06\\\/Logo_150-2.jpg\",\"width\":150,\"height\":143,\"caption\":\"Olivapalacios\"},\"image\":{\"@id\":\"https:\\\/\\\/olivapalacios.es\\\/#\\\/schema\\\/logo\\\/image\\\/\"},\"sameAs\":[\"https:\\\/\\\/www.facebook.com\\\/Palaciodelosolivos\\\/\",\"https:\\\/\\\/x.com\\\/olivapalacios\",\"https:\\\/\\\/www.instagram.com\\\/palaciodelosolivos\\\/\"]}]}<\/script>\n<!-- \/ Yoast SEO plugin. -->","yoast_head_json":{"title":"Meilleur AOVE du Monde Vari\u00e9t\u00e9 Picual","description":"Contenu : 16 Bouteilles en verre de 250ml du Meilleur AOVE du Monde Vari\u00e9t\u00e9 Picual. Palacio de Los Olivos. Livraison estim\u00e9e 24-48h.","robots":{"index":"index","follow":"follow","max-snippet":"max-snippet:-1","max-image-preview":"max-image-preview:large","max-video-preview":"max-video-preview:-1"},"canonical":"https:\/\/olivapalacios.es\/fr\/produit\/meilleur-aove-du-monde-variete-picual\/","og_locale":"fr_FR","og_type":"article","og_title":"Meilleur AOVE du Monde Vari\u00e9t\u00e9 Picual","og_description":"Contenu : 16 Bouteilles en verre de 250ml du Meilleur AOVE du Monde Vari\u00e9t\u00e9 Picual. Palacio de Los Olivos. Livraison estim\u00e9e 24-48h.","og_url":"https:\/\/olivapalacios.es\/fr\/produit\/meilleur-aove-du-monde-variete-picual\/","og_site_name":"Olivapalacios","article_publisher":"https:\/\/www.facebook.com\/Palaciodelosolivos\/","article_modified_time":"2024-03-14T11:36:09+00:00","og_image":[{"width":800,"height":1067,"url":"https:\/\/olivapalacios.es\/wp-content\/uploads\/2020\/07\/Mejor-AOVE-del-Mundo-Variedad-Picual.jpg","type":"image\/jpeg"}],"twitter_card":"summary_large_image","twitter_site":"@olivapalacios","twitter_misc":{"Dur\u00e9e de lecture estim\u00e9e":"2 minutes"},"schema":{"@context":"https:\/\/schema.org","@graph":[{"@type":"WebPage","@id":"https:\/\/olivapalacios.es\/fr\/produit\/meilleur-aove-du-monde-variete-picual\/","url":"https:\/\/olivapalacios.es\/fr\/produit\/meilleur-aove-du-monde-variete-picual\/","name":"Meilleur AOVE du Monde Vari\u00e9t\u00e9 Picual","isPartOf":{"@id":"https:\/\/olivapalacios.es\/#website"},"primaryImageOfPage":{"@id":"https:\/\/olivapalacios.es\/fr\/produit\/meilleur-aove-du-monde-variete-picual\/#primaryimage"},"image":{"@id":"https:\/\/olivapalacios.es\/fr\/produit\/meilleur-aove-du-monde-variete-picual\/#primaryimage"},"thumbnailUrl":"https:\/\/olivapalacios.es\/wp-content\/uploads\/2020\/07\/Mejor-AOVE-del-Mundo-Variedad-Picual.jpg","datePublished":"2024-03-14T11:36:08+00:00","dateModified":"2024-03-14T11:36:09+00:00","description":"Contenu : 16 Bouteilles en verre de 250ml du Meilleur AOVE du Monde Vari\u00e9t\u00e9 Picual. Palacio de Los Olivos. Livraison estim\u00e9e 24-48h.","breadcrumb":{"@id":"https:\/\/olivapalacios.es\/fr\/produit\/meilleur-aove-du-monde-variete-picual\/#breadcrumb"},"inLanguage":"fr-FR","potentialAction":[{"@type":"ReadAction","target":["https:\/\/olivapalacios.es\/fr\/produit\/meilleur-aove-du-monde-variete-picual\/"]}]},{"@type":"ImageObject","inLanguage":"fr-FR","@id":"https:\/\/olivapalacios.es\/fr\/produit\/meilleur-aove-du-monde-variete-picual\/#primaryimage","url":"https:\/\/olivapalacios.es\/wp-content\/uploads\/2020\/07\/Mejor-AOVE-del-Mundo-Variedad-Picual.jpg","contentUrl":"https:\/\/olivapalacios.es\/wp-content\/uploads\/2020\/07\/Mejor-AOVE-del-Mundo-Variedad-Picual.jpg","width":800,"height":1067,"caption":"Meilleur AOVE du Monde Vari\u00e9t\u00e9 Picual"},{"@type":"BreadcrumbList","@id":"https:\/\/olivapalacios.es\/fr\/produit\/meilleur-aove-du-monde-variete-picual\/#breadcrumb","itemListElement":[{"@type":"ListItem","position":1,"name":"Portada","item":"https:\/\/olivapalacios.es\/fr\/"},{"@type":"ListItem","position":2,"name":"COMPRAR","item":"https:\/\/olivapalacios.es\/fr\/comprar\/"},{"@type":"ListItem","position":3,"name":"Bo\u00eete de 16 bouteilles de 250ml Palacio de Los Olivos Picual (5,20\u20ac\/unit\u00e9)"}]},{"@type":"WebSite","@id":"https:\/\/olivapalacios.es\/#website","url":"https:\/\/olivapalacios.es\/","name":"Olivapalacios","description":"Palacio de Los Olivos, Aceite de Oliva Virgen Extra","publisher":{"@id":"https:\/\/olivapalacios.es\/#organization"},"potentialAction":[{"@type":"SearchAction","target":{"@type":"EntryPoint","urlTemplate":"https:\/\/olivapalacios.es\/?s={search_term_string}"},"query-input":{"@type":"PropertyValueSpecification","valueRequired":true,"valueName":"search_term_string"}}],"inLanguage":"fr-FR"},{"@type":"Organization","@id":"https:\/\/olivapalacios.es\/#organization","name":"Olivapalacios","url":"https:\/\/olivapalacios.es\/","logo":{"@type":"ImageObject","inLanguage":"fr-FR","@id":"https:\/\/olivapalacios.es\/#\/schema\/logo\/image\/","url":"https:\/\/olivapalacios.es\/wp-content\/uploads\/2018\/06\/Logo_150-2.jpg","contentUrl":"https:\/\/olivapalacios.es\/wp-content\/uploads\/2018\/06\/Logo_150-2.jpg","width":150,"height":143,"caption":"Olivapalacios"},"image":{"@id":"https:\/\/olivapalacios.es\/#\/schema\/logo\/image\/"},"sameAs":["https:\/\/www.facebook.com\/Palaciodelosolivos\/","https:\/\/x.com\/olivapalacios","https:\/\/www.instagram.com\/palaciodelosolivos\/"]}]}},"_links":{"self":[{"href":"https:\/\/olivapalacios.es\/fr\/wp-json\/wp\/v2\/product\/10927","targetHints":{"allow":["GET"]}}],"collection":[{"href":"https:\/\/olivapalacios.es\/fr\/wp-json\/wp\/v2\/product"}],"about":[{"href":"https:\/\/olivapalacios.es\/fr\/wp-json\/wp\/v2\/types\/product"}],"wp:featuredmedia":[{"embeddable":true,"href":"https:\/\/olivapalacios.es\/fr\/wp-json\/wp\/v2\/media\/10860"}],"wp:attachment":[{"href":"https:\/\/olivapalacios.es\/fr\/wp-json\/wp\/v2\/media?parent=10927"}],"wp:term":[{"taxonomy":"product_brand","embeddable":true,"href":"https:\/\/olivapalacios.es\/fr\/wp-json\/wp\/v2\/product_brand?post=10927"},{"taxonomy":"product_cat","embeddable":true,"href":"https:\/\/olivapalacios.es\/fr\/wp-json\/wp\/v2\/product_cat?post=10927"},{"taxonomy":"product_tag","embeddable":true,"href":"https:\/\/olivapalacios.es\/fr\/wp-json\/wp\/v2\/product_tag?post=10927"}],"curies":[{"name":"wp","href":"https:\/\/api.w.org\/{rel}","templated":true}]}}