{"id":10925,"date":"2024-03-14T12:27:31","date_gmt":"2024-03-14T11:27:31","guid":{"rendered":"https:\/\/olivapalacios.es\/?post_type=product&#038;p=10925"},"modified":"2025-01-23T17:18:00","modified_gmt":"2025-01-23T16:18:00","slug":"huile-dolive-extra-vierge-arbequina","status":"publish","type":"product","link":"https:\/\/olivapalacios.es\/fr\/produit\/huile-dolive-extra-vierge-arbequina\/","title":{"rendered":"Bo\u00eete de 6 bouteilles de 500ml Palacio de Los Olivos Arbequina (9,95\u20ac\/unit\u00e9)"},"content":{"rendered":"<h1>Huile d&rsquo;olive extra vierge Arbequina<\/h1>\n<h2>Palacio de los Olivos<\/h2>\n<p>Notre huile d&rsquo;olive vierge extra, \u00e9labor\u00e9e avec les olives s\u00e9lectionn\u00e9es de la vari\u00e9t\u00e9 Arbequina, est un v\u00e9ritable tr\u00e9sor culinaire qui ravira vos sens.<\/p>\n<p>Au Palacio de los Olivos, nous sommes fiers de vous pr\u00e9senter un produit d&rsquo;une qualit\u00e9 exceptionnelle, soigneusement cultiv\u00e9 et press\u00e9 pour pr\u00e9server sa fra\u00eecheur et son go\u00fbt naturel.<\/p>\n<p>De plus, le Palacio de los Olivos se distingue par son d\u00e9licat ar\u00f4me fruit\u00e9, avec des notes de pomme et d&rsquo;amande, et une saveur douce et \u00e9quilibr\u00e9e qui rehausse chaque plat qu&rsquo;il touche. Notre passion pour l&rsquo;excellence se refl\u00e8te \u00e0 chaque \u00e9tape du processus de production, de la r\u00e9colte des olives \u00e0 leur extraction et mise en bouteille soigneuses.<\/p>\n<p>Chaque bouteille est un t\u00e9moignage de notre d\u00e9vouement \u00e0 la qualit\u00e9 et \u00e0 la tradition.<\/p>\n<p>Que ce soit pour assaisonner des salades, rehausser la saveur de vos plats pr\u00e9f\u00e9r\u00e9s ou simplement pour savourer avec un bon pain, l&rsquo;huile extra vierge Arbequina de Palacio de los Olivos est le choix parfait pour ceux qui appr\u00e9cient l&rsquo;authenticit\u00e9 et la qualit\u00e9 en cuisine.<\/p>\n<p>Plongez dans l&rsquo;exp\u00e9rience de d\u00e9guster l&rsquo;huile de Palacio de los Olivos et d\u00e9couvrez l&rsquo;authentique saveur de la cuisine m\u00e9diterran\u00e9enne dans chaque goutte.<\/p>\n<p>LIVRAISON GRATUITE sur la p\u00e9ninsule (pour les livraisons dans les \u00eeles ou \u00e0 l&rsquo;\u00e9tranger, veuillez nous contacter \u00e0 l&rsquo;adresse <a target=\"_new\" rel=\"noopener\">pedidos@olivapalacios.es<\/a>)<\/p>\n<p>Livraison estim\u00e9e de 24 \u00e0 48 heures<\/p>\n<h2>Contenu : 6 bouteilles en verre de 500 ml d&rsquo;huile d&rsquo;olive vierge extra Premium de la vari\u00e9t\u00e9 d&rsquo;olive Arbequina.<\/h2>\n<p>Dimensions de la bo\u00eete : (26x12x30) cm et un poids total de la bo\u00eete de 6,2 kg<\/p>\n<p>Ar\u00f4mes verts frais : fruit\u00e9 vert intense, avec des attributs positifs, doux et \u00e9quilibr\u00e9s d&rsquo;amertume et de piquant, et des ar\u00f4mes et des saveurs fruit\u00e9s et herbac\u00e9s avec des notes de pomme, de banane et d&rsquo;herbes vertes. Exquis, savoureux et complexe.<\/p>\n<p>Emballage au design innovant et fonctionnel garantissant la conservation de la haute qualit\u00e9 et du go\u00fbt authentique de l&rsquo;huile.<\/p>\n","protected":false},"excerpt":{"rendered":"<div class=\"flex flex-grow flex-col max-w-full\">\n<div class=\"min-h-[20px] text-message flex flex-col items-start gap-3 whitespace-pre-wrap break-words [.text-message+&amp;]:mt-5 overflow-x-auto\" data-message-author-role=\"assistant\" data-message-id=\"aa93c509-762a-46c5-a458-75d1bb735723\">\n<div class=\"markdown prose w-full break-words dark:prose-invert light AIPRM__conversation__response\">\n<p><strong>LIVRAISON GRATUITE<\/strong> sur la p\u00e9ninsule (pour les livraisons dans les \u00eeles ou \u00e0 l&rsquo;\u00e9tranger, contactez-nous \u00e0 l&rsquo;adresse <a target=\"_new\" rel=\"noopener\">pedidos@olivapalacios.es<\/a>)<\/p>\n<p>Livraison estim\u00e9e sous 24 \u00e0 48 heures<\/p>\n<p><strong>Contenu : 6 Bouteilles en verre de 500 ml d&rsquo;huile d&rsquo;olive vierge extra Premium de la vari\u00e9t\u00e9 d&rsquo;olive Arbequina.<\/strong><\/p>\n<p>Dimensions de la bo\u00eete : (26x12x30) cm<\/p>\n<p>Poids total de la bo\u00eete : 6,2 kg<\/p>\n<p><strong>Ar\u00f4mes verts frais<\/strong> : fruit\u00e9 vert intense, avec des attributs positifs, doux et \u00e9quilibr\u00e9s d&rsquo;amertume et de piquant, et des ar\u00f4mes et des saveurs fruit\u00e9s et herbac\u00e9s avec des notes de pomme, de banane et d&rsquo;herbes fra\u00eeches. Exquis, savoureux et complexe.<\/p>\n<p>Emballage au design innovant et fonctionnel garantissant la conservation de la haute qualit\u00e9 et du go\u00fbt authentique naturel de l&rsquo;huile.<\/p>\n<\/div>\n<\/div>\n<\/div>\n<div class=\"mt-1 flex justify-start gap-3 empty:hidden\">\n<div class=\"text-gray-400 flex self-end lg:self-center items-center justify-center lg:justify-start mt-0 -ml-1 h-7 gap-[2px] visible\">\n<p>&nbsp;<\/p>\n<\/div>\n<\/div>\n","protected":false},"featured_media":12596,"template":"","meta":{"_et_pb_use_builder":"","_et_pb_old_content":"","_et_gb_content_width":""},"product_brand":[],"product_cat":[],"product_tag":[],"class_list":{"0":"post-10925","1":"product","2":"type-product","3":"status-publish","4":"has-post-thumbnail","7":"first","8":"instock","9":"shipping-taxable","10":"purchasable","11":"product-type-simple"},"yoast_head":"<!-- This site is optimized with the Yoast SEO plugin v27.3 - https:\/\/yoast.com\/product\/yoast-seo-wordpress\/ -->\n<title>Huile d&#039;olive extra vierge Arbequina<\/title>\n<meta name=\"description\" content=\"6 Bouteilles en verre de 500 ml d&#039;huile d&#039;olive vierge extra Premium de la vari\u00e9t\u00e9 Arbequina. Palacio de Los Olivos. Livraison estim\u00e9e sous 24-48h.\" \/>\n<meta name=\"robots\" content=\"index, follow, max-snippet:-1, max-image-preview:large, max-video-preview:-1\" \/>\n<link rel=\"canonical\" href=\"https:\/\/olivapalacios.es\/fr\/produit\/huile-dolive-extra-vierge-arbequina\/\" \/>\n<meta property=\"og:locale\" content=\"fr_FR\" \/>\n<meta property=\"og:type\" content=\"article\" \/>\n<meta property=\"og:title\" content=\"Huile d&#039;olive extra vierge Arbequina\" \/>\n<meta property=\"og:description\" content=\"6 Bouteilles en verre de 500 ml d&#039;huile d&#039;olive vierge extra Premium de la vari\u00e9t\u00e9 Arbequina. Palacio de Los Olivos. Livraison estim\u00e9e sous 24-48h.\" \/>\n<meta property=\"og:url\" content=\"https:\/\/olivapalacios.es\/fr\/produit\/huile-dolive-extra-vierge-arbequina\/\" \/>\n<meta property=\"og:site_name\" content=\"Olivapalacios\" \/>\n<meta property=\"article:publisher\" content=\"https:\/\/www.facebook.com\/Palaciodelosolivos\/\" \/>\n<meta property=\"article:modified_time\" content=\"2025-01-23T16:18:00+00:00\" \/>\n<meta property=\"og:image\" content=\"http:\/\/olivapalacios.es\/wp-content\/uploads\/2020\/07\/arbequina_frontal-petaca-nueva-scaled.jpg\" \/>\n\t<meta property=\"og:image:width\" content=\"1920\" \/>\n\t<meta property=\"og:image:height\" content=\"2560\" \/>\n\t<meta property=\"og:image:type\" content=\"image\/jpeg\" \/>\n<meta name=\"twitter:card\" content=\"summary_large_image\" \/>\n<meta name=\"twitter:site\" content=\"@olivapalacios\" \/>\n<meta name=\"twitter:label1\" content=\"Dur\u00e9e de lecture estim\u00e9e\" \/>\n\t<meta name=\"twitter:data1\" content=\"2 minutes\" \/>\n<script type=\"application\/ld+json\" class=\"yoast-schema-graph\">{\"@context\":\"https:\\\/\\\/schema.org\",\"@graph\":[{\"@type\":\"WebPage\",\"@id\":\"https:\\\/\\\/olivapalacios.es\\\/fr\\\/produit\\\/huile-dolive-extra-vierge-arbequina\\\/\",\"url\":\"https:\\\/\\\/olivapalacios.es\\\/fr\\\/produit\\\/huile-dolive-extra-vierge-arbequina\\\/\",\"name\":\"Huile d'olive extra vierge Arbequina\",\"isPartOf\":{\"@id\":\"https:\\\/\\\/olivapalacios.es\\\/#website\"},\"primaryImageOfPage\":{\"@id\":\"https:\\\/\\\/olivapalacios.es\\\/fr\\\/produit\\\/huile-dolive-extra-vierge-arbequina\\\/#primaryimage\"},\"image\":{\"@id\":\"https:\\\/\\\/olivapalacios.es\\\/fr\\\/produit\\\/huile-dolive-extra-vierge-arbequina\\\/#primaryimage\"},\"thumbnailUrl\":\"https:\\\/\\\/olivapalacios.es\\\/wp-content\\\/uploads\\\/2020\\\/07\\\/arbequina_frontal-petaca-nueva-scaled.jpg\",\"datePublished\":\"2024-03-14T11:27:31+00:00\",\"dateModified\":\"2025-01-23T16:18:00+00:00\",\"description\":\"6 Bouteilles en verre de 500 ml d'huile d'olive vierge extra Premium de la vari\u00e9t\u00e9 Arbequina. Palacio de Los Olivos. Livraison estim\u00e9e sous 24-48h.\",\"breadcrumb\":{\"@id\":\"https:\\\/\\\/olivapalacios.es\\\/fr\\\/produit\\\/huile-dolive-extra-vierge-arbequina\\\/#breadcrumb\"},\"inLanguage\":\"fr-FR\",\"potentialAction\":[{\"@type\":\"ReadAction\",\"target\":[\"https:\\\/\\\/olivapalacios.es\\\/fr\\\/produit\\\/huile-dolive-extra-vierge-arbequina\\\/\"]}]},{\"@type\":\"ImageObject\",\"inLanguage\":\"fr-FR\",\"@id\":\"https:\\\/\\\/olivapalacios.es\\\/fr\\\/produit\\\/huile-dolive-extra-vierge-arbequina\\\/#primaryimage\",\"url\":\"https:\\\/\\\/olivapalacios.es\\\/wp-content\\\/uploads\\\/2020\\\/07\\\/arbequina_frontal-petaca-nueva-scaled.jpg\",\"contentUrl\":\"https:\\\/\\\/olivapalacios.es\\\/wp-content\\\/uploads\\\/2020\\\/07\\\/arbequina_frontal-petaca-nueva-scaled.jpg\",\"width\":1920,\"height\":2560,\"caption\":\"arbequina Palacio de los olivos, otro a\u00f1o mas siendo la variedad mas premiada\"},{\"@type\":\"BreadcrumbList\",\"@id\":\"https:\\\/\\\/olivapalacios.es\\\/fr\\\/produit\\\/huile-dolive-extra-vierge-arbequina\\\/#breadcrumb\",\"itemListElement\":[{\"@type\":\"ListItem\",\"position\":1,\"name\":\"Portada\",\"item\":\"https:\\\/\\\/olivapalacios.es\\\/fr\\\/\"},{\"@type\":\"ListItem\",\"position\":2,\"name\":\"COMPRAR\",\"item\":\"https:\\\/\\\/olivapalacios.es\\\/fr\\\/comprar\\\/\"},{\"@type\":\"ListItem\",\"position\":3,\"name\":\"Bo\u00eete de 6 bouteilles de 500ml Palacio de Los Olivos Arbequina (9,95\u20ac\\\/unit\u00e9)\"}]},{\"@type\":\"WebSite\",\"@id\":\"https:\\\/\\\/olivapalacios.es\\\/#website\",\"url\":\"https:\\\/\\\/olivapalacios.es\\\/\",\"name\":\"Olivapalacios\",\"description\":\"Palacio de Los Olivos, Aceite de Oliva Virgen Extra\",\"publisher\":{\"@id\":\"https:\\\/\\\/olivapalacios.es\\\/#organization\"},\"potentialAction\":[{\"@type\":\"SearchAction\",\"target\":{\"@type\":\"EntryPoint\",\"urlTemplate\":\"https:\\\/\\\/olivapalacios.es\\\/?s={search_term_string}\"},\"query-input\":{\"@type\":\"PropertyValueSpecification\",\"valueRequired\":true,\"valueName\":\"search_term_string\"}}],\"inLanguage\":\"fr-FR\"},{\"@type\":\"Organization\",\"@id\":\"https:\\\/\\\/olivapalacios.es\\\/#organization\",\"name\":\"Olivapalacios\",\"url\":\"https:\\\/\\\/olivapalacios.es\\\/\",\"logo\":{\"@type\":\"ImageObject\",\"inLanguage\":\"fr-FR\",\"@id\":\"https:\\\/\\\/olivapalacios.es\\\/#\\\/schema\\\/logo\\\/image\\\/\",\"url\":\"https:\\\/\\\/olivapalacios.es\\\/wp-content\\\/uploads\\\/2018\\\/06\\\/Logo_150-2.jpg\",\"contentUrl\":\"https:\\\/\\\/olivapalacios.es\\\/wp-content\\\/uploads\\\/2018\\\/06\\\/Logo_150-2.jpg\",\"width\":150,\"height\":143,\"caption\":\"Olivapalacios\"},\"image\":{\"@id\":\"https:\\\/\\\/olivapalacios.es\\\/#\\\/schema\\\/logo\\\/image\\\/\"},\"sameAs\":[\"https:\\\/\\\/www.facebook.com\\\/Palaciodelosolivos\\\/\",\"https:\\\/\\\/x.com\\\/olivapalacios\",\"https:\\\/\\\/www.instagram.com\\\/palaciodelosolivos\\\/\"]}]}<\/script>\n<!-- \/ Yoast SEO plugin. -->","yoast_head_json":{"title":"Huile d'olive extra vierge Arbequina","description":"6 Bouteilles en verre de 500 ml d'huile d'olive vierge extra Premium de la vari\u00e9t\u00e9 Arbequina. Palacio de Los Olivos. Livraison estim\u00e9e sous 24-48h.","robots":{"index":"index","follow":"follow","max-snippet":"max-snippet:-1","max-image-preview":"max-image-preview:large","max-video-preview":"max-video-preview:-1"},"canonical":"https:\/\/olivapalacios.es\/fr\/produit\/huile-dolive-extra-vierge-arbequina\/","og_locale":"fr_FR","og_type":"article","og_title":"Huile d'olive extra vierge Arbequina","og_description":"6 Bouteilles en verre de 500 ml d'huile d'olive vierge extra Premium de la vari\u00e9t\u00e9 Arbequina. Palacio de Los Olivos. Livraison estim\u00e9e sous 24-48h.","og_url":"https:\/\/olivapalacios.es\/fr\/produit\/huile-dolive-extra-vierge-arbequina\/","og_site_name":"Olivapalacios","article_publisher":"https:\/\/www.facebook.com\/Palaciodelosolivos\/","article_modified_time":"2025-01-23T16:18:00+00:00","og_image":[{"width":1920,"height":2560,"url":"http:\/\/olivapalacios.es\/wp-content\/uploads\/2020\/07\/arbequina_frontal-petaca-nueva-scaled.jpg","type":"image\/jpeg"}],"twitter_card":"summary_large_image","twitter_site":"@olivapalacios","twitter_misc":{"Dur\u00e9e de lecture estim\u00e9e":"2 minutes"},"schema":{"@context":"https:\/\/schema.org","@graph":[{"@type":"WebPage","@id":"https:\/\/olivapalacios.es\/fr\/produit\/huile-dolive-extra-vierge-arbequina\/","url":"https:\/\/olivapalacios.es\/fr\/produit\/huile-dolive-extra-vierge-arbequina\/","name":"Huile d'olive extra vierge Arbequina","isPartOf":{"@id":"https:\/\/olivapalacios.es\/#website"},"primaryImageOfPage":{"@id":"https:\/\/olivapalacios.es\/fr\/produit\/huile-dolive-extra-vierge-arbequina\/#primaryimage"},"image":{"@id":"https:\/\/olivapalacios.es\/fr\/produit\/huile-dolive-extra-vierge-arbequina\/#primaryimage"},"thumbnailUrl":"https:\/\/olivapalacios.es\/wp-content\/uploads\/2020\/07\/arbequina_frontal-petaca-nueva-scaled.jpg","datePublished":"2024-03-14T11:27:31+00:00","dateModified":"2025-01-23T16:18:00+00:00","description":"6 Bouteilles en verre de 500 ml d'huile d'olive vierge extra Premium de la vari\u00e9t\u00e9 Arbequina. Palacio de Los Olivos. Livraison estim\u00e9e sous 24-48h.","breadcrumb":{"@id":"https:\/\/olivapalacios.es\/fr\/produit\/huile-dolive-extra-vierge-arbequina\/#breadcrumb"},"inLanguage":"fr-FR","potentialAction":[{"@type":"ReadAction","target":["https:\/\/olivapalacios.es\/fr\/produit\/huile-dolive-extra-vierge-arbequina\/"]}]},{"@type":"ImageObject","inLanguage":"fr-FR","@id":"https:\/\/olivapalacios.es\/fr\/produit\/huile-dolive-extra-vierge-arbequina\/#primaryimage","url":"https:\/\/olivapalacios.es\/wp-content\/uploads\/2020\/07\/arbequina_frontal-petaca-nueva-scaled.jpg","contentUrl":"https:\/\/olivapalacios.es\/wp-content\/uploads\/2020\/07\/arbequina_frontal-petaca-nueva-scaled.jpg","width":1920,"height":2560,"caption":"arbequina Palacio de los olivos, otro a\u00f1o mas siendo la variedad mas premiada"},{"@type":"BreadcrumbList","@id":"https:\/\/olivapalacios.es\/fr\/produit\/huile-dolive-extra-vierge-arbequina\/#breadcrumb","itemListElement":[{"@type":"ListItem","position":1,"name":"Portada","item":"https:\/\/olivapalacios.es\/fr\/"},{"@type":"ListItem","position":2,"name":"COMPRAR","item":"https:\/\/olivapalacios.es\/fr\/comprar\/"},{"@type":"ListItem","position":3,"name":"Bo\u00eete de 6 bouteilles de 500ml Palacio de Los Olivos Arbequina (9,95\u20ac\/unit\u00e9)"}]},{"@type":"WebSite","@id":"https:\/\/olivapalacios.es\/#website","url":"https:\/\/olivapalacios.es\/","name":"Olivapalacios","description":"Palacio de Los Olivos, Aceite de Oliva Virgen Extra","publisher":{"@id":"https:\/\/olivapalacios.es\/#organization"},"potentialAction":[{"@type":"SearchAction","target":{"@type":"EntryPoint","urlTemplate":"https:\/\/olivapalacios.es\/?s={search_term_string}"},"query-input":{"@type":"PropertyValueSpecification","valueRequired":true,"valueName":"search_term_string"}}],"inLanguage":"fr-FR"},{"@type":"Organization","@id":"https:\/\/olivapalacios.es\/#organization","name":"Olivapalacios","url":"https:\/\/olivapalacios.es\/","logo":{"@type":"ImageObject","inLanguage":"fr-FR","@id":"https:\/\/olivapalacios.es\/#\/schema\/logo\/image\/","url":"https:\/\/olivapalacios.es\/wp-content\/uploads\/2018\/06\/Logo_150-2.jpg","contentUrl":"https:\/\/olivapalacios.es\/wp-content\/uploads\/2018\/06\/Logo_150-2.jpg","width":150,"height":143,"caption":"Olivapalacios"},"image":{"@id":"https:\/\/olivapalacios.es\/#\/schema\/logo\/image\/"},"sameAs":["https:\/\/www.facebook.com\/Palaciodelosolivos\/","https:\/\/x.com\/olivapalacios","https:\/\/www.instagram.com\/palaciodelosolivos\/"]}]}},"_links":{"self":[{"href":"https:\/\/olivapalacios.es\/fr\/wp-json\/wp\/v2\/product\/10925","targetHints":{"allow":["GET"]}}],"collection":[{"href":"https:\/\/olivapalacios.es\/fr\/wp-json\/wp\/v2\/product"}],"about":[{"href":"https:\/\/olivapalacios.es\/fr\/wp-json\/wp\/v2\/types\/product"}],"wp:featuredmedia":[{"embeddable":true,"href":"https:\/\/olivapalacios.es\/fr\/wp-json\/wp\/v2\/media\/12596"}],"wp:attachment":[{"href":"https:\/\/olivapalacios.es\/fr\/wp-json\/wp\/v2\/media?parent=10925"}],"wp:term":[{"taxonomy":"product_brand","embeddable":true,"href":"https:\/\/olivapalacios.es\/fr\/wp-json\/wp\/v2\/product_brand?post=10925"},{"taxonomy":"product_cat","embeddable":true,"href":"https:\/\/olivapalacios.es\/fr\/wp-json\/wp\/v2\/product_cat?post=10925"},{"taxonomy":"product_tag","embeddable":true,"href":"https:\/\/olivapalacios.es\/fr\/wp-json\/wp\/v2\/product_tag?post=10925"}],"curies":[{"name":"wp","href":"https:\/\/api.w.org\/{rel}","templated":true}]}}