{"id":10919,"date":"2024-03-14T12:10:33","date_gmt":"2024-03-14T11:10:33","guid":{"rendered":"https:\/\/olivapalacios.es\/?post_type=product&#038;p=10919"},"modified":"2024-03-14T12:10:34","modified_gmt":"2024-03-14T11:10:34","slug":"regalo-pack-magnum-premium-2","status":"publish","type":"product","link":"https:\/\/olivapalacios.es\/fr\/produit\/regalo-pack-magnum-premium-2\/","title":{"rendered":"Bo\u00eete avec 3 Caisses Magnum 1,5L Palacio de Los Olivos Picual (36,33\u20ac\/unit\u00e9)"},"content":{"rendered":"<h1>Regalo Pack Magnum Premium<\/h1>\n<h2>Palacio de Los Olivos<\/h2>\n<p>Plongez dans le luxe et la finesse avec notre Regalo Pack Magnum Premium de 3 Estuches 1.5L d&rsquo;huile d&rsquo;olive vierge extra, \u00e9labor\u00e9e avec la prestigieuse vari\u00e9t\u00e9 Picual par Palacio de Los Olivos.<\/p>\n<p>Ce cadeau est une v\u00e9ritable expression de l&rsquo;excellence et de la qualit\u00e9 qui nous distingue, parfait pour surprendre les amateurs de bonne cuisine et de gastronomie de qualit\u00e9.<\/p>\n<p>Les olives Picual, soigneusement s\u00e9lectionn\u00e9es et press\u00e9es, donnent naissance \u00e0 une huile d&rsquo;olive vierge extra au go\u00fbt intense, aromatique et plein de nuances qui rehaussera tout plat qu&rsquo;elle touche.<\/p>\n<h2>Regalo Pack Magnum Premium<\/h2>\n<p>Chaque \u00e9tui de ce cadeau gourmet contient une bouteille Magnum de 1.5 litres de notre exclusive huile d&rsquo;olive vierge extra Picual.<\/p>\n<p>C&rsquo;est un v\u00e9ritable tr\u00e9sor culinaire qui refl\u00e8te l&rsquo;essence m\u00eame de la cuisine m\u00e9diterran\u00e9enne. De plus, chaque \u00e9tui a \u00e9t\u00e9 con\u00e7u avec une attention particuli\u00e8re aux d\u00e9tails, depuis son \u00e9l\u00e9gante pr\u00e9sentation jusqu&rsquo;aux mat\u00e9riaux de haute qualit\u00e9 utilis\u00e9s dans sa fabrication.<\/p>\n<p>Ce Regalo Pack Magnum Premium n&rsquo;offre pas seulement une exp\u00e9rience sensorielle unique, mais repr\u00e9sente \u00e9galement un symbole d&rsquo;\u00e9l\u00e9gance et de bon go\u00fbt.<\/p>\n<p>C&rsquo;est une invitation \u00e0 profiter de la vie et des petits plaisirs que nous offre la nature.<\/p>\n<p>Avec LIVRAISON GRATUITE sur la p\u00e9ninsule (pour les livraisons dans les \u00eeles ou \u00e0 l&rsquo;\u00e9tranger, veuillez nous contacter \u00e0 l&rsquo;adresse <a target=\"_new\" rel=\"noopener\">pedidos@olivapalacios.es<\/a>), la livraison est estim\u00e9e \u00e0 24h-48h.<\/p>\n<h2>Le contenu comprend 3 Estuches Magnum + 3 Bouteilles en verre de 1,5L d&rsquo;huile d&rsquo;olive vierge extra Premium de vari\u00e9t\u00e9 d&rsquo;olive Picual.<\/h2>\n<p>Avec des dimensions de bo\u00eete de (40x20x42) cm et un poids total de bo\u00eete de 9,7 kg.<\/p>\n<p>Ce cadeau offre des ar\u00f4mes verts frais : fruit\u00e9 vert intense, avec des attributs positifs et \u00e9quilibr\u00e9s d&rsquo;amertume et de piquant, et des ar\u00f4mes et des saveurs fruit\u00e9s et herbac\u00e9s avec des notes d&rsquo;herbes aromatiques et de tomate. Exquis, savoureux et complexe.<\/p>\n<p>L&#8217;emballage au design innovant et fonctionnel garantit la conservation de la haute qualit\u00e9 et du go\u00fbt naturel authentique de l&rsquo;huile.<\/p>\n","protected":false},"excerpt":{"rendered":"<div class=\"react-scroll-to-bottom--css-yxrth-1n7m0yu\">\n<div class=\"flex flex-col text-sm pb-9\">\n<div class=\"w-full text-token-text-primary sm:AIPRM__conversation__response\" data-testid=\"conversation-turn-183\">\n<div class=\"px-4 py-2 justify-center text-base md:gap-6 m-auto\">\n<div class=\"flex flex-1 text-base mx-auto gap-3 md:px-5 lg:px-1 xl:px-5 md:max-w-3xl lg:max-w-[40rem] xl:max-w-[48rem] group final-completion\">\n<div class=\"relative flex w-full flex-col agent-turn\">\n<div class=\"flex-col gap-1 md:gap-3\">\n<div class=\"flex flex-grow flex-col max-w-full\">\n<div class=\"min-h-[20px] text-message flex flex-col items-start gap-3 whitespace-pre-wrap break-words [.text-message+&amp;]:mt-5 overflow-x-auto\" data-message-author-role=\"assistant\" data-message-id=\"9dd61424-add7-4758-8c4b-380dc60891de\">\n<div class=\"markdown prose w-full break-words dark:prose-invert light AIPRM__conversation__response\">\n<p><strong>Livraison gratuite<\/strong> sur la p\u00e9ninsule (pour les livraisons dans les \u00eeles ou \u00e0 l&rsquo;\u00e9tranger, veuillez nous contacter \u00e0 l&rsquo;adresse <a target=\"_new\" rel=\"noopener\">pedidos@olivapalacios.es<\/a>)<\/p>\n<p>Livraison estim\u00e9e de 24 \u00e0 48 heures<\/p>\n<p><strong>Contenu : 3 coffrets Magnum + 3 bouteilles en verre de 1,5 litre d&rsquo;huile d&rsquo;olive vierge extra Premium de la vari\u00e9t\u00e9 d&rsquo;olive Picual.<\/strong><\/p>\n<p>Dimensions de la bo\u00eete : (40x20x42) cm<\/p>\n<p>Poids total de la bo\u00eete : 9,7 kg<\/p>\n<p><strong>Ar\u00f4mes frais et verts<\/strong> : fruit\u00e9 vert intense, avec des attributs positifs et \u00e9quilibr\u00e9s d&rsquo;amertume et de piquant, ainsi que des ar\u00f4mes et des saveurs fruit\u00e9s et herbac\u00e9s avec des notes d&rsquo;herbes aromatiques et de tomate. Exquis, savoureux et complexe.<\/p>\n<p>Emballage au design innovant et fonctionnel garantissant la conservation de la haute qualit\u00e9 et du go\u00fbt authentique de l&rsquo;huile.<\/p>\n<\/div>\n<\/div>\n<\/div>\n<div class=\"mt-1 flex justify-start gap-3 empty:hidden\">\n<div class=\"text-gray-400 flex self-end lg:self-center items-center justify-center lg:justify-start mt-0 -ml-1 h-7 gap-[2px] visible\"><button class=\"flex items-center gap-1.5 rounded-md p-1 text-xs text-token-text-tertiary hover:text-token-text-primary md:invisible md:group-hover:visible md:group-[.final-completion]:visible\"><\/button><button class=\"flex items-center gap-1.5 rounded-md p-1 text-xs text-token-text-tertiary hover:text-token-text-primary md:invisible md:group-hover:visible md:group-[.final-completion]:visible\"><\/button><\/p>\n<div class=\"flex items-center gap-1.5 text-xs\"><\/div>\n<div class=\"flex\"><\/div>\n<\/div>\n<\/div>\n<div class=\"pr-2 lg:pr-0\"><\/div>\n<\/div>\n<\/div>\n<\/div>\n<\/div>\n<\/div>\n<\/div>\n<\/div>\n<div id=\"AIPRM__sidebar-icon\" class=\"AIPRM__p-2 AIPRM__top-12 md:AIPRM__top-2 AIPRM__p-2 AIPRM__items-center AIPRM__transition-colors AIPRM__duration-200 AIPRM__cursor-pointer AIPRM__text-sm AIPRM__rounded-md AIPRM__border AIPRM__bg-white dark:AIPRM__bg-gray-900 AIPRM__border-black\/10 dark:AIPRM__border-white\/20 hover:AIPRM__bg-gray-50 dark:hover:AIPRM__bg-gray-850 AIPRM__cursor-pointer AIPRM__fixed AIPRM__right-4 AIPRM__z-30\" title=\"Open AIPRM sidebar\"><\/div>\n","protected":false},"featured_media":9430,"template":"","meta":{"_et_pb_use_builder":"","_et_pb_old_content":"","_et_gb_content_width":""},"product_brand":[],"product_cat":[15],"product_tag":[],"class_list":{"0":"post-10919","1":"product","2":"type-product","3":"status-publish","4":"has-post-thumbnail","6":"product_cat-uncategorized","8":"first","9":"instock","10":"shipping-taxable","11":"purchasable","12":"product-type-simple"},"yoast_head":"<!-- This site is optimized with the Yoast SEO plugin v27.2 - https:\/\/yoast.com\/product\/yoast-seo-wordpress\/ -->\n<title>Regalo Pack Magnum Premium<\/title>\n<meta name=\"description\" content=\"Regalo Pack Magnum Premium. 3 coffrets de 1,5 L de la vari\u00e9t\u00e9 Picual, huile d&#039;olive extra vierge. Entreprise familiale. Produit : Palacio de los Olivos.\" \/>\n<meta name=\"robots\" content=\"index, follow, max-snippet:-1, max-image-preview:large, max-video-preview:-1\" \/>\n<link rel=\"canonical\" href=\"https:\/\/olivapalacios.es\/fr\/produit\/regalo-pack-magnum-premium-2\/\" \/>\n<meta property=\"og:locale\" content=\"fr_FR\" \/>\n<meta property=\"og:type\" content=\"article\" \/>\n<meta property=\"og:title\" content=\"Regalo Pack Magnum Premium\" \/>\n<meta property=\"og:description\" content=\"Regalo Pack Magnum Premium. 3 coffrets de 1,5 L de la vari\u00e9t\u00e9 Picual, huile d&#039;olive extra vierge. Entreprise familiale. Produit : Palacio de los Olivos.\" \/>\n<meta property=\"og:url\" content=\"https:\/\/olivapalacios.es\/fr\/produit\/regalo-pack-magnum-premium-2\/\" \/>\n<meta property=\"og:site_name\" content=\"Olivapalacios\" \/>\n<meta property=\"article:publisher\" content=\"https:\/\/www.facebook.com\/Palaciodelosolivos\/\" \/>\n<meta property=\"article:modified_time\" content=\"2024-03-14T11:10:34+00:00\" \/>\n<meta property=\"og:image\" content=\"https:\/\/olivapalacios.es\/wp-content\/uploads\/2020\/09\/Regalo-Pack-Magnum-Premium.jpg\" \/>\n\t<meta property=\"og:image:width\" content=\"800\" \/>\n\t<meta property=\"og:image:height\" content=\"1067\" \/>\n\t<meta property=\"og:image:type\" content=\"image\/jpeg\" \/>\n<meta name=\"twitter:card\" content=\"summary_large_image\" \/>\n<meta name=\"twitter:site\" content=\"@olivapalacios\" \/>\n<meta name=\"twitter:label1\" content=\"Dur\u00e9e de lecture estim\u00e9e\" \/>\n\t<meta name=\"twitter:data1\" content=\"2 minutes\" \/>\n<script type=\"application\/ld+json\" class=\"yoast-schema-graph\">{\"@context\":\"https:\/\/schema.org\",\"@graph\":[{\"@type\":\"WebPage\",\"@id\":\"https:\/\/olivapalacios.es\/fr\/produit\/regalo-pack-magnum-premium-2\/\",\"url\":\"https:\/\/olivapalacios.es\/fr\/produit\/regalo-pack-magnum-premium-2\/\",\"name\":\"Regalo Pack Magnum Premium\",\"isPartOf\":{\"@id\":\"https:\/\/olivapalacios.es\/#website\"},\"primaryImageOfPage\":{\"@id\":\"https:\/\/olivapalacios.es\/fr\/produit\/regalo-pack-magnum-premium-2\/#primaryimage\"},\"image\":{\"@id\":\"https:\/\/olivapalacios.es\/fr\/produit\/regalo-pack-magnum-premium-2\/#primaryimage\"},\"thumbnailUrl\":\"https:\/\/olivapalacios.es\/wp-content\/uploads\/2020\/09\/Regalo-Pack-Magnum-Premium.jpg\",\"datePublished\":\"2024-03-14T11:10:33+00:00\",\"dateModified\":\"2024-03-14T11:10:34+00:00\",\"description\":\"Regalo Pack Magnum Premium. 3 coffrets de 1,5 L de la vari\u00e9t\u00e9 Picual, huile d'olive extra vierge. Entreprise familiale. Produit : Palacio de los Olivos.\",\"breadcrumb\":{\"@id\":\"https:\/\/olivapalacios.es\/fr\/produit\/regalo-pack-magnum-premium-2\/#breadcrumb\"},\"inLanguage\":\"fr-FR\",\"potentialAction\":[{\"@type\":\"ReadAction\",\"target\":[\"https:\/\/olivapalacios.es\/fr\/produit\/regalo-pack-magnum-premium-2\/\"]}]},{\"@type\":\"ImageObject\",\"inLanguage\":\"fr-FR\",\"@id\":\"https:\/\/olivapalacios.es\/fr\/produit\/regalo-pack-magnum-premium-2\/#primaryimage\",\"url\":\"https:\/\/olivapalacios.es\/wp-content\/uploads\/2020\/09\/Regalo-Pack-Magnum-Premium.jpg\",\"contentUrl\":\"https:\/\/olivapalacios.es\/wp-content\/uploads\/2020\/09\/Regalo-Pack-Magnum-Premium.jpg\",\"width\":800,\"height\":1067,\"caption\":\"Regalo Pack Magnum Premium\"},{\"@type\":\"BreadcrumbList\",\"@id\":\"https:\/\/olivapalacios.es\/fr\/produit\/regalo-pack-magnum-premium-2\/#breadcrumb\",\"itemListElement\":[{\"@type\":\"ListItem\",\"position\":1,\"name\":\"Portada\",\"item\":\"https:\/\/olivapalacios.es\/fr\/\"},{\"@type\":\"ListItem\",\"position\":2,\"name\":\"COMPRAR\",\"item\":\"https:\/\/olivapalacios.es\/fr\/comprar\/\"},{\"@type\":\"ListItem\",\"position\":3,\"name\":\"Bo\u00eete avec 3 Caisses Magnum 1,5L Palacio de Los Olivos Picual (36,33\u20ac\/unit\u00e9)\"}]},{\"@type\":\"WebSite\",\"@id\":\"https:\/\/olivapalacios.es\/#website\",\"url\":\"https:\/\/olivapalacios.es\/\",\"name\":\"Olivapalacios\",\"description\":\"Palacio de Los Olivos, Aceite de Oliva Virgen Extra\",\"publisher\":{\"@id\":\"https:\/\/olivapalacios.es\/#organization\"},\"potentialAction\":[{\"@type\":\"SearchAction\",\"target\":{\"@type\":\"EntryPoint\",\"urlTemplate\":\"https:\/\/olivapalacios.es\/?s={search_term_string}\"},\"query-input\":{\"@type\":\"PropertyValueSpecification\",\"valueRequired\":true,\"valueName\":\"search_term_string\"}}],\"inLanguage\":\"fr-FR\"},{\"@type\":\"Organization\",\"@id\":\"https:\/\/olivapalacios.es\/#organization\",\"name\":\"Olivapalacios\",\"url\":\"https:\/\/olivapalacios.es\/\",\"logo\":{\"@type\":\"ImageObject\",\"inLanguage\":\"fr-FR\",\"@id\":\"https:\/\/olivapalacios.es\/#\/schema\/logo\/image\/\",\"url\":\"https:\/\/olivapalacios.es\/wp-content\/uploads\/2018\/06\/Logo_150-2.jpg\",\"contentUrl\":\"https:\/\/olivapalacios.es\/wp-content\/uploads\/2018\/06\/Logo_150-2.jpg\",\"width\":150,\"height\":143,\"caption\":\"Olivapalacios\"},\"image\":{\"@id\":\"https:\/\/olivapalacios.es\/#\/schema\/logo\/image\/\"},\"sameAs\":[\"https:\/\/www.facebook.com\/Palaciodelosolivos\/\",\"https:\/\/x.com\/olivapalacios\",\"https:\/\/www.instagram.com\/palaciodelosolivos\/\"]}]}<\/script>\n<!-- \/ Yoast SEO plugin. -->","yoast_head_json":{"title":"Regalo Pack Magnum Premium","description":"Regalo Pack Magnum Premium. 3 coffrets de 1,5 L de la vari\u00e9t\u00e9 Picual, huile d'olive extra vierge. Entreprise familiale. Produit : Palacio de los Olivos.","robots":{"index":"index","follow":"follow","max-snippet":"max-snippet:-1","max-image-preview":"max-image-preview:large","max-video-preview":"max-video-preview:-1"},"canonical":"https:\/\/olivapalacios.es\/fr\/produit\/regalo-pack-magnum-premium-2\/","og_locale":"fr_FR","og_type":"article","og_title":"Regalo Pack Magnum Premium","og_description":"Regalo Pack Magnum Premium. 3 coffrets de 1,5 L de la vari\u00e9t\u00e9 Picual, huile d'olive extra vierge. Entreprise familiale. Produit : Palacio de los Olivos.","og_url":"https:\/\/olivapalacios.es\/fr\/produit\/regalo-pack-magnum-premium-2\/","og_site_name":"Olivapalacios","article_publisher":"https:\/\/www.facebook.com\/Palaciodelosolivos\/","article_modified_time":"2024-03-14T11:10:34+00:00","og_image":[{"width":800,"height":1067,"url":"https:\/\/olivapalacios.es\/wp-content\/uploads\/2020\/09\/Regalo-Pack-Magnum-Premium.jpg","type":"image\/jpeg"}],"twitter_card":"summary_large_image","twitter_site":"@olivapalacios","twitter_misc":{"Dur\u00e9e de lecture estim\u00e9e":"2 minutes"},"schema":{"@context":"https:\/\/schema.org","@graph":[{"@type":"WebPage","@id":"https:\/\/olivapalacios.es\/fr\/produit\/regalo-pack-magnum-premium-2\/","url":"https:\/\/olivapalacios.es\/fr\/produit\/regalo-pack-magnum-premium-2\/","name":"Regalo Pack Magnum Premium","isPartOf":{"@id":"https:\/\/olivapalacios.es\/#website"},"primaryImageOfPage":{"@id":"https:\/\/olivapalacios.es\/fr\/produit\/regalo-pack-magnum-premium-2\/#primaryimage"},"image":{"@id":"https:\/\/olivapalacios.es\/fr\/produit\/regalo-pack-magnum-premium-2\/#primaryimage"},"thumbnailUrl":"https:\/\/olivapalacios.es\/wp-content\/uploads\/2020\/09\/Regalo-Pack-Magnum-Premium.jpg","datePublished":"2024-03-14T11:10:33+00:00","dateModified":"2024-03-14T11:10:34+00:00","description":"Regalo Pack Magnum Premium. 3 coffrets de 1,5 L de la vari\u00e9t\u00e9 Picual, huile d'olive extra vierge. Entreprise familiale. Produit : Palacio de los Olivos.","breadcrumb":{"@id":"https:\/\/olivapalacios.es\/fr\/produit\/regalo-pack-magnum-premium-2\/#breadcrumb"},"inLanguage":"fr-FR","potentialAction":[{"@type":"ReadAction","target":["https:\/\/olivapalacios.es\/fr\/produit\/regalo-pack-magnum-premium-2\/"]}]},{"@type":"ImageObject","inLanguage":"fr-FR","@id":"https:\/\/olivapalacios.es\/fr\/produit\/regalo-pack-magnum-premium-2\/#primaryimage","url":"https:\/\/olivapalacios.es\/wp-content\/uploads\/2020\/09\/Regalo-Pack-Magnum-Premium.jpg","contentUrl":"https:\/\/olivapalacios.es\/wp-content\/uploads\/2020\/09\/Regalo-Pack-Magnum-Premium.jpg","width":800,"height":1067,"caption":"Regalo Pack Magnum Premium"},{"@type":"BreadcrumbList","@id":"https:\/\/olivapalacios.es\/fr\/produit\/regalo-pack-magnum-premium-2\/#breadcrumb","itemListElement":[{"@type":"ListItem","position":1,"name":"Portada","item":"https:\/\/olivapalacios.es\/fr\/"},{"@type":"ListItem","position":2,"name":"COMPRAR","item":"https:\/\/olivapalacios.es\/fr\/comprar\/"},{"@type":"ListItem","position":3,"name":"Bo\u00eete avec 3 Caisses Magnum 1,5L Palacio de Los Olivos Picual (36,33\u20ac\/unit\u00e9)"}]},{"@type":"WebSite","@id":"https:\/\/olivapalacios.es\/#website","url":"https:\/\/olivapalacios.es\/","name":"Olivapalacios","description":"Palacio de Los Olivos, Aceite de Oliva Virgen Extra","publisher":{"@id":"https:\/\/olivapalacios.es\/#organization"},"potentialAction":[{"@type":"SearchAction","target":{"@type":"EntryPoint","urlTemplate":"https:\/\/olivapalacios.es\/?s={search_term_string}"},"query-input":{"@type":"PropertyValueSpecification","valueRequired":true,"valueName":"search_term_string"}}],"inLanguage":"fr-FR"},{"@type":"Organization","@id":"https:\/\/olivapalacios.es\/#organization","name":"Olivapalacios","url":"https:\/\/olivapalacios.es\/","logo":{"@type":"ImageObject","inLanguage":"fr-FR","@id":"https:\/\/olivapalacios.es\/#\/schema\/logo\/image\/","url":"https:\/\/olivapalacios.es\/wp-content\/uploads\/2018\/06\/Logo_150-2.jpg","contentUrl":"https:\/\/olivapalacios.es\/wp-content\/uploads\/2018\/06\/Logo_150-2.jpg","width":150,"height":143,"caption":"Olivapalacios"},"image":{"@id":"https:\/\/olivapalacios.es\/#\/schema\/logo\/image\/"},"sameAs":["https:\/\/www.facebook.com\/Palaciodelosolivos\/","https:\/\/x.com\/olivapalacios","https:\/\/www.instagram.com\/palaciodelosolivos\/"]}]}},"_links":{"self":[{"href":"https:\/\/olivapalacios.es\/fr\/wp-json\/wp\/v2\/product\/10919","targetHints":{"allow":["GET"]}}],"collection":[{"href":"https:\/\/olivapalacios.es\/fr\/wp-json\/wp\/v2\/product"}],"about":[{"href":"https:\/\/olivapalacios.es\/fr\/wp-json\/wp\/v2\/types\/product"}],"wp:featuredmedia":[{"embeddable":true,"href":"https:\/\/olivapalacios.es\/fr\/wp-json\/wp\/v2\/media\/9430"}],"wp:attachment":[{"href":"https:\/\/olivapalacios.es\/fr\/wp-json\/wp\/v2\/media?parent=10919"}],"wp:term":[{"taxonomy":"product_brand","embeddable":true,"href":"https:\/\/olivapalacios.es\/fr\/wp-json\/wp\/v2\/product_brand?post=10919"},{"taxonomy":"product_cat","embeddable":true,"href":"https:\/\/olivapalacios.es\/fr\/wp-json\/wp\/v2\/product_cat?post=10919"},{"taxonomy":"product_tag","embeddable":true,"href":"https:\/\/olivapalacios.es\/fr\/wp-json\/wp\/v2\/product_tag?post=10919"}],"curies":[{"name":"wp","href":"https:\/\/api.w.org\/{rel}","templated":true}]}}