{"id":10918,"date":"2024-03-14T11:41:58","date_gmt":"2024-03-14T10:41:58","guid":{"rendered":"https:\/\/olivapalacios.es\/?post_type=product&#038;p=10918"},"modified":"2024-03-14T11:41:58","modified_gmt":"2024-03-14T10:41:58","slug":"meilleure-huile-du-monde-arbequina-2023","status":"publish","type":"product","link":"https:\/\/olivapalacios.es\/fr\/produit\/meilleure-huile-du-monde-arbequina-2023\/","title":{"rendered":"Bo\u00eete de 16 bouteilles de 250ml Palacio de Los Olivos Arbequina (5,20\u20ac\/pc)"},"content":{"rendered":"<div class=\"react-scroll-to-bottom--css-yxrth-1n7m0yu\">\n<div class=\"flex flex-col text-sm pb-9\">\n<div class=\"w-full text-token-text-primary sm:AIPRM__conversation__response\" data-testid=\"conversation-turn-169\">\n<div class=\"px-4 py-2 justify-center text-base md:gap-6 m-auto\">\n<div class=\"flex flex-1 text-base mx-auto gap-3 md:px-5 lg:px-1 xl:px-5 md:max-w-3xl lg:max-w-[40rem] xl:max-w-[48rem] group final-completion\">\n<div class=\"relative flex w-full flex-col agent-turn\">\n<div class=\"flex-col gap-1 md:gap-3\">\n<div class=\"flex flex-grow flex-col max-w-full\">\n<div class=\"min-h-[20px] text-message flex flex-col items-start gap-3 whitespace-pre-wrap break-words [.text-message+&amp;]:mt-5 overflow-x-auto\" data-message-author-role=\"assistant\" data-message-id=\"3d199842-9d90-4ed5-880b-81936f5c103c\">\n<div class=\"markdown prose w-full break-words dark:prose-invert light AIPRM__conversation__response\">\n<h1>Meilleure huile du monde Arbequina 2023<\/h1>\n<h2>Palacio de Los Olivos<\/h2>\n<p>Nous vous pr\u00e9sentons notre bouteille exclusive de 250 ml d&rsquo;huile d&rsquo;olive vierge extra. Cette ann\u00e9e, elle a \u00e9t\u00e9 nomm\u00e9e meilleure huile du monde de la vari\u00e9t\u00e9 arbequina 2023.<\/p>\n<p>Notre vari\u00e9t\u00e9 Arbequina est connue pour sa douceur et ses notes fruit\u00e9es, avec une l\u00e9g\u00e8re touche sucr\u00e9e qui la rend id\u00e9ale pour toute occasion.<\/p>\n<p>Provenant des champs ensoleill\u00e9s de Ciudad Real.<\/p>\n<p>Chaque goutte de notre huile d&rsquo;olive vierge extra Arbequina est le r\u00e9sultat d&rsquo;un processus de culture et de production soigneusement supervis\u00e9, garantissant la plus haute qualit\u00e9 et fra\u00eecheur dans chaque bouteille.<\/p>\n<p>La saveur douce et \u00e9quilibr\u00e9e de notre huile Arbequina en fait le compl\u00e9ment parfait pour une grande vari\u00e9t\u00e9 de plats.<\/p>\n<p>Sa polyvalence en cuisine en fait un \u00e9l\u00e9ment indispensable dans toute cuisine gastronomique.<\/p>\n<h2>Meilleure huile du monde Arbequina 2023<\/h2>\n<p>Notre bouteille de 250 ml ne contient pas seulement de l&rsquo;huile d&rsquo;olive vierge extra premium, mais aussi une histoire de tradition et de passion pour la gastronomie m\u00e9diterran\u00e9enne.<\/p>\n<p>Son design \u00e9l\u00e9gant et sophistiqu\u00e9 refl\u00e8te l&rsquo;engagement de Palacio de Los Olivos envers l&rsquo;excellence et le bon go\u00fbt, en faisant un cadeau parfait pour les amateurs de bonne cuisine.<\/p>\n<p>D\u00e9couvrez le go\u00fbt authentique de l&rsquo;huile d&rsquo;olive vierge extra premium Arbequina de Palacio de Los Olivos et laissez-vous emporter par la magie de la M\u00e9diterran\u00e9e \u00e0 chaque bouch\u00e9e.<\/p>\n<p>Avec chaque bouteille, nous vous invitons \u00e0 explorer de nouvelles saveurs et \u00e0 profiter de moments inoubliables autour de la table.<\/p>\n<p>LIVRAISON GRATUITE en p\u00e9ninsule (pour les livraisons insulaires ou \u00e0 l&rsquo;\u00e9tranger, contactez-nous \u00e0 <a target=\"_new\" rel=\"noopener\">pedidos@olivapalacios.es<\/a>)<\/p>\n<p>Livraison estim\u00e9e en 24h-48h<\/p>\n<h2>Contenu : 16 bouteilles en verre de 250 ml d&rsquo;huile d&rsquo;olive vierge extra premium de vari\u00e9t\u00e9 d&rsquo;olive Arbequina.<\/h2>\n<p>Dimensions de la bo\u00eete : (30x23x20) cm<\/p>\n<p>Poids total de la bo\u00eete : 8,4 kg<\/p>\n<p>Ar\u00f4mes frais et verts : fruit\u00e9 vert intense, avec des attributs positifs, doux et \u00e9quilibr\u00e9s d&rsquo;amertume et de piquant, et des ar\u00f4mes et des saveurs fruit\u00e9es et herbac\u00e9es avec des notes de pomme, de banane et d&rsquo;herbes vertes. Exquis, savoureux et complexe.<\/p>\n<p>Emballage au design innovant et fonctionnel garantissant la conservation de la haute qualit\u00e9 et du go\u00fbt authentique de l&rsquo;huile.<\/p>\n<\/div>\n<\/div>\n<\/div>\n<div class=\"mt-1 flex justify-start gap-3 empty:hidden\">\n<div class=\"text-gray-400 flex self-end lg:self-center items-center justify-center lg:justify-start mt-0 -ml-1 h-7 gap-[2px] visible\"><button class=\"flex items-center gap-1.5 rounded-md p-1 text-xs text-token-text-tertiary hover:text-token-text-primary md:invisible md:group-hover:visible md:group-[.final-completion]:visible\"><\/button><button class=\"flex items-center gap-1.5 rounded-md p-1 text-xs text-token-text-tertiary hover:text-token-text-primary md:invisible md:group-hover:visible md:group-[.final-completion]:visible\"><\/button><\/p>\n<div class=\"flex items-center gap-1.5 text-xs\"><\/div>\n<div class=\"flex\"><\/div>\n<\/div>\n<\/div>\n<div class=\"pr-2 lg:pr-0\"><\/div>\n<\/div>\n<\/div>\n<\/div>\n<\/div>\n<\/div>\n<\/div>\n<\/div>\n<div id=\"AIPRM__sidebar-icon\" class=\"AIPRM__p-2 AIPRM__top-12 md:AIPRM__top-2 AIPRM__p-2 AIPRM__items-center AIPRM__transition-colors AIPRM__duration-200 AIPRM__cursor-pointer AIPRM__text-sm AIPRM__rounded-md AIPRM__border AIPRM__bg-white dark:AIPRM__bg-gray-900 AIPRM__border-black\/10 dark:AIPRM__border-white\/20 hover:AIPRM__bg-gray-50 dark:hover:AIPRM__bg-gray-850 AIPRM__cursor-pointer AIPRM__fixed AIPRM__right-4 AIPRM__z-30\" title=\"Open AIPRM sidebar\"><\/div>\n","protected":false},"excerpt":{"rendered":"<p><strong>LIVRAISON GRATUITE<\/strong> sur la p\u00e9ninsule (pour les livraisons dans les \u00eeles ou \u00e0 l&rsquo;\u00e9tranger, veuillez nous contacter \u00e0 l&rsquo;adresse <a target=\"_new\" rel=\"noopener\">pedidos@olivapalacios.es<\/a>)<\/p>\n<p>Livraison estim\u00e9e en 24-48 heures<\/p>\n<p><strong>Contenu : 16 bouteilles en verre de 250 ml d&rsquo;huile d&rsquo;olive vierge extra de qualit\u00e9 sup\u00e9rieure de la vari\u00e9t\u00e9 d&rsquo;olive Arbequina.<\/strong><\/p>\n<p>Dimensions de la bo\u00eete : (30x23x20) cm<\/p>\n<p>Poids total de la bo\u00eete : 8,4 kg<\/p>\n<p><strong>Ar\u00f4mes verts frais<\/strong> : fruit\u00e9 vert intense, avec des notes positives, douces et \u00e9quilibr\u00e9es d&rsquo;amertume et de piquant, et des ar\u00f4mes et des saveurs fruit\u00e9s et herbac\u00e9s avec des notes de pomme, de banane et d&rsquo;herbes vertes. Exquis, savoureux et complexe.<\/p>\n<p>Emballage au design innovant et fonctionnel garantissant la conservation de la haute qualit\u00e9 et du go\u00fbt naturel authentique de l&rsquo;huile.<\/p>\n","protected":false},"featured_media":9444,"template":"","meta":{"_et_pb_use_builder":"","_et_pb_old_content":"","_et_gb_content_width":""},"product_brand":[],"product_cat":[15],"product_tag":[],"class_list":{"0":"post-10918","1":"product","2":"type-product","3":"status-publish","4":"has-post-thumbnail","6":"product_cat-uncategorized","8":"first","9":"instock","10":"shipping-taxable","11":"purchasable","12":"product-type-simple"},"yoast_head":"<!-- This site is optimized with the Yoast SEO plugin v27.3 - https:\/\/yoast.com\/product\/yoast-seo-wordpress\/ -->\n<title>Meilleure huile du monde Arbequina 2023<\/title>\n<meta name=\"description\" content=\"Contenu : 16 bouteilles en verre de 250 ml de la meilleure huile du monde Arbequina 2023. Palacio de Los Olivos. Livraison estim\u00e9e \u00e0 24-48h\" \/>\n<meta name=\"robots\" content=\"index, follow, max-snippet:-1, max-image-preview:large, max-video-preview:-1\" \/>\n<link rel=\"canonical\" href=\"https:\/\/olivapalacios.es\/fr\/produit\/meilleure-huile-du-monde-arbequina-2023\/\" \/>\n<meta property=\"og:locale\" content=\"fr_FR\" \/>\n<meta property=\"og:type\" content=\"article\" \/>\n<meta property=\"og:title\" content=\"Meilleure huile du monde Arbequina 2023\" \/>\n<meta property=\"og:description\" content=\"Contenu : 16 bouteilles en verre de 250 ml de la meilleure huile du monde Arbequina 2023. Palacio de Los Olivos. Livraison estim\u00e9e \u00e0 24-48h\" \/>\n<meta property=\"og:url\" content=\"https:\/\/olivapalacios.es\/fr\/produit\/meilleure-huile-du-monde-arbequina-2023\/\" \/>\n<meta property=\"og:site_name\" content=\"Olivapalacios\" \/>\n<meta property=\"article:publisher\" content=\"https:\/\/www.facebook.com\/Palaciodelosolivos\/\" \/>\n<meta property=\"og:image\" content=\"https:\/\/olivapalacios.es\/wp-content\/uploads\/2020\/10\/Mejor-Aceite-del-Mundo-Arbequina-2023.jpg\" \/>\n\t<meta property=\"og:image:width\" content=\"800\" \/>\n\t<meta property=\"og:image:height\" content=\"1067\" \/>\n\t<meta property=\"og:image:type\" content=\"image\/jpeg\" \/>\n<meta name=\"twitter:card\" content=\"summary_large_image\" \/>\n<meta name=\"twitter:site\" content=\"@olivapalacios\" \/>\n<meta name=\"twitter:label1\" content=\"Dur\u00e9e de lecture estim\u00e9e\" \/>\n\t<meta name=\"twitter:data1\" content=\"2 minutes\" \/>\n<script type=\"application\/ld+json\" class=\"yoast-schema-graph\">{\"@context\":\"https:\\\/\\\/schema.org\",\"@graph\":[{\"@type\":\"WebPage\",\"@id\":\"https:\\\/\\\/olivapalacios.es\\\/fr\\\/produit\\\/meilleure-huile-du-monde-arbequina-2023\\\/\",\"url\":\"https:\\\/\\\/olivapalacios.es\\\/fr\\\/produit\\\/meilleure-huile-du-monde-arbequina-2023\\\/\",\"name\":\"Meilleure huile du monde Arbequina 2023\",\"isPartOf\":{\"@id\":\"https:\\\/\\\/olivapalacios.es\\\/#website\"},\"primaryImageOfPage\":{\"@id\":\"https:\\\/\\\/olivapalacios.es\\\/fr\\\/produit\\\/meilleure-huile-du-monde-arbequina-2023\\\/#primaryimage\"},\"image\":{\"@id\":\"https:\\\/\\\/olivapalacios.es\\\/fr\\\/produit\\\/meilleure-huile-du-monde-arbequina-2023\\\/#primaryimage\"},\"thumbnailUrl\":\"https:\\\/\\\/olivapalacios.es\\\/wp-content\\\/uploads\\\/2020\\\/10\\\/Mejor-Aceite-del-Mundo-Arbequina-2023.jpg\",\"datePublished\":\"2024-03-14T10:41:58+00:00\",\"description\":\"Contenu : 16 bouteilles en verre de 250 ml de la meilleure huile du monde Arbequina 2023. Palacio de Los Olivos. Livraison estim\u00e9e \u00e0 24-48h\",\"breadcrumb\":{\"@id\":\"https:\\\/\\\/olivapalacios.es\\\/fr\\\/produit\\\/meilleure-huile-du-monde-arbequina-2023\\\/#breadcrumb\"},\"inLanguage\":\"fr-FR\",\"potentialAction\":[{\"@type\":\"ReadAction\",\"target\":[\"https:\\\/\\\/olivapalacios.es\\\/fr\\\/produit\\\/meilleure-huile-du-monde-arbequina-2023\\\/\"]}]},{\"@type\":\"ImageObject\",\"inLanguage\":\"fr-FR\",\"@id\":\"https:\\\/\\\/olivapalacios.es\\\/fr\\\/produit\\\/meilleure-huile-du-monde-arbequina-2023\\\/#primaryimage\",\"url\":\"https:\\\/\\\/olivapalacios.es\\\/wp-content\\\/uploads\\\/2020\\\/10\\\/Mejor-Aceite-del-Mundo-Arbequina-2023.jpg\",\"contentUrl\":\"https:\\\/\\\/olivapalacios.es\\\/wp-content\\\/uploads\\\/2020\\\/10\\\/Mejor-Aceite-del-Mundo-Arbequina-2023.jpg\",\"width\":800,\"height\":1067,\"caption\":\"Meilleure huile du monde Arbequina 2023\"},{\"@type\":\"BreadcrumbList\",\"@id\":\"https:\\\/\\\/olivapalacios.es\\\/fr\\\/produit\\\/meilleure-huile-du-monde-arbequina-2023\\\/#breadcrumb\",\"itemListElement\":[{\"@type\":\"ListItem\",\"position\":1,\"name\":\"Portada\",\"item\":\"https:\\\/\\\/olivapalacios.es\\\/fr\\\/\"},{\"@type\":\"ListItem\",\"position\":2,\"name\":\"COMPRAR\",\"item\":\"https:\\\/\\\/olivapalacios.es\\\/fr\\\/comprar\\\/\"},{\"@type\":\"ListItem\",\"position\":3,\"name\":\"Bo\u00eete de 16 bouteilles de 250ml Palacio de Los Olivos Arbequina (5,20\u20ac\\\/pc)\"}]},{\"@type\":\"WebSite\",\"@id\":\"https:\\\/\\\/olivapalacios.es\\\/#website\",\"url\":\"https:\\\/\\\/olivapalacios.es\\\/\",\"name\":\"Olivapalacios\",\"description\":\"Palacio de Los Olivos, Aceite de Oliva Virgen Extra\",\"publisher\":{\"@id\":\"https:\\\/\\\/olivapalacios.es\\\/#organization\"},\"potentialAction\":[{\"@type\":\"SearchAction\",\"target\":{\"@type\":\"EntryPoint\",\"urlTemplate\":\"https:\\\/\\\/olivapalacios.es\\\/?s={search_term_string}\"},\"query-input\":{\"@type\":\"PropertyValueSpecification\",\"valueRequired\":true,\"valueName\":\"search_term_string\"}}],\"inLanguage\":\"fr-FR\"},{\"@type\":\"Organization\",\"@id\":\"https:\\\/\\\/olivapalacios.es\\\/#organization\",\"name\":\"Olivapalacios\",\"url\":\"https:\\\/\\\/olivapalacios.es\\\/\",\"logo\":{\"@type\":\"ImageObject\",\"inLanguage\":\"fr-FR\",\"@id\":\"https:\\\/\\\/olivapalacios.es\\\/#\\\/schema\\\/logo\\\/image\\\/\",\"url\":\"https:\\\/\\\/olivapalacios.es\\\/wp-content\\\/uploads\\\/2018\\\/06\\\/Logo_150-2.jpg\",\"contentUrl\":\"https:\\\/\\\/olivapalacios.es\\\/wp-content\\\/uploads\\\/2018\\\/06\\\/Logo_150-2.jpg\",\"width\":150,\"height\":143,\"caption\":\"Olivapalacios\"},\"image\":{\"@id\":\"https:\\\/\\\/olivapalacios.es\\\/#\\\/schema\\\/logo\\\/image\\\/\"},\"sameAs\":[\"https:\\\/\\\/www.facebook.com\\\/Palaciodelosolivos\\\/\",\"https:\\\/\\\/x.com\\\/olivapalacios\",\"https:\\\/\\\/www.instagram.com\\\/palaciodelosolivos\\\/\"]}]}<\/script>\n<!-- \/ Yoast SEO plugin. -->","yoast_head_json":{"title":"Meilleure huile du monde Arbequina 2023","description":"Contenu : 16 bouteilles en verre de 250 ml de la meilleure huile du monde Arbequina 2023. Palacio de Los Olivos. Livraison estim\u00e9e \u00e0 24-48h","robots":{"index":"index","follow":"follow","max-snippet":"max-snippet:-1","max-image-preview":"max-image-preview:large","max-video-preview":"max-video-preview:-1"},"canonical":"https:\/\/olivapalacios.es\/fr\/produit\/meilleure-huile-du-monde-arbequina-2023\/","og_locale":"fr_FR","og_type":"article","og_title":"Meilleure huile du monde Arbequina 2023","og_description":"Contenu : 16 bouteilles en verre de 250 ml de la meilleure huile du monde Arbequina 2023. Palacio de Los Olivos. Livraison estim\u00e9e \u00e0 24-48h","og_url":"https:\/\/olivapalacios.es\/fr\/produit\/meilleure-huile-du-monde-arbequina-2023\/","og_site_name":"Olivapalacios","article_publisher":"https:\/\/www.facebook.com\/Palaciodelosolivos\/","og_image":[{"width":800,"height":1067,"url":"https:\/\/olivapalacios.es\/wp-content\/uploads\/2020\/10\/Mejor-Aceite-del-Mundo-Arbequina-2023.jpg","type":"image\/jpeg"}],"twitter_card":"summary_large_image","twitter_site":"@olivapalacios","twitter_misc":{"Dur\u00e9e de lecture estim\u00e9e":"2 minutes"},"schema":{"@context":"https:\/\/schema.org","@graph":[{"@type":"WebPage","@id":"https:\/\/olivapalacios.es\/fr\/produit\/meilleure-huile-du-monde-arbequina-2023\/","url":"https:\/\/olivapalacios.es\/fr\/produit\/meilleure-huile-du-monde-arbequina-2023\/","name":"Meilleure huile du monde Arbequina 2023","isPartOf":{"@id":"https:\/\/olivapalacios.es\/#website"},"primaryImageOfPage":{"@id":"https:\/\/olivapalacios.es\/fr\/produit\/meilleure-huile-du-monde-arbequina-2023\/#primaryimage"},"image":{"@id":"https:\/\/olivapalacios.es\/fr\/produit\/meilleure-huile-du-monde-arbequina-2023\/#primaryimage"},"thumbnailUrl":"https:\/\/olivapalacios.es\/wp-content\/uploads\/2020\/10\/Mejor-Aceite-del-Mundo-Arbequina-2023.jpg","datePublished":"2024-03-14T10:41:58+00:00","description":"Contenu : 16 bouteilles en verre de 250 ml de la meilleure huile du monde Arbequina 2023. Palacio de Los Olivos. Livraison estim\u00e9e \u00e0 24-48h","breadcrumb":{"@id":"https:\/\/olivapalacios.es\/fr\/produit\/meilleure-huile-du-monde-arbequina-2023\/#breadcrumb"},"inLanguage":"fr-FR","potentialAction":[{"@type":"ReadAction","target":["https:\/\/olivapalacios.es\/fr\/produit\/meilleure-huile-du-monde-arbequina-2023\/"]}]},{"@type":"ImageObject","inLanguage":"fr-FR","@id":"https:\/\/olivapalacios.es\/fr\/produit\/meilleure-huile-du-monde-arbequina-2023\/#primaryimage","url":"https:\/\/olivapalacios.es\/wp-content\/uploads\/2020\/10\/Mejor-Aceite-del-Mundo-Arbequina-2023.jpg","contentUrl":"https:\/\/olivapalacios.es\/wp-content\/uploads\/2020\/10\/Mejor-Aceite-del-Mundo-Arbequina-2023.jpg","width":800,"height":1067,"caption":"Meilleure huile du monde Arbequina 2023"},{"@type":"BreadcrumbList","@id":"https:\/\/olivapalacios.es\/fr\/produit\/meilleure-huile-du-monde-arbequina-2023\/#breadcrumb","itemListElement":[{"@type":"ListItem","position":1,"name":"Portada","item":"https:\/\/olivapalacios.es\/fr\/"},{"@type":"ListItem","position":2,"name":"COMPRAR","item":"https:\/\/olivapalacios.es\/fr\/comprar\/"},{"@type":"ListItem","position":3,"name":"Bo\u00eete de 16 bouteilles de 250ml Palacio de Los Olivos Arbequina (5,20\u20ac\/pc)"}]},{"@type":"WebSite","@id":"https:\/\/olivapalacios.es\/#website","url":"https:\/\/olivapalacios.es\/","name":"Olivapalacios","description":"Palacio de Los Olivos, Aceite de Oliva Virgen Extra","publisher":{"@id":"https:\/\/olivapalacios.es\/#organization"},"potentialAction":[{"@type":"SearchAction","target":{"@type":"EntryPoint","urlTemplate":"https:\/\/olivapalacios.es\/?s={search_term_string}"},"query-input":{"@type":"PropertyValueSpecification","valueRequired":true,"valueName":"search_term_string"}}],"inLanguage":"fr-FR"},{"@type":"Organization","@id":"https:\/\/olivapalacios.es\/#organization","name":"Olivapalacios","url":"https:\/\/olivapalacios.es\/","logo":{"@type":"ImageObject","inLanguage":"fr-FR","@id":"https:\/\/olivapalacios.es\/#\/schema\/logo\/image\/","url":"https:\/\/olivapalacios.es\/wp-content\/uploads\/2018\/06\/Logo_150-2.jpg","contentUrl":"https:\/\/olivapalacios.es\/wp-content\/uploads\/2018\/06\/Logo_150-2.jpg","width":150,"height":143,"caption":"Olivapalacios"},"image":{"@id":"https:\/\/olivapalacios.es\/#\/schema\/logo\/image\/"},"sameAs":["https:\/\/www.facebook.com\/Palaciodelosolivos\/","https:\/\/x.com\/olivapalacios","https:\/\/www.instagram.com\/palaciodelosolivos\/"]}]}},"_links":{"self":[{"href":"https:\/\/olivapalacios.es\/fr\/wp-json\/wp\/v2\/product\/10918","targetHints":{"allow":["GET"]}}],"collection":[{"href":"https:\/\/olivapalacios.es\/fr\/wp-json\/wp\/v2\/product"}],"about":[{"href":"https:\/\/olivapalacios.es\/fr\/wp-json\/wp\/v2\/types\/product"}],"wp:featuredmedia":[{"embeddable":true,"href":"https:\/\/olivapalacios.es\/fr\/wp-json\/wp\/v2\/media\/9444"}],"wp:attachment":[{"href":"https:\/\/olivapalacios.es\/fr\/wp-json\/wp\/v2\/media?parent=10918"}],"wp:term":[{"taxonomy":"product_brand","embeddable":true,"href":"https:\/\/olivapalacios.es\/fr\/wp-json\/wp\/v2\/product_brand?post=10918"},{"taxonomy":"product_cat","embeddable":true,"href":"https:\/\/olivapalacios.es\/fr\/wp-json\/wp\/v2\/product_cat?post=10918"},{"taxonomy":"product_tag","embeddable":true,"href":"https:\/\/olivapalacios.es\/fr\/wp-json\/wp\/v2\/product_tag?post=10918"}],"curies":[{"name":"wp","href":"https:\/\/api.w.org\/{rel}","templated":true}]}}