{"id":10917,"date":"2024-03-14T11:35:20","date_gmt":"2024-03-14T10:35:20","guid":{"rendered":"https:\/\/olivapalacios.es\/?post_type=product&#038;p=10917"},"modified":"2024-03-14T11:35:20","modified_gmt":"2024-03-14T10:35:20","slug":"1-caisse-magnum-15l-palacio-de-los-olivos-picual","status":"publish","type":"product","link":"https:\/\/olivapalacios.es\/fr\/produit\/1-caisse-magnum-15l-palacio-de-los-olivos-picual\/","title":{"rendered":"1 Caisse Magnum 1,5L Palacio de Los Olivos Picual"},"content":{"rendered":"<div class=\"react-scroll-to-bottom--css-yxrth-1n7m0yu\">\n<div class=\"flex flex-col text-sm pb-9\">\n<div class=\"w-full text-token-text-primary sm:AIPRM__conversation__response\" data-testid=\"conversation-turn-163\">\n<div class=\"px-4 py-2 justify-center text-base md:gap-6 m-auto\">\n<div class=\"flex flex-1 text-base mx-auto gap-3 md:px-5 lg:px-1 xl:px-5 md:max-w-3xl lg:max-w-[40rem] xl:max-w-[48rem] group final-completion\">\n<div class=\"relative flex w-full flex-col agent-turn\">\n<div class=\"flex-col gap-1 md:gap-3\">\n<div class=\"flex flex-grow flex-col max-w-full\">\n<div class=\"min-h-[20px] text-message flex flex-col items-start gap-3 whitespace-pre-wrap break-words [.text-message+&amp;]:mt-5 overflow-x-auto\" data-message-author-role=\"assistant\" data-message-id=\"65ddab7e-31d9-4e3e-9d2c-1e167c49e9fa\">\n<div class=\"markdown prose w-full break-words dark:prose-invert light AIPRM__conversation__response\">\n<h1>Coffret Cadeau Magnum de Luxe<\/h1>\n<h2>Palacio de Los Olivos<\/h2>\n<p>Plongez dans le luxe et l&rsquo;exquis avec notre Coffret Cadeau Magnum de Luxe de 1 Estuche 1,5L d&rsquo;huile d&rsquo;olive vierge extra, \u00e9labor\u00e9 avec la prestigieuse vari\u00e9t\u00e9 Picual par Palacio de Los Olivos.<\/p>\n<p>Ce cadeau est une v\u00e9ritable expression de l&rsquo;excellence et de la qualit\u00e9 qui nous distingue, parfait pour surprendre les amateurs de bonne cuisine et de gastronomie de qualit\u00e9.<\/p>\n<p>Les olives Picual, soigneusement s\u00e9lectionn\u00e9es et press\u00e9es, donnent naissance \u00e0 une huile d&rsquo;olive vierge extra au go\u00fbt intense, aromatique et riche en nuances qui rehaussera n&rsquo;importe quel plat.<\/p>\n<h2>Coffret Cadeau Magnum de Luxe<\/h2>\n<p>Chaque coffret de ce cadeau de luxe contient une bouteille Magnum de 1,5 litre de notre exclusive huile d&rsquo;olive vierge extra Picual.<\/p>\n<p>C&rsquo;est un v\u00e9ritable tr\u00e9sor culinaire qui refl\u00e8te l&rsquo;essence m\u00eame de la cuisine m\u00e9diterran\u00e9enne.<\/p>\n<p>De plus, chaque coffret a \u00e9t\u00e9 con\u00e7u avec une attention particuli\u00e8re aux d\u00e9tails, de sa pr\u00e9sentation \u00e9l\u00e9gante aux mat\u00e9riaux de haute qualit\u00e9 utilis\u00e9s dans sa fabrication.<\/p>\n<p>Ce Coffret Cadeau Magnum de Luxe offre non seulement une exp\u00e9rience sensorielle unique, mais repr\u00e9sente \u00e9galement un symbole d&rsquo;\u00e9l\u00e9gance et de bon go\u00fbt.<\/p>\n<p>C&rsquo;est une invitation \u00e0 profiter de la vie et des petits plaisirs que la nature nous offre.<\/p>\n<p>LIVRAISON GRATUITE sur la p\u00e9ninsule (pour les envois dans les \u00eeles ou \u00e0 l&rsquo;\u00e9tranger, veuillez nous contacter \u00e0 l&rsquo;adresse <a target=\"_new\" rel=\"noopener\">pedidos@olivapalacios.es<\/a>)<\/p>\n<p>Livraison estim\u00e9e 24h-48h<\/p>\n<h2>Contenu : 1 Estuche Magnum + 1 Bouteille en verre de 1,5L d&rsquo;huile d&rsquo;olive vierge extra Premium de la vari\u00e9t\u00e9 d&rsquo;olive Picual<\/h2>\n<p>Dimensions de la bo\u00eete : (20x14x43) cm<\/p>\n<p>Poids total de la bo\u00eete : 2,5 kg<\/p>\n<p>Ar\u00f4mes verts frais : fruit\u00e9 vert intense, avec des attributs positifs et \u00e9quilibr\u00e9s d&rsquo;amertume et de piquant, ainsi que des ar\u00f4mes et des saveurs fruit\u00e9es et herbac\u00e9es avec des notes d&rsquo;herbes aromatiques et de tomate. Exquis, savoureux et complexe.<\/p>\n<p>Emballage au design innovant et fonctionnel garantissant la conservation de la haute qualit\u00e9 et du go\u00fbt naturel authentique de l&rsquo;huile.<\/p>\n<\/div>\n<\/div>\n<\/div>\n<div class=\"mt-1 flex justify-start gap-3 empty:hidden\">\n<div class=\"text-gray-400 flex self-end lg:self-center items-center justify-center lg:justify-start mt-0 -ml-1 h-7 gap-[2px] visible\"><button class=\"flex items-center gap-1.5 rounded-md p-1 text-xs text-token-text-tertiary hover:text-token-text-primary md:invisible md:group-hover:visible md:group-[.final-completion]:visible\"><\/button><button class=\"flex items-center gap-1.5 rounded-md p-1 text-xs text-token-text-tertiary hover:text-token-text-primary md:invisible md:group-hover:visible md:group-[.final-completion]:visible\"><\/button><\/p>\n<div class=\"flex items-center gap-1.5 text-xs\"><\/div>\n<div class=\"flex\"><\/div>\n<\/div>\n<\/div>\n<div class=\"pr-2 lg:pr-0\"><\/div>\n<\/div>\n<\/div>\n<\/div>\n<\/div>\n<\/div>\n<\/div>\n<\/div>\n<div id=\"AIPRM__sidebar-icon\" class=\"AIPRM__p-2 AIPRM__top-12 md:AIPRM__top-2 AIPRM__p-2 AIPRM__items-center AIPRM__transition-colors AIPRM__duration-200 AIPRM__cursor-pointer AIPRM__text-sm AIPRM__rounded-md AIPRM__border AIPRM__bg-white dark:AIPRM__bg-gray-900 AIPRM__border-black\/10 dark:AIPRM__border-white\/20 hover:AIPRM__bg-gray-50 dark:hover:AIPRM__bg-gray-850 AIPRM__cursor-pointer AIPRM__fixed AIPRM__right-4 AIPRM__z-30\" title=\"Open AIPRM sidebar\"><\/div>\n","protected":false},"excerpt":{"rendered":"<p><strong>Livraison GRATUITE<\/strong> en p\u00e9ninsule (pour les livraisons dans les \u00eeles ou \u00e0 l&rsquo;\u00e9tranger, contactez-nous \u00e0 <a target=\"_new\" rel=\"noopener\">pedidos@olivapalacios.es<\/a>)<\/p>\n<p>Livraison estim\u00e9e en 24-48 heures<\/p>\n<p><strong>Contenu : 1 Coffret Magnum + 1 Bouteille en verre de 1,5 L d&rsquo;huile d&rsquo;olive vierge extra de vari\u00e9t\u00e9 d&rsquo;olive Picual (bo\u00eete d&#8217;emballage individuelle)<\/strong><\/p>\n<p>Dimensions de la bo\u00eete : (20x14x43) cm<\/p>\n<p>Poids total de la bo\u00eete : 2,5 kg<\/p>\n<p><strong>Ar\u00f4mes frais et verts<\/strong> : fruit\u00e9 vert intense, avec des attributs positifs et \u00e9quilibr\u00e9s d&rsquo;amertume et de piquant, et des ar\u00f4mes et saveurs fruit\u00e9s et herbac\u00e9s avec des notes d&rsquo;herbes aromatiques et de tomate. Exquis, savoureux et complexe.<\/p>\n<p>Emballage au design innovant et fonctionnel garantissant la conservation de la haute qualit\u00e9 et du go\u00fbt authentique de l&rsquo;huile.<\/p>\n","protected":false},"featured_media":10858,"template":"","meta":{"_et_pb_use_builder":"","_et_pb_old_content":"","_et_gb_content_width":""},"product_brand":[],"product_cat":[],"product_tag":[],"class_list":{"0":"post-10917","1":"product","2":"type-product","3":"status-publish","4":"has-post-thumbnail","7":"first","8":"instock","9":"shipping-taxable","10":"purchasable","11":"product-type-simple"},"yoast_head":"<!-- This site is optimized with the Yoast SEO plugin v27.3 - https:\/\/yoast.com\/product\/yoast-seo-wordpress\/ -->\n<title>Coffret Cadeau Magnum de Luxe<\/title>\n<meta name=\"description\" content=\"Coffret Cadeau Magnum de Luxe 1`5L vari\u00e9t\u00e9 picual, huile d&#039;olive extra vierge. Entreprise familiale. Produit : Palacio de los Olivos.\" \/>\n<meta name=\"robots\" content=\"index, follow, max-snippet:-1, max-image-preview:large, max-video-preview:-1\" \/>\n<link rel=\"canonical\" href=\"https:\/\/olivapalacios.es\/fr\/produit\/1-caisse-magnum-15l-palacio-de-los-olivos-picual\/\" \/>\n<meta property=\"og:locale\" content=\"fr_FR\" \/>\n<meta property=\"og:type\" content=\"article\" \/>\n<meta property=\"og:title\" content=\"Coffret Cadeau Magnum de Luxe\" \/>\n<meta property=\"og:description\" content=\"Coffret Cadeau Magnum de Luxe 1`5L vari\u00e9t\u00e9 picual, huile d&#039;olive extra vierge. Entreprise familiale. Produit : Palacio de los Olivos.\" \/>\n<meta property=\"og:url\" content=\"https:\/\/olivapalacios.es\/fr\/produit\/1-caisse-magnum-15l-palacio-de-los-olivos-picual\/\" \/>\n<meta property=\"og:site_name\" content=\"Olivapalacios\" \/>\n<meta property=\"article:publisher\" content=\"https:\/\/www.facebook.com\/Palaciodelosolivos\/\" \/>\n<meta property=\"og:image\" content=\"https:\/\/olivapalacios.es\/wp-content\/uploads\/2020\/12\/Regalo-Gourmet-Magnum-Lujo.jpg\" \/>\n\t<meta property=\"og:image:width\" content=\"799\" \/>\n\t<meta property=\"og:image:height\" content=\"1067\" \/>\n\t<meta property=\"og:image:type\" content=\"image\/jpeg\" \/>\n<meta name=\"twitter:card\" content=\"summary_large_image\" \/>\n<meta name=\"twitter:site\" content=\"@olivapalacios\" \/>\n<meta name=\"twitter:label1\" content=\"Dur\u00e9e de lecture estim\u00e9e\" \/>\n\t<meta name=\"twitter:data1\" content=\"2 minutes\" \/>\n<script type=\"application\/ld+json\" class=\"yoast-schema-graph\">{\"@context\":\"https:\\\/\\\/schema.org\",\"@graph\":[{\"@type\":\"WebPage\",\"@id\":\"https:\\\/\\\/olivapalacios.es\\\/fr\\\/produit\\\/1-caisse-magnum-15l-palacio-de-los-olivos-picual\\\/\",\"url\":\"https:\\\/\\\/olivapalacios.es\\\/fr\\\/produit\\\/1-caisse-magnum-15l-palacio-de-los-olivos-picual\\\/\",\"name\":\"Coffret Cadeau Magnum de Luxe\",\"isPartOf\":{\"@id\":\"https:\\\/\\\/olivapalacios.es\\\/#website\"},\"primaryImageOfPage\":{\"@id\":\"https:\\\/\\\/olivapalacios.es\\\/fr\\\/produit\\\/1-caisse-magnum-15l-palacio-de-los-olivos-picual\\\/#primaryimage\"},\"image\":{\"@id\":\"https:\\\/\\\/olivapalacios.es\\\/fr\\\/produit\\\/1-caisse-magnum-15l-palacio-de-los-olivos-picual\\\/#primaryimage\"},\"thumbnailUrl\":\"https:\\\/\\\/olivapalacios.es\\\/wp-content\\\/uploads\\\/2020\\\/12\\\/Regalo-Gourmet-Magnum-Lujo.jpg\",\"datePublished\":\"2024-03-14T10:35:20+00:00\",\"description\":\"Coffret Cadeau Magnum de Luxe 1`5L vari\u00e9t\u00e9 picual, huile d'olive extra vierge. Entreprise familiale. Produit : Palacio de los Olivos.\",\"breadcrumb\":{\"@id\":\"https:\\\/\\\/olivapalacios.es\\\/fr\\\/produit\\\/1-caisse-magnum-15l-palacio-de-los-olivos-picual\\\/#breadcrumb\"},\"inLanguage\":\"fr-FR\",\"potentialAction\":[{\"@type\":\"ReadAction\",\"target\":[\"https:\\\/\\\/olivapalacios.es\\\/fr\\\/produit\\\/1-caisse-magnum-15l-palacio-de-los-olivos-picual\\\/\"]}]},{\"@type\":\"ImageObject\",\"inLanguage\":\"fr-FR\",\"@id\":\"https:\\\/\\\/olivapalacios.es\\\/fr\\\/produit\\\/1-caisse-magnum-15l-palacio-de-los-olivos-picual\\\/#primaryimage\",\"url\":\"https:\\\/\\\/olivapalacios.es\\\/wp-content\\\/uploads\\\/2020\\\/12\\\/Regalo-Gourmet-Magnum-Lujo.jpg\",\"contentUrl\":\"https:\\\/\\\/olivapalacios.es\\\/wp-content\\\/uploads\\\/2020\\\/12\\\/Regalo-Gourmet-Magnum-Lujo.jpg\",\"width\":799,\"height\":1067,\"caption\":\"Coffret Cadeau Magnum de Luxe\"},{\"@type\":\"BreadcrumbList\",\"@id\":\"https:\\\/\\\/olivapalacios.es\\\/fr\\\/produit\\\/1-caisse-magnum-15l-palacio-de-los-olivos-picual\\\/#breadcrumb\",\"itemListElement\":[{\"@type\":\"ListItem\",\"position\":1,\"name\":\"Portada\",\"item\":\"https:\\\/\\\/olivapalacios.es\\\/fr\\\/\"},{\"@type\":\"ListItem\",\"position\":2,\"name\":\"COMPRAR\",\"item\":\"https:\\\/\\\/olivapalacios.es\\\/fr\\\/comprar\\\/\"},{\"@type\":\"ListItem\",\"position\":3,\"name\":\"1 Caisse Magnum 1,5L Palacio de Los Olivos Picual\"}]},{\"@type\":\"WebSite\",\"@id\":\"https:\\\/\\\/olivapalacios.es\\\/#website\",\"url\":\"https:\\\/\\\/olivapalacios.es\\\/\",\"name\":\"Olivapalacios\",\"description\":\"Palacio de Los Olivos, Aceite de Oliva Virgen Extra\",\"publisher\":{\"@id\":\"https:\\\/\\\/olivapalacios.es\\\/#organization\"},\"potentialAction\":[{\"@type\":\"SearchAction\",\"target\":{\"@type\":\"EntryPoint\",\"urlTemplate\":\"https:\\\/\\\/olivapalacios.es\\\/?s={search_term_string}\"},\"query-input\":{\"@type\":\"PropertyValueSpecification\",\"valueRequired\":true,\"valueName\":\"search_term_string\"}}],\"inLanguage\":\"fr-FR\"},{\"@type\":\"Organization\",\"@id\":\"https:\\\/\\\/olivapalacios.es\\\/#organization\",\"name\":\"Olivapalacios\",\"url\":\"https:\\\/\\\/olivapalacios.es\\\/\",\"logo\":{\"@type\":\"ImageObject\",\"inLanguage\":\"fr-FR\",\"@id\":\"https:\\\/\\\/olivapalacios.es\\\/#\\\/schema\\\/logo\\\/image\\\/\",\"url\":\"https:\\\/\\\/olivapalacios.es\\\/wp-content\\\/uploads\\\/2018\\\/06\\\/Logo_150-2.jpg\",\"contentUrl\":\"https:\\\/\\\/olivapalacios.es\\\/wp-content\\\/uploads\\\/2018\\\/06\\\/Logo_150-2.jpg\",\"width\":150,\"height\":143,\"caption\":\"Olivapalacios\"},\"image\":{\"@id\":\"https:\\\/\\\/olivapalacios.es\\\/#\\\/schema\\\/logo\\\/image\\\/\"},\"sameAs\":[\"https:\\\/\\\/www.facebook.com\\\/Palaciodelosolivos\\\/\",\"https:\\\/\\\/x.com\\\/olivapalacios\",\"https:\\\/\\\/www.instagram.com\\\/palaciodelosolivos\\\/\"]}]}<\/script>\n<!-- \/ Yoast SEO plugin. -->","yoast_head_json":{"title":"Coffret Cadeau Magnum de Luxe","description":"Coffret Cadeau Magnum de Luxe 1`5L vari\u00e9t\u00e9 picual, huile d'olive extra vierge. Entreprise familiale. Produit : Palacio de los Olivos.","robots":{"index":"index","follow":"follow","max-snippet":"max-snippet:-1","max-image-preview":"max-image-preview:large","max-video-preview":"max-video-preview:-1"},"canonical":"https:\/\/olivapalacios.es\/fr\/produit\/1-caisse-magnum-15l-palacio-de-los-olivos-picual\/","og_locale":"fr_FR","og_type":"article","og_title":"Coffret Cadeau Magnum de Luxe","og_description":"Coffret Cadeau Magnum de Luxe 1`5L vari\u00e9t\u00e9 picual, huile d'olive extra vierge. Entreprise familiale. Produit : Palacio de los Olivos.","og_url":"https:\/\/olivapalacios.es\/fr\/produit\/1-caisse-magnum-15l-palacio-de-los-olivos-picual\/","og_site_name":"Olivapalacios","article_publisher":"https:\/\/www.facebook.com\/Palaciodelosolivos\/","og_image":[{"width":799,"height":1067,"url":"https:\/\/olivapalacios.es\/wp-content\/uploads\/2020\/12\/Regalo-Gourmet-Magnum-Lujo.jpg","type":"image\/jpeg"}],"twitter_card":"summary_large_image","twitter_site":"@olivapalacios","twitter_misc":{"Dur\u00e9e de lecture estim\u00e9e":"2 minutes"},"schema":{"@context":"https:\/\/schema.org","@graph":[{"@type":"WebPage","@id":"https:\/\/olivapalacios.es\/fr\/produit\/1-caisse-magnum-15l-palacio-de-los-olivos-picual\/","url":"https:\/\/olivapalacios.es\/fr\/produit\/1-caisse-magnum-15l-palacio-de-los-olivos-picual\/","name":"Coffret Cadeau Magnum de Luxe","isPartOf":{"@id":"https:\/\/olivapalacios.es\/#website"},"primaryImageOfPage":{"@id":"https:\/\/olivapalacios.es\/fr\/produit\/1-caisse-magnum-15l-palacio-de-los-olivos-picual\/#primaryimage"},"image":{"@id":"https:\/\/olivapalacios.es\/fr\/produit\/1-caisse-magnum-15l-palacio-de-los-olivos-picual\/#primaryimage"},"thumbnailUrl":"https:\/\/olivapalacios.es\/wp-content\/uploads\/2020\/12\/Regalo-Gourmet-Magnum-Lujo.jpg","datePublished":"2024-03-14T10:35:20+00:00","description":"Coffret Cadeau Magnum de Luxe 1`5L vari\u00e9t\u00e9 picual, huile d'olive extra vierge. Entreprise familiale. Produit : Palacio de los Olivos.","breadcrumb":{"@id":"https:\/\/olivapalacios.es\/fr\/produit\/1-caisse-magnum-15l-palacio-de-los-olivos-picual\/#breadcrumb"},"inLanguage":"fr-FR","potentialAction":[{"@type":"ReadAction","target":["https:\/\/olivapalacios.es\/fr\/produit\/1-caisse-magnum-15l-palacio-de-los-olivos-picual\/"]}]},{"@type":"ImageObject","inLanguage":"fr-FR","@id":"https:\/\/olivapalacios.es\/fr\/produit\/1-caisse-magnum-15l-palacio-de-los-olivos-picual\/#primaryimage","url":"https:\/\/olivapalacios.es\/wp-content\/uploads\/2020\/12\/Regalo-Gourmet-Magnum-Lujo.jpg","contentUrl":"https:\/\/olivapalacios.es\/wp-content\/uploads\/2020\/12\/Regalo-Gourmet-Magnum-Lujo.jpg","width":799,"height":1067,"caption":"Coffret Cadeau Magnum de Luxe"},{"@type":"BreadcrumbList","@id":"https:\/\/olivapalacios.es\/fr\/produit\/1-caisse-magnum-15l-palacio-de-los-olivos-picual\/#breadcrumb","itemListElement":[{"@type":"ListItem","position":1,"name":"Portada","item":"https:\/\/olivapalacios.es\/fr\/"},{"@type":"ListItem","position":2,"name":"COMPRAR","item":"https:\/\/olivapalacios.es\/fr\/comprar\/"},{"@type":"ListItem","position":3,"name":"1 Caisse Magnum 1,5L Palacio de Los Olivos Picual"}]},{"@type":"WebSite","@id":"https:\/\/olivapalacios.es\/#website","url":"https:\/\/olivapalacios.es\/","name":"Olivapalacios","description":"Palacio de Los Olivos, Aceite de Oliva Virgen Extra","publisher":{"@id":"https:\/\/olivapalacios.es\/#organization"},"potentialAction":[{"@type":"SearchAction","target":{"@type":"EntryPoint","urlTemplate":"https:\/\/olivapalacios.es\/?s={search_term_string}"},"query-input":{"@type":"PropertyValueSpecification","valueRequired":true,"valueName":"search_term_string"}}],"inLanguage":"fr-FR"},{"@type":"Organization","@id":"https:\/\/olivapalacios.es\/#organization","name":"Olivapalacios","url":"https:\/\/olivapalacios.es\/","logo":{"@type":"ImageObject","inLanguage":"fr-FR","@id":"https:\/\/olivapalacios.es\/#\/schema\/logo\/image\/","url":"https:\/\/olivapalacios.es\/wp-content\/uploads\/2018\/06\/Logo_150-2.jpg","contentUrl":"https:\/\/olivapalacios.es\/wp-content\/uploads\/2018\/06\/Logo_150-2.jpg","width":150,"height":143,"caption":"Olivapalacios"},"image":{"@id":"https:\/\/olivapalacios.es\/#\/schema\/logo\/image\/"},"sameAs":["https:\/\/www.facebook.com\/Palaciodelosolivos\/","https:\/\/x.com\/olivapalacios","https:\/\/www.instagram.com\/palaciodelosolivos\/"]}]}},"_links":{"self":[{"href":"https:\/\/olivapalacios.es\/fr\/wp-json\/wp\/v2\/product\/10917","targetHints":{"allow":["GET"]}}],"collection":[{"href":"https:\/\/olivapalacios.es\/fr\/wp-json\/wp\/v2\/product"}],"about":[{"href":"https:\/\/olivapalacios.es\/fr\/wp-json\/wp\/v2\/types\/product"}],"wp:featuredmedia":[{"embeddable":true,"href":"https:\/\/olivapalacios.es\/fr\/wp-json\/wp\/v2\/media\/10858"}],"wp:attachment":[{"href":"https:\/\/olivapalacios.es\/fr\/wp-json\/wp\/v2\/media?parent=10917"}],"wp:term":[{"taxonomy":"product_brand","embeddable":true,"href":"https:\/\/olivapalacios.es\/fr\/wp-json\/wp\/v2\/product_brand?post=10917"},{"taxonomy":"product_cat","embeddable":true,"href":"https:\/\/olivapalacios.es\/fr\/wp-json\/wp\/v2\/product_cat?post=10917"},{"taxonomy":"product_tag","embeddable":true,"href":"https:\/\/olivapalacios.es\/fr\/wp-json\/wp\/v2\/product_tag?post=10917"}],"curies":[{"name":"wp","href":"https:\/\/api.w.org\/{rel}","templated":true}]}}