{"id":10915,"date":"2024-03-14T11:28:08","date_gmt":"2024-03-14T10:28:08","guid":{"rendered":"https:\/\/olivapalacios.es\/?post_type=product&#038;p=10915"},"modified":"2024-03-14T11:28:09","modified_gmt":"2024-03-14T10:28:09","slug":"meilleur-huile-du-monde","status":"publish","type":"product","link":"https:\/\/olivapalacios.es\/fr\/produit\/meilleur-huile-du-monde\/","title":{"rendered":"Bo\u00eete de 6 caisses DUO (250ml x 2) Palacio de Los Olivos Picual et Arbequina (18\u20ac\/chacun)."},"content":{"rendered":"<h1>Meilleur Huile du Monde<\/h1>\n<h2>Palacio de los Olivos<\/h2>\n<p>Laissez-vous s\u00e9duire par l&rsquo;essence de la M\u00e9diterran\u00e9e avec notre exclusif coffret de la Meilleure Huile du Monde. Ce coffret est le cadeau parfait pour les amateurs de bonne cuisine et de saveurs authentiques.<\/p>\n<p>\u00c0 l&rsquo;int\u00e9rieur, vous trouverez deux bouteilles de 250 ml d&rsquo;huile d&rsquo;olive vierge extra premium, une de la prestigieuse vari\u00e9t\u00e9 Picual et une autre de la vari\u00e9t\u00e9 douce et aromatique Arbequina.<\/p>\n<p>Ces deux vari\u00e9t\u00e9s repr\u00e9sentent le meilleur de la tradition ol\u00e9icole espagnole, chacune avec ses propres caract\u00e9ristiques et nuances qui rehausseront vos plats et raviront votre palais.<\/p>\n<p>L&rsquo;huile d&rsquo;olive vierge extra Picual se distingue par son go\u00fbt intense et son ar\u00f4me fruit\u00e9, avec des notes herbac\u00e9es et une l\u00e9g\u00e8re pointe \u00e9pic\u00e9e. Elle est parfaite pour les plats \u00e0 base de viande, les salades et les rago\u00fbts o\u00f9 l&rsquo;on recherche une saveur robuste et caract\u00e9ristique.<\/p>\n<p>D&rsquo;autre part, l&rsquo;huile d&rsquo;olive vierge extra Arbequina offre un profil plus doux et d\u00e9licat, avec des notes d&rsquo;amande et une l\u00e9g\u00e8re touche sucr\u00e9e. Elle est id\u00e9ale pour les assaisonnements de salades, les marinades et les plats o\u00f9 l&rsquo;on recherche une saveur plus douce et \u00e9quilibr\u00e9e.<\/p>\n<h2>Meilleur Huile du Monde<\/h2>\n<p>Les deux bouteilles ont \u00e9t\u00e9 soigneusement s\u00e9lectionn\u00e9es pour leur haute qualit\u00e9 et leur processus de fabrication artisanale. Provenant d&rsquo;oliviers cultiv\u00e9s avec soin dans les champs ensoleill\u00e9s d&rsquo;Espagne, notre huile d&rsquo;olive vierge extra premium est le fruit d&rsquo;une tradition centenaire et d&rsquo;un engagement envers l&rsquo;excellence.<\/p>\n<p>Le coffret offre une pr\u00e9sentation \u00e9l\u00e9gante et sophistiqu\u00e9e, parfaite pour offrir ou pour savourer lors de vos moments culinaires les plus sp\u00e9ciaux.<\/p>\n<p>D\u00e9couvrez l&rsquo;authentique saveur de l&rsquo;huile d&rsquo;olive vierge extra premium avec notre coffret de vari\u00e9t\u00e9s Picual et Arbequina. Une exp\u00e9rience gastronomique unique qui vous transportera dans les champs d&rsquo;oliviers et vous fera profiter de l&rsquo;essence de la M\u00e9diterran\u00e9e \u00e0 chaque goutte.<\/p>\n<p>LIVRAISON GRATUITE en p\u00e9ninsule (pour les livraisons dans les \u00eeles ou \u00e0 l&rsquo;\u00e9tranger, veuillez nous contacter \u00e0 l&rsquo;adresse <a target=\"_new\" rel=\"noopener\">pedidos@olivapalacios.es<\/a>)<\/p>\n<p>Livraison estim\u00e9e 24h-48h<\/p>\n<h2>Contenu : 6 Coffrets DUO + 12 Bouteilles en verre de 250 ml d&rsquo;huile d&rsquo;olive vierge extra Premium de vari\u00e9t\u00e9s d&rsquo;olives Picual (6) et Arbequina (6)<\/h2>\n<p>Dimensions du coffret : (39x19x20) cm<\/p>\n<p>Poids total du coffret : 6 kg<\/p>\n<p>Ar\u00f4mes verts frais : fruit\u00e9 vert intense, avec des attributs positifs et \u00e9quilibr\u00e9s d&rsquo;amertume et de piquant, et des ar\u00f4mes et des saveurs fruit\u00e9s et herbac\u00e9s avec des notes d&rsquo;herbes aromatiques et de tomate. Exquis, savoureux et complexe.<\/p>\n<p>Emballage au design innovant et fonctionnel qui garantit la conservation de la haute qualit\u00e9 et de l&rsquo;authentique saveur naturelle de l&rsquo;huile.<\/p>\n","protected":false},"excerpt":{"rendered":"<div class=\"react-scroll-to-bottom--css-yxrth-1n7m0yu\">\n<div class=\"flex flex-col text-sm pb-9\">\n<div class=\"w-full text-token-text-primary sm:AIPRM__conversation__response\" data-testid=\"conversation-turn-155\">\n<div class=\"px-4 py-2 justify-center text-base md:gap-6 m-auto\">\n<div class=\"flex flex-1 text-base mx-auto gap-3 md:px-5 lg:px-1 xl:px-5 md:max-w-3xl lg:max-w-[40rem] xl:max-w-[48rem] group final-completion\">\n<div class=\"relative flex w-full flex-col agent-turn\">\n<div class=\"flex-col gap-1 md:gap-3\">\n<div class=\"flex flex-grow flex-col max-w-full\">\n<div class=\"min-h-[20px] text-message flex flex-col items-start gap-3 whitespace-pre-wrap break-words [.text-message+&amp;]:mt-5 overflow-x-auto\" data-message-author-role=\"assistant\" data-message-id=\"890b9fa3-567d-45f6-8b8c-360eb56a5feb\">\n<div class=\"markdown prose w-full break-words dark:prose-invert light\">\n<p><strong>LIVRAISON GRATUITE<\/strong> en p\u00e9ninsule (pour les envois vers les \u00eeles ou \u00e0 l&rsquo;\u00e9tranger, veuillez nous contacter \u00e0 l&rsquo;adresse <a target=\"_new\" rel=\"noopener\">pedidos@olivapalacios.es<\/a>)<\/p>\n<p>Livraison estim\u00e9e en 24-48 heures<\/p>\n<p><strong>Contenu: 6 bo\u00eetes DUO + 12 bouteilles en verre de 250 ml d&rsquo;huile d&rsquo;olive vierge extra premium des vari\u00e9t\u00e9s d&rsquo;olives Picual (6) et Arbequina (6)<\/strong><\/p>\n<p>Dimensions de la bo\u00eete: (39x19x20) cm<\/p>\n<p>Poids total de la bo\u00eete: 6 kg<\/p>\n<p><strong>Ar\u00f4mes frais et verts<\/strong>: fruit\u00e9 vert intense, avec des attributs positifs et \u00e9quilibr\u00e9s d&rsquo;amertume et de piquant, ainsi que des ar\u00f4mes et des saveurs fruit\u00e9es et herbac\u00e9es avec des notes d&rsquo;herbes aromatiques et de tomate. Exquis, savoureux et complexe.<\/p>\n<p>Emballage au design innovant et fonctionnel garantissant la conservation de la haute qualit\u00e9 et du go\u00fbt naturel authentique de l&rsquo;huile.<\/p>\n<\/div>\n<\/div>\n<\/div>\n<div class=\"mt-1 flex justify-start gap-3 empty:hidden\">\n<div class=\"text-gray-400 flex self-end lg:self-center items-center justify-center lg:justify-start mt-0 -ml-1 h-7 gap-[2px] visible\"><button class=\"flex items-center gap-1.5 rounded-md p-1 text-xs text-token-text-tertiary hover:text-token-text-primary md:invisible md:group-hover:visible md:group-[.final-completion]:visible\"><\/button><button class=\"flex items-center gap-1.5 rounded-md p-1 text-xs text-token-text-tertiary hover:text-token-text-primary md:invisible md:group-hover:visible md:group-[.final-completion]:visible\"><\/button><\/p>\n<div class=\"flex items-center gap-1.5 text-xs\"><\/div>\n<div class=\"flex\"><\/div>\n<\/div>\n<\/div>\n<div class=\"pr-2 lg:pr-0\"><\/div>\n<\/div>\n<\/div>\n<\/div>\n<\/div>\n<\/div>\n<\/div>\n<\/div>\n<div id=\"AIPRM__sidebar-icon\" class=\"AIPRM__p-2 AIPRM__top-12 md:AIPRM__top-2 AIPRM__p-2 AIPRM__items-center AIPRM__transition-colors AIPRM__duration-200 AIPRM__cursor-pointer AIPRM__text-sm AIPRM__rounded-md AIPRM__border AIPRM__bg-white dark:AIPRM__bg-gray-900 AIPRM__border-black\/10 dark:AIPRM__border-white\/20 hover:AIPRM__bg-gray-50 dark:hover:AIPRM__bg-gray-850 AIPRM__cursor-pointer AIPRM__fixed AIPRM__right-4 AIPRM__z-30\" title=\"Open AIPRM sidebar\"><\/div>\n","protected":false},"featured_media":9440,"template":"","meta":{"_et_pb_use_builder":"","_et_pb_old_content":"","_et_gb_content_width":""},"product_brand":[],"product_cat":[15],"product_tag":[],"class_list":{"0":"post-10915","1":"product","2":"type-product","3":"status-publish","4":"has-post-thumbnail","6":"product_cat-uncategorized","8":"first","9":"instock","10":"shipping-taxable","11":"purchasable","12":"product-type-simple"},"yoast_head":"<!-- This site is optimized with the Yoast SEO plugin v27.3 - https:\/\/yoast.com\/product\/yoast-seo-wordpress\/ -->\n<title>Meilleur Huile du Monde<\/title>\n<meta name=\"description\" content=\"2 bouteilles en verre de 250 ml du Meilleur Huile du Monde. Vari\u00e9t\u00e9 Picual et Arbequina. Palacio de Los Olivos. Livraison estim\u00e9e de 24 \u00e0 48 heures.\" \/>\n<meta name=\"robots\" content=\"index, follow, max-snippet:-1, max-image-preview:large, max-video-preview:-1\" \/>\n<link rel=\"canonical\" href=\"https:\/\/olivapalacios.es\/fr\/produit\/meilleur-huile-du-monde\/\" \/>\n<meta property=\"og:locale\" content=\"fr_FR\" \/>\n<meta property=\"og:type\" content=\"article\" \/>\n<meta property=\"og:title\" content=\"Meilleur Huile du Monde\" \/>\n<meta property=\"og:description\" content=\"2 bouteilles en verre de 250 ml du Meilleur Huile du Monde. Vari\u00e9t\u00e9 Picual et Arbequina. Palacio de Los Olivos. Livraison estim\u00e9e de 24 \u00e0 48 heures.\" \/>\n<meta property=\"og:url\" content=\"https:\/\/olivapalacios.es\/fr\/produit\/meilleur-huile-du-monde\/\" \/>\n<meta property=\"og:site_name\" content=\"Olivapalacios\" \/>\n<meta property=\"article:publisher\" content=\"https:\/\/www.facebook.com\/Palaciodelosolivos\/\" \/>\n<meta property=\"article:modified_time\" content=\"2024-03-14T10:28:09+00:00\" \/>\n<meta property=\"og:image\" content=\"https:\/\/olivapalacios.es\/wp-content\/uploads\/2022\/06\/Mejor-Aceite-del-Mundo.jpg\" \/>\n\t<meta property=\"og:image:width\" content=\"800\" \/>\n\t<meta property=\"og:image:height\" content=\"1067\" \/>\n\t<meta property=\"og:image:type\" content=\"image\/jpeg\" \/>\n<meta name=\"twitter:card\" content=\"summary_large_image\" \/>\n<meta name=\"twitter:site\" content=\"@olivapalacios\" \/>\n<meta name=\"twitter:label1\" content=\"Dur\u00e9e de lecture estim\u00e9e\" \/>\n\t<meta name=\"twitter:data1\" content=\"3 minutes\" \/>\n<script type=\"application\/ld+json\" class=\"yoast-schema-graph\">{\"@context\":\"https:\\\/\\\/schema.org\",\"@graph\":[{\"@type\":\"WebPage\",\"@id\":\"https:\\\/\\\/olivapalacios.es\\\/fr\\\/produit\\\/meilleur-huile-du-monde\\\/\",\"url\":\"https:\\\/\\\/olivapalacios.es\\\/fr\\\/produit\\\/meilleur-huile-du-monde\\\/\",\"name\":\"Meilleur Huile du Monde\",\"isPartOf\":{\"@id\":\"https:\\\/\\\/olivapalacios.es\\\/#website\"},\"primaryImageOfPage\":{\"@id\":\"https:\\\/\\\/olivapalacios.es\\\/fr\\\/produit\\\/meilleur-huile-du-monde\\\/#primaryimage\"},\"image\":{\"@id\":\"https:\\\/\\\/olivapalacios.es\\\/fr\\\/produit\\\/meilleur-huile-du-monde\\\/#primaryimage\"},\"thumbnailUrl\":\"https:\\\/\\\/olivapalacios.es\\\/wp-content\\\/uploads\\\/2022\\\/06\\\/Mejor-Aceite-del-Mundo.jpg\",\"datePublished\":\"2024-03-14T10:28:08+00:00\",\"dateModified\":\"2024-03-14T10:28:09+00:00\",\"description\":\"2 bouteilles en verre de 250 ml du Meilleur Huile du Monde. Vari\u00e9t\u00e9 Picual et Arbequina. Palacio de Los Olivos. Livraison estim\u00e9e de 24 \u00e0 48 heures.\",\"breadcrumb\":{\"@id\":\"https:\\\/\\\/olivapalacios.es\\\/fr\\\/produit\\\/meilleur-huile-du-monde\\\/#breadcrumb\"},\"inLanguage\":\"fr-FR\",\"potentialAction\":[{\"@type\":\"ReadAction\",\"target\":[\"https:\\\/\\\/olivapalacios.es\\\/fr\\\/produit\\\/meilleur-huile-du-monde\\\/\"]}]},{\"@type\":\"ImageObject\",\"inLanguage\":\"fr-FR\",\"@id\":\"https:\\\/\\\/olivapalacios.es\\\/fr\\\/produit\\\/meilleur-huile-du-monde\\\/#primaryimage\",\"url\":\"https:\\\/\\\/olivapalacios.es\\\/wp-content\\\/uploads\\\/2022\\\/06\\\/Mejor-Aceite-del-Mundo.jpg\",\"contentUrl\":\"https:\\\/\\\/olivapalacios.es\\\/wp-content\\\/uploads\\\/2022\\\/06\\\/Mejor-Aceite-del-Mundo.jpg\",\"width\":800,\"height\":1067,\"caption\":\"Mejor aceite del mundo\"},{\"@type\":\"BreadcrumbList\",\"@id\":\"https:\\\/\\\/olivapalacios.es\\\/fr\\\/produit\\\/meilleur-huile-du-monde\\\/#breadcrumb\",\"itemListElement\":[{\"@type\":\"ListItem\",\"position\":1,\"name\":\"Portada\",\"item\":\"https:\\\/\\\/olivapalacios.es\\\/fr\\\/\"},{\"@type\":\"ListItem\",\"position\":2,\"name\":\"COMPRAR\",\"item\":\"https:\\\/\\\/olivapalacios.es\\\/fr\\\/comprar\\\/\"},{\"@type\":\"ListItem\",\"position\":3,\"name\":\"Bo\u00eete de 6 caisses DUO (250ml x 2) Palacio de Los Olivos Picual et Arbequina (18\u20ac\\\/chacun).\"}]},{\"@type\":\"WebSite\",\"@id\":\"https:\\\/\\\/olivapalacios.es\\\/#website\",\"url\":\"https:\\\/\\\/olivapalacios.es\\\/\",\"name\":\"Olivapalacios\",\"description\":\"Palacio de Los Olivos, Aceite de Oliva Virgen Extra\",\"publisher\":{\"@id\":\"https:\\\/\\\/olivapalacios.es\\\/#organization\"},\"potentialAction\":[{\"@type\":\"SearchAction\",\"target\":{\"@type\":\"EntryPoint\",\"urlTemplate\":\"https:\\\/\\\/olivapalacios.es\\\/?s={search_term_string}\"},\"query-input\":{\"@type\":\"PropertyValueSpecification\",\"valueRequired\":true,\"valueName\":\"search_term_string\"}}],\"inLanguage\":\"fr-FR\"},{\"@type\":\"Organization\",\"@id\":\"https:\\\/\\\/olivapalacios.es\\\/#organization\",\"name\":\"Olivapalacios\",\"url\":\"https:\\\/\\\/olivapalacios.es\\\/\",\"logo\":{\"@type\":\"ImageObject\",\"inLanguage\":\"fr-FR\",\"@id\":\"https:\\\/\\\/olivapalacios.es\\\/#\\\/schema\\\/logo\\\/image\\\/\",\"url\":\"https:\\\/\\\/olivapalacios.es\\\/wp-content\\\/uploads\\\/2018\\\/06\\\/Logo_150-2.jpg\",\"contentUrl\":\"https:\\\/\\\/olivapalacios.es\\\/wp-content\\\/uploads\\\/2018\\\/06\\\/Logo_150-2.jpg\",\"width\":150,\"height\":143,\"caption\":\"Olivapalacios\"},\"image\":{\"@id\":\"https:\\\/\\\/olivapalacios.es\\\/#\\\/schema\\\/logo\\\/image\\\/\"},\"sameAs\":[\"https:\\\/\\\/www.facebook.com\\\/Palaciodelosolivos\\\/\",\"https:\\\/\\\/x.com\\\/olivapalacios\",\"https:\\\/\\\/www.instagram.com\\\/palaciodelosolivos\\\/\"]}]}<\/script>\n<!-- \/ Yoast SEO plugin. -->","yoast_head_json":{"title":"Meilleur Huile du Monde","description":"2 bouteilles en verre de 250 ml du Meilleur Huile du Monde. Vari\u00e9t\u00e9 Picual et Arbequina. Palacio de Los Olivos. Livraison estim\u00e9e de 24 \u00e0 48 heures.","robots":{"index":"index","follow":"follow","max-snippet":"max-snippet:-1","max-image-preview":"max-image-preview:large","max-video-preview":"max-video-preview:-1"},"canonical":"https:\/\/olivapalacios.es\/fr\/produit\/meilleur-huile-du-monde\/","og_locale":"fr_FR","og_type":"article","og_title":"Meilleur Huile du Monde","og_description":"2 bouteilles en verre de 250 ml du Meilleur Huile du Monde. Vari\u00e9t\u00e9 Picual et Arbequina. Palacio de Los Olivos. Livraison estim\u00e9e de 24 \u00e0 48 heures.","og_url":"https:\/\/olivapalacios.es\/fr\/produit\/meilleur-huile-du-monde\/","og_site_name":"Olivapalacios","article_publisher":"https:\/\/www.facebook.com\/Palaciodelosolivos\/","article_modified_time":"2024-03-14T10:28:09+00:00","og_image":[{"width":800,"height":1067,"url":"https:\/\/olivapalacios.es\/wp-content\/uploads\/2022\/06\/Mejor-Aceite-del-Mundo.jpg","type":"image\/jpeg"}],"twitter_card":"summary_large_image","twitter_site":"@olivapalacios","twitter_misc":{"Dur\u00e9e de lecture estim\u00e9e":"3 minutes"},"schema":{"@context":"https:\/\/schema.org","@graph":[{"@type":"WebPage","@id":"https:\/\/olivapalacios.es\/fr\/produit\/meilleur-huile-du-monde\/","url":"https:\/\/olivapalacios.es\/fr\/produit\/meilleur-huile-du-monde\/","name":"Meilleur Huile du Monde","isPartOf":{"@id":"https:\/\/olivapalacios.es\/#website"},"primaryImageOfPage":{"@id":"https:\/\/olivapalacios.es\/fr\/produit\/meilleur-huile-du-monde\/#primaryimage"},"image":{"@id":"https:\/\/olivapalacios.es\/fr\/produit\/meilleur-huile-du-monde\/#primaryimage"},"thumbnailUrl":"https:\/\/olivapalacios.es\/wp-content\/uploads\/2022\/06\/Mejor-Aceite-del-Mundo.jpg","datePublished":"2024-03-14T10:28:08+00:00","dateModified":"2024-03-14T10:28:09+00:00","description":"2 bouteilles en verre de 250 ml du Meilleur Huile du Monde. Vari\u00e9t\u00e9 Picual et Arbequina. Palacio de Los Olivos. Livraison estim\u00e9e de 24 \u00e0 48 heures.","breadcrumb":{"@id":"https:\/\/olivapalacios.es\/fr\/produit\/meilleur-huile-du-monde\/#breadcrumb"},"inLanguage":"fr-FR","potentialAction":[{"@type":"ReadAction","target":["https:\/\/olivapalacios.es\/fr\/produit\/meilleur-huile-du-monde\/"]}]},{"@type":"ImageObject","inLanguage":"fr-FR","@id":"https:\/\/olivapalacios.es\/fr\/produit\/meilleur-huile-du-monde\/#primaryimage","url":"https:\/\/olivapalacios.es\/wp-content\/uploads\/2022\/06\/Mejor-Aceite-del-Mundo.jpg","contentUrl":"https:\/\/olivapalacios.es\/wp-content\/uploads\/2022\/06\/Mejor-Aceite-del-Mundo.jpg","width":800,"height":1067,"caption":"Mejor aceite del mundo"},{"@type":"BreadcrumbList","@id":"https:\/\/olivapalacios.es\/fr\/produit\/meilleur-huile-du-monde\/#breadcrumb","itemListElement":[{"@type":"ListItem","position":1,"name":"Portada","item":"https:\/\/olivapalacios.es\/fr\/"},{"@type":"ListItem","position":2,"name":"COMPRAR","item":"https:\/\/olivapalacios.es\/fr\/comprar\/"},{"@type":"ListItem","position":3,"name":"Bo\u00eete de 6 caisses DUO (250ml x 2) Palacio de Los Olivos Picual et Arbequina (18\u20ac\/chacun)."}]},{"@type":"WebSite","@id":"https:\/\/olivapalacios.es\/#website","url":"https:\/\/olivapalacios.es\/","name":"Olivapalacios","description":"Palacio de Los Olivos, Aceite de Oliva Virgen Extra","publisher":{"@id":"https:\/\/olivapalacios.es\/#organization"},"potentialAction":[{"@type":"SearchAction","target":{"@type":"EntryPoint","urlTemplate":"https:\/\/olivapalacios.es\/?s={search_term_string}"},"query-input":{"@type":"PropertyValueSpecification","valueRequired":true,"valueName":"search_term_string"}}],"inLanguage":"fr-FR"},{"@type":"Organization","@id":"https:\/\/olivapalacios.es\/#organization","name":"Olivapalacios","url":"https:\/\/olivapalacios.es\/","logo":{"@type":"ImageObject","inLanguage":"fr-FR","@id":"https:\/\/olivapalacios.es\/#\/schema\/logo\/image\/","url":"https:\/\/olivapalacios.es\/wp-content\/uploads\/2018\/06\/Logo_150-2.jpg","contentUrl":"https:\/\/olivapalacios.es\/wp-content\/uploads\/2018\/06\/Logo_150-2.jpg","width":150,"height":143,"caption":"Olivapalacios"},"image":{"@id":"https:\/\/olivapalacios.es\/#\/schema\/logo\/image\/"},"sameAs":["https:\/\/www.facebook.com\/Palaciodelosolivos\/","https:\/\/x.com\/olivapalacios","https:\/\/www.instagram.com\/palaciodelosolivos\/"]}]}},"_links":{"self":[{"href":"https:\/\/olivapalacios.es\/fr\/wp-json\/wp\/v2\/product\/10915","targetHints":{"allow":["GET"]}}],"collection":[{"href":"https:\/\/olivapalacios.es\/fr\/wp-json\/wp\/v2\/product"}],"about":[{"href":"https:\/\/olivapalacios.es\/fr\/wp-json\/wp\/v2\/types\/product"}],"wp:featuredmedia":[{"embeddable":true,"href":"https:\/\/olivapalacios.es\/fr\/wp-json\/wp\/v2\/media\/9440"}],"wp:attachment":[{"href":"https:\/\/olivapalacios.es\/fr\/wp-json\/wp\/v2\/media?parent=10915"}],"wp:term":[{"taxonomy":"product_brand","embeddable":true,"href":"https:\/\/olivapalacios.es\/fr\/wp-json\/wp\/v2\/product_brand?post=10915"},{"taxonomy":"product_cat","embeddable":true,"href":"https:\/\/olivapalacios.es\/fr\/wp-json\/wp\/v2\/product_cat?post=10915"},{"taxonomy":"product_tag","embeddable":true,"href":"https:\/\/olivapalacios.es\/fr\/wp-json\/wp\/v2\/product_tag?post=10915"}],"curies":[{"name":"wp","href":"https:\/\/api.w.org\/{rel}","templated":true}]}}