{"id":10913,"date":"2024-03-14T11:07:20","date_gmt":"2024-03-14T10:07:20","guid":{"rendered":"https:\/\/olivapalacios.es\/?post_type=product&#038;p=10913"},"modified":"2025-01-23T17:22:37","modified_gmt":"2025-01-23T16:22:37","slug":"huile-dolive-extra-vierge-picual","status":"publish","type":"product","link":"https:\/\/olivapalacios.es\/fr\/produit\/huile-dolive-extra-vierge-picual\/","title":{"rendered":"Bo\u00eete de 6 bouteilles de 500 ml de Palacio de Los Olivos Picual (9,95 \u20ac\/ud)"},"content":{"rendered":"<div class=\"react-scroll-to-bottom--css-yxrth-1n7m0yu\">\n<div class=\"flex flex-col text-sm pb-9\">\n<div class=\"w-full text-token-text-primary sm:AIPRM__conversation__response\" data-testid=\"conversation-turn-127\">\n<div class=\"px-4 py-2 justify-center text-base md:gap-6 m-auto\">\n<div class=\"flex flex-1 text-base mx-auto gap-3 md:px-5 lg:px-1 xl:px-5 md:max-w-3xl lg:max-w-[40rem] xl:max-w-[48rem] group final-completion\">\n<div class=\"relative flex w-full flex-col agent-turn\">\n<div class=\"flex-col gap-1 md:gap-3\">\n<div class=\"flex flex-grow flex-col max-w-full\">\n<div class=\"min-h-[20px] text-message flex flex-col items-start gap-3 whitespace-pre-wrap break-words [.text-message+&amp;]:mt-5 overflow-x-auto\" data-message-author-role=\"assistant\" data-message-id=\"798995bb-5ec0-442a-bf99-6e51c947fa9e\">\n<div class=\"markdown prose w-full break-words dark:prose-invert light\">\n<h1>Huile d&rsquo;olive extra vierge Picual<\/h1>\n<h2>Palacio de los olivos<\/h2>\n<p>Notre produit Aceite Virgen Extra Picual est \u00e9labor\u00e9 avec les meilleures olives de la vari\u00e9t\u00e9 Picual, offrant une exp\u00e9rience culinaire unique et pleine de saveur.<\/p>\n<p>Au Palacio de los Olivos, nous sommes fiers de vous pr\u00e9senter un produit de la plus haute qualit\u00e9, soigneusement r\u00e9colt\u00e9 et press\u00e9 pour conserver toutes ses propri\u00e9t\u00e9s naturelles.<\/p>\n<p>Notre produit gastronomique se distingue par son ar\u00f4me frais et intense, ainsi que par son go\u00fbt \u00e9quilibr\u00e9 et fruit\u00e9, avec des notes herbac\u00e9es et une l\u00e9g\u00e8re touche \u00e9pic\u00e9e qui rehausse chaque plat qu&rsquo;il touche. Notre engagement envers l&rsquo;excellence se refl\u00e8te dans chaque goutte de cet or liquide.<\/p>\n<p>De la prise en charge des oliviers au processus d&rsquo;extraction et d&#8217;embouteillage.<\/p>\n<p>Chaque bouteille est un t\u00e9moignage de notre passion pour la tradition et la qualit\u00e9.<\/p>\n<p>Que ce soit pour assaisonner des salades, rehausser la saveur de vos rago\u00fbts ou simplement pour d\u00e9guster avec du bon pain, l&rsquo;huile d&rsquo;olive vierge extra Picual de Palacio de los Olivos est le choix parfait pour les palais les plus exigeants et passionn\u00e9s de la gastronomie m\u00e9diterran\u00e9enne.<\/p>\n<p>D\u00e9couvrez le go\u00fbt authentique de l&rsquo;huile d&rsquo;olive et laissez-vous s\u00e9duire par l&rsquo;essence de la cuisine m\u00e9diterran\u00e9enne \u00e0 chaque bouch\u00e9e. Faites-en partie de vos moments les plus sp\u00e9ciaux en cuisine !<\/p>\n<p>LIVRAISON GRATUITE\u00a0en p\u00e9ninsule (pour les envois dans les \u00eeles ou \u00e0 l&rsquo;\u00e9tranger, veuillez nous contacter \u00e0 l&rsquo;adresse <a target=\"_new\" rel=\"noopener\">pedidos@olivapalacios.es<\/a>)<\/p>\n<p>Livraison estim\u00e9e 24h-48h<\/p>\n<h2>Contenu : 6 bouteilles en verre de 500 ml d&rsquo;huile d&rsquo;olive vierge extra Premium de la vari\u00e9t\u00e9 d&rsquo;olive Picual.<\/h2>\n<p>Dimensions de la bo\u00eete : (26x12x30) cm<\/p>\n<p>Poids total de la bo\u00eete : 6,2 kg<\/p>\n<p>Ar\u00f4mes frais verts :\u00a0fruiteux vert intense, avec des attributs positifs et \u00e9quilibr\u00e9s d&rsquo;amertume et de piquant, et des ar\u00f4mes et des saveurs fruit\u00e9es et herbac\u00e9es avec des notes d&rsquo;herbes aromatiques et de tomate. Exquis, savoureux et complexe. Emballage au design innovant et fonctionnel garantissant la conservation de la haute qualit\u00e9 et du go\u00fbt naturel authentique de l&rsquo;huile.<\/p>\n<\/div>\n<\/div>\n<\/div>\n<div class=\"mt-1 flex justify-start gap-3 empty:hidden\">\n<div class=\"text-gray-400 flex self-end lg:self-center items-center justify-center lg:justify-start mt-0 -ml-1 h-7 gap-[2px] visible\">\n<p>&nbsp;<\/p>\n<div class=\"flex items-center gap-1.5 text-xs\"><\/div>\n<div class=\"flex\"><\/div>\n<\/div>\n<\/div>\n<div class=\"pr-2 lg:pr-0\"><\/div>\n<\/div>\n<\/div>\n<\/div>\n<\/div>\n<\/div>\n<\/div>\n<\/div>\n<div id=\"AIPRM__sidebar-icon\" class=\"AIPRM__p-2 AIPRM__top-12 md:AIPRM__top-2 AIPRM__p-2 AIPRM__items-center AIPRM__transition-colors AIPRM__duration-200 AIPRM__cursor-pointer AIPRM__text-sm AIPRM__rounded-md AIPRM__border AIPRM__bg-white dark:AIPRM__bg-gray-900 AIPRM__border-black\/10 dark:AIPRM__border-white\/20 hover:AIPRM__bg-gray-50 dark:hover:AIPRM__bg-gray-850 AIPRM__cursor-pointer AIPRM__fixed AIPRM__right-4 AIPRM__z-30\" title=\"Open AIPRM sidebar\"><\/div>\n","protected":false},"excerpt":{"rendered":"<p><strong>Livraison GRATUITE<\/strong> en p\u00e9ninsule (pour les envois vers les \u00eeles ou \u00e0 l&rsquo;\u00e9tranger, veuillez nous contacter \u00e0 l&rsquo;adresse <a target=\"_new\" rel=\"noopener\">pedidos@olivapalacios.es<\/a>)<\/p>\n<p>Livraison estim\u00e9e en 24h-48h<\/p>\n<p><strong>Contenu : 6 bouteilles en verre de 500ml d&rsquo;huile d&rsquo;olive vierge extra Premium de vari\u00e9t\u00e9 d&rsquo;olive Picual.<\/strong><\/p>\n<p>Dimensions de la bo\u00eete : (26x12x30) cm<\/p>\n<p>Poids total de la bo\u00eete : 6,2 kg<\/p>\n<p><strong>Ar\u00f4mes frais verts<\/strong> : fruit\u00e9 vert intense, avec des attributs positifs et \u00e9quilibr\u00e9s d&rsquo;amertume et de piquant, et des ar\u00f4mes et des saveurs fruit\u00e9es et herbac\u00e9es avec des notes d&rsquo;herbes aromatiques et de tomate. Exquis, savoureux et complexe. Emballage au design innovant et fonctionnel garantissant la conservation de la haute qualit\u00e9 et du go\u00fbt naturel authentique de l&rsquo;huile.<\/p>\n","protected":false},"featured_media":12593,"template":"","meta":{"_et_pb_use_builder":"","_et_pb_old_content":"","_et_gb_content_width":""},"product_brand":[],"product_cat":[],"product_tag":[],"class_list":{"0":"post-10913","1":"product","2":"type-product","3":"status-publish","4":"has-post-thumbnail","7":"first","8":"instock","9":"shipping-taxable","10":"purchasable","11":"product-type-simple"},"yoast_head":"<!-- This site is optimized with the Yoast SEO plugin v27.3 - https:\/\/yoast.com\/product\/yoast-seo-wordpress\/ -->\n<title>Huile d&#039;olive extra vierge Picual<\/title>\n<meta name=\"description\" content=\"6 bouteilles en verre de 500 ml d&#039;huile d&#039;olive vierge extra Premium de vari\u00e9t\u00e9 Picual. Palacio de Los Olivos. Livraison estim\u00e9e 24-48h.\" \/>\n<meta name=\"robots\" content=\"index, follow, max-snippet:-1, max-image-preview:large, max-video-preview:-1\" \/>\n<link rel=\"canonical\" href=\"https:\/\/olivapalacios.es\/fr\/produit\/huile-dolive-extra-vierge-picual\/\" \/>\n<meta property=\"og:locale\" content=\"fr_FR\" \/>\n<meta property=\"og:type\" content=\"article\" \/>\n<meta property=\"og:title\" content=\"Huile d&#039;olive extra vierge Picual\" \/>\n<meta property=\"og:description\" content=\"6 bouteilles en verre de 500 ml d&#039;huile d&#039;olive vierge extra Premium de vari\u00e9t\u00e9 Picual. Palacio de Los Olivos. Livraison estim\u00e9e 24-48h.\" \/>\n<meta property=\"og:url\" content=\"https:\/\/olivapalacios.es\/fr\/produit\/huile-dolive-extra-vierge-picual\/\" \/>\n<meta property=\"og:site_name\" content=\"Olivapalacios\" \/>\n<meta property=\"article:publisher\" content=\"https:\/\/www.facebook.com\/Palaciodelosolivos\/\" \/>\n<meta property=\"article:modified_time\" content=\"2025-01-23T16:22:37+00:00\" \/>\n<meta property=\"og:image\" content=\"http:\/\/olivapalacios.es\/wp-content\/uploads\/2023\/12\/picual-nueva-frontal-scaled.jpg\" \/>\n\t<meta property=\"og:image:width\" content=\"1920\" \/>\n\t<meta property=\"og:image:height\" content=\"2560\" \/>\n\t<meta property=\"og:image:type\" content=\"image\/jpeg\" \/>\n<meta name=\"twitter:card\" content=\"summary_large_image\" \/>\n<meta name=\"twitter:site\" content=\"@olivapalacios\" \/>\n<meta name=\"twitter:label1\" content=\"Dur\u00e9e de lecture estim\u00e9e\" \/>\n\t<meta name=\"twitter:data1\" content=\"2 minutes\" \/>\n<script type=\"application\/ld+json\" class=\"yoast-schema-graph\">{\"@context\":\"https:\\\/\\\/schema.org\",\"@graph\":[{\"@type\":\"WebPage\",\"@id\":\"https:\\\/\\\/olivapalacios.es\\\/fr\\\/produit\\\/huile-dolive-extra-vierge-picual\\\/\",\"url\":\"https:\\\/\\\/olivapalacios.es\\\/fr\\\/produit\\\/huile-dolive-extra-vierge-picual\\\/\",\"name\":\"Huile d'olive extra vierge Picual\",\"isPartOf\":{\"@id\":\"https:\\\/\\\/olivapalacios.es\\\/#website\"},\"primaryImageOfPage\":{\"@id\":\"https:\\\/\\\/olivapalacios.es\\\/fr\\\/produit\\\/huile-dolive-extra-vierge-picual\\\/#primaryimage\"},\"image\":{\"@id\":\"https:\\\/\\\/olivapalacios.es\\\/fr\\\/produit\\\/huile-dolive-extra-vierge-picual\\\/#primaryimage\"},\"thumbnailUrl\":\"https:\\\/\\\/olivapalacios.es\\\/wp-content\\\/uploads\\\/2023\\\/12\\\/picual-nueva-frontal-scaled.jpg\",\"datePublished\":\"2024-03-14T10:07:20+00:00\",\"dateModified\":\"2025-01-23T16:22:37+00:00\",\"description\":\"6 bouteilles en verre de 500 ml d'huile d'olive vierge extra Premium de vari\u00e9t\u00e9 Picual. Palacio de Los Olivos. Livraison estim\u00e9e 24-48h.\",\"breadcrumb\":{\"@id\":\"https:\\\/\\\/olivapalacios.es\\\/fr\\\/produit\\\/huile-dolive-extra-vierge-picual\\\/#breadcrumb\"},\"inLanguage\":\"fr-FR\",\"potentialAction\":[{\"@type\":\"ReadAction\",\"target\":[\"https:\\\/\\\/olivapalacios.es\\\/fr\\\/produit\\\/huile-dolive-extra-vierge-picual\\\/\"]}]},{\"@type\":\"ImageObject\",\"inLanguage\":\"fr-FR\",\"@id\":\"https:\\\/\\\/olivapalacios.es\\\/fr\\\/produit\\\/huile-dolive-extra-vierge-picual\\\/#primaryimage\",\"url\":\"https:\\\/\\\/olivapalacios.es\\\/wp-content\\\/uploads\\\/2023\\\/12\\\/picual-nueva-frontal-scaled.jpg\",\"contentUrl\":\"https:\\\/\\\/olivapalacios.es\\\/wp-content\\\/uploads\\\/2023\\\/12\\\/picual-nueva-frontal-scaled.jpg\",\"width\":1920,\"height\":2560,\"caption\":\"Botella Picual de 500ml\"},{\"@type\":\"BreadcrumbList\",\"@id\":\"https:\\\/\\\/olivapalacios.es\\\/fr\\\/produit\\\/huile-dolive-extra-vierge-picual\\\/#breadcrumb\",\"itemListElement\":[{\"@type\":\"ListItem\",\"position\":1,\"name\":\"Portada\",\"item\":\"https:\\\/\\\/olivapalacios.es\\\/fr\\\/\"},{\"@type\":\"ListItem\",\"position\":2,\"name\":\"COMPRAR\",\"item\":\"https:\\\/\\\/olivapalacios.es\\\/fr\\\/comprar\\\/\"},{\"@type\":\"ListItem\",\"position\":3,\"name\":\"Bo\u00eete de 6 bouteilles de 500 ml de Palacio de Los Olivos Picual (9,95 \u20ac\\\/ud)\"}]},{\"@type\":\"WebSite\",\"@id\":\"https:\\\/\\\/olivapalacios.es\\\/#website\",\"url\":\"https:\\\/\\\/olivapalacios.es\\\/\",\"name\":\"Olivapalacios\",\"description\":\"Palacio de Los Olivos, Aceite de Oliva Virgen Extra\",\"publisher\":{\"@id\":\"https:\\\/\\\/olivapalacios.es\\\/#organization\"},\"potentialAction\":[{\"@type\":\"SearchAction\",\"target\":{\"@type\":\"EntryPoint\",\"urlTemplate\":\"https:\\\/\\\/olivapalacios.es\\\/?s={search_term_string}\"},\"query-input\":{\"@type\":\"PropertyValueSpecification\",\"valueRequired\":true,\"valueName\":\"search_term_string\"}}],\"inLanguage\":\"fr-FR\"},{\"@type\":\"Organization\",\"@id\":\"https:\\\/\\\/olivapalacios.es\\\/#organization\",\"name\":\"Olivapalacios\",\"url\":\"https:\\\/\\\/olivapalacios.es\\\/\",\"logo\":{\"@type\":\"ImageObject\",\"inLanguage\":\"fr-FR\",\"@id\":\"https:\\\/\\\/olivapalacios.es\\\/#\\\/schema\\\/logo\\\/image\\\/\",\"url\":\"https:\\\/\\\/olivapalacios.es\\\/wp-content\\\/uploads\\\/2018\\\/06\\\/Logo_150-2.jpg\",\"contentUrl\":\"https:\\\/\\\/olivapalacios.es\\\/wp-content\\\/uploads\\\/2018\\\/06\\\/Logo_150-2.jpg\",\"width\":150,\"height\":143,\"caption\":\"Olivapalacios\"},\"image\":{\"@id\":\"https:\\\/\\\/olivapalacios.es\\\/#\\\/schema\\\/logo\\\/image\\\/\"},\"sameAs\":[\"https:\\\/\\\/www.facebook.com\\\/Palaciodelosolivos\\\/\",\"https:\\\/\\\/x.com\\\/olivapalacios\",\"https:\\\/\\\/www.instagram.com\\\/palaciodelosolivos\\\/\"]}]}<\/script>\n<!-- \/ Yoast SEO plugin. -->","yoast_head_json":{"title":"Huile d'olive extra vierge Picual","description":"6 bouteilles en verre de 500 ml d'huile d'olive vierge extra Premium de vari\u00e9t\u00e9 Picual. Palacio de Los Olivos. Livraison estim\u00e9e 24-48h.","robots":{"index":"index","follow":"follow","max-snippet":"max-snippet:-1","max-image-preview":"max-image-preview:large","max-video-preview":"max-video-preview:-1"},"canonical":"https:\/\/olivapalacios.es\/fr\/produit\/huile-dolive-extra-vierge-picual\/","og_locale":"fr_FR","og_type":"article","og_title":"Huile d'olive extra vierge Picual","og_description":"6 bouteilles en verre de 500 ml d'huile d'olive vierge extra Premium de vari\u00e9t\u00e9 Picual. Palacio de Los Olivos. Livraison estim\u00e9e 24-48h.","og_url":"https:\/\/olivapalacios.es\/fr\/produit\/huile-dolive-extra-vierge-picual\/","og_site_name":"Olivapalacios","article_publisher":"https:\/\/www.facebook.com\/Palaciodelosolivos\/","article_modified_time":"2025-01-23T16:22:37+00:00","og_image":[{"width":1920,"height":2560,"url":"http:\/\/olivapalacios.es\/wp-content\/uploads\/2023\/12\/picual-nueva-frontal-scaled.jpg","type":"image\/jpeg"}],"twitter_card":"summary_large_image","twitter_site":"@olivapalacios","twitter_misc":{"Dur\u00e9e de lecture estim\u00e9e":"2 minutes"},"schema":{"@context":"https:\/\/schema.org","@graph":[{"@type":"WebPage","@id":"https:\/\/olivapalacios.es\/fr\/produit\/huile-dolive-extra-vierge-picual\/","url":"https:\/\/olivapalacios.es\/fr\/produit\/huile-dolive-extra-vierge-picual\/","name":"Huile d'olive extra vierge Picual","isPartOf":{"@id":"https:\/\/olivapalacios.es\/#website"},"primaryImageOfPage":{"@id":"https:\/\/olivapalacios.es\/fr\/produit\/huile-dolive-extra-vierge-picual\/#primaryimage"},"image":{"@id":"https:\/\/olivapalacios.es\/fr\/produit\/huile-dolive-extra-vierge-picual\/#primaryimage"},"thumbnailUrl":"https:\/\/olivapalacios.es\/wp-content\/uploads\/2023\/12\/picual-nueva-frontal-scaled.jpg","datePublished":"2024-03-14T10:07:20+00:00","dateModified":"2025-01-23T16:22:37+00:00","description":"6 bouteilles en verre de 500 ml d'huile d'olive vierge extra Premium de vari\u00e9t\u00e9 Picual. Palacio de Los Olivos. Livraison estim\u00e9e 24-48h.","breadcrumb":{"@id":"https:\/\/olivapalacios.es\/fr\/produit\/huile-dolive-extra-vierge-picual\/#breadcrumb"},"inLanguage":"fr-FR","potentialAction":[{"@type":"ReadAction","target":["https:\/\/olivapalacios.es\/fr\/produit\/huile-dolive-extra-vierge-picual\/"]}]},{"@type":"ImageObject","inLanguage":"fr-FR","@id":"https:\/\/olivapalacios.es\/fr\/produit\/huile-dolive-extra-vierge-picual\/#primaryimage","url":"https:\/\/olivapalacios.es\/wp-content\/uploads\/2023\/12\/picual-nueva-frontal-scaled.jpg","contentUrl":"https:\/\/olivapalacios.es\/wp-content\/uploads\/2023\/12\/picual-nueva-frontal-scaled.jpg","width":1920,"height":2560,"caption":"Botella Picual de 500ml"},{"@type":"BreadcrumbList","@id":"https:\/\/olivapalacios.es\/fr\/produit\/huile-dolive-extra-vierge-picual\/#breadcrumb","itemListElement":[{"@type":"ListItem","position":1,"name":"Portada","item":"https:\/\/olivapalacios.es\/fr\/"},{"@type":"ListItem","position":2,"name":"COMPRAR","item":"https:\/\/olivapalacios.es\/fr\/comprar\/"},{"@type":"ListItem","position":3,"name":"Bo\u00eete de 6 bouteilles de 500 ml de Palacio de Los Olivos Picual (9,95 \u20ac\/ud)"}]},{"@type":"WebSite","@id":"https:\/\/olivapalacios.es\/#website","url":"https:\/\/olivapalacios.es\/","name":"Olivapalacios","description":"Palacio de Los Olivos, Aceite de Oliva Virgen Extra","publisher":{"@id":"https:\/\/olivapalacios.es\/#organization"},"potentialAction":[{"@type":"SearchAction","target":{"@type":"EntryPoint","urlTemplate":"https:\/\/olivapalacios.es\/?s={search_term_string}"},"query-input":{"@type":"PropertyValueSpecification","valueRequired":true,"valueName":"search_term_string"}}],"inLanguage":"fr-FR"},{"@type":"Organization","@id":"https:\/\/olivapalacios.es\/#organization","name":"Olivapalacios","url":"https:\/\/olivapalacios.es\/","logo":{"@type":"ImageObject","inLanguage":"fr-FR","@id":"https:\/\/olivapalacios.es\/#\/schema\/logo\/image\/","url":"https:\/\/olivapalacios.es\/wp-content\/uploads\/2018\/06\/Logo_150-2.jpg","contentUrl":"https:\/\/olivapalacios.es\/wp-content\/uploads\/2018\/06\/Logo_150-2.jpg","width":150,"height":143,"caption":"Olivapalacios"},"image":{"@id":"https:\/\/olivapalacios.es\/#\/schema\/logo\/image\/"},"sameAs":["https:\/\/www.facebook.com\/Palaciodelosolivos\/","https:\/\/x.com\/olivapalacios","https:\/\/www.instagram.com\/palaciodelosolivos\/"]}]}},"_links":{"self":[{"href":"https:\/\/olivapalacios.es\/fr\/wp-json\/wp\/v2\/product\/10913","targetHints":{"allow":["GET"]}}],"collection":[{"href":"https:\/\/olivapalacios.es\/fr\/wp-json\/wp\/v2\/product"}],"about":[{"href":"https:\/\/olivapalacios.es\/fr\/wp-json\/wp\/v2\/types\/product"}],"wp:featuredmedia":[{"embeddable":true,"href":"https:\/\/olivapalacios.es\/fr\/wp-json\/wp\/v2\/media\/12593"}],"wp:attachment":[{"href":"https:\/\/olivapalacios.es\/fr\/wp-json\/wp\/v2\/media?parent=10913"}],"wp:term":[{"taxonomy":"product_brand","embeddable":true,"href":"https:\/\/olivapalacios.es\/fr\/wp-json\/wp\/v2\/product_brand?post=10913"},{"taxonomy":"product_cat","embeddable":true,"href":"https:\/\/olivapalacios.es\/fr\/wp-json\/wp\/v2\/product_cat?post=10913"},{"taxonomy":"product_tag","embeddable":true,"href":"https:\/\/olivapalacios.es\/fr\/wp-json\/wp\/v2\/product_tag?post=10913"}],"curies":[{"name":"wp","href":"https:\/\/api.w.org\/{rel}","templated":true}]}}