{"id":10946,"date":"2024-03-14T17:04:51","date_gmt":"2024-03-14T16:04:51","guid":{"rendered":"https:\/\/olivapalacios.es\/?page_id=10946"},"modified":"2025-01-23T17:14:29","modified_gmt":"2025-01-23T16:14:29","slug":"acheter-olivapalacios","status":"publish","type":"page","link":"https:\/\/olivapalacios.es\/fr\/acheter-olivapalacios\/","title":{"rendered":"ACHAT"},"content":{"rendered":"<p>[et_pb_section fb_built=\u00a0\u00bb1&Prime; _builder_version=\u00a0\u00bb4.27.4&Prime; _module_preset=\u00a0\u00bbdefault\u00a0\u00bb global_colors_info=\u00a0\u00bb{}\u00a0\u00bb][et_pb_row _builder_version=\u00a0\u00bb4.27.4&Prime; _module_preset=\u00a0\u00bbdefault\u00a0\u00bb global_colors_info=\u00a0\u00bb{}\u00a0\u00bb][et_pb_column type=\u00a0\u00bb4_4&Prime; _builder_version=\u00a0\u00bb4.16&Prime; _module_preset=\u00a0\u00bbdefault\u00a0\u00bb global_colors_info=\u00a0\u00bb{}\u00a0\u00bb][et_pb_shop _builder_version=\u00a0\u00bb4.27.4&Prime; _module_preset=\u00a0\u00bbdefault\u00a0\u00bb title_font_size=\u00a0\u00bb17px\u00a0\u00bb price_font=\u00a0\u00bb|600|||||||\u00a0\u00bb price_text_color=\u00a0\u00bb#BC4B00&Prime; price_font_size=\u00a0\u00bb16px\u00a0\u00bb hover_enabled=\u00a0\u00bb0&Prime; global_colors_info=\u00a0\u00bb{}\u00a0\u00bb sticky_enabled=\u00a0\u00bb0&Prime;][\/et_pb_shop][\/et_pb_column][\/et_pb_row][\/et_pb_section]<\/p>\n","protected":false},"excerpt":{"rendered":"","protected":false},"author":2,"featured_media":0,"parent":0,"menu_order":0,"comment_status":"closed","ping_status":"closed","template":"","meta":{"_et_pb_use_builder":"on","_et_pb_old_content":"","_et_gb_content_width":"","footnotes":""},"class_list":["post-10946","page","type-page","status-publish","hentry"],"yoast_head":"<!-- This site is optimized with the Yoast SEO plugin v27.2 - https:\/\/yoast.com\/product\/yoast-seo-wordpress\/ -->\n<title>ACHETER - Olivapalacios<\/title>\n<meta name=\"description\" content=\"Ici, vous pouvez acc\u00e9der \u00e0 notre boutique o\u00f9 vous trouverez une large s\u00e9lection de produits, y compris les vari\u00e9t\u00e9s Picual,Arbequina,Arbosana\" \/>\n<meta name=\"robots\" content=\"index, follow, max-snippet:-1, max-image-preview:large, max-video-preview:-1\" \/>\n<link rel=\"canonical\" href=\"https:\/\/olivapalacios.es\/fr\/acheter-olivapalacios\/\" \/>\n<meta property=\"og:locale\" content=\"fr_FR\" \/>\n<meta property=\"og:type\" content=\"article\" \/>\n<meta property=\"og:title\" content=\"ACHETER - Olivapalacios\" \/>\n<meta property=\"og:description\" content=\"Ici, vous pouvez acc\u00e9der \u00e0 notre boutique o\u00f9 vous trouverez une large s\u00e9lection de produits, y compris les vari\u00e9t\u00e9s Picual,Arbequina,Arbosana\" \/>\n<meta property=\"og:url\" content=\"https:\/\/olivapalacios.es\/fr\/acheter-olivapalacios\/\" \/>\n<meta property=\"og:site_name\" content=\"Olivapalacios\" \/>\n<meta property=\"article:publisher\" content=\"https:\/\/www.facebook.com\/Palaciodelosolivos\/\" \/>\n<meta property=\"article:modified_time\" content=\"2025-01-23T16:14:29+00:00\" \/>\n<meta name=\"twitter:card\" content=\"summary_large_image\" \/>\n<meta name=\"twitter:site\" content=\"@olivapalacios\" \/>\n<meta name=\"twitter:label1\" content=\"Dur\u00e9e de lecture estim\u00e9e\" \/>\n\t<meta name=\"twitter:data1\" content=\"3 minutes\" \/>\n<script type=\"application\/ld+json\" class=\"yoast-schema-graph\">{\"@context\":\"https:\/\/schema.org\",\"@graph\":[{\"@type\":\"WebPage\",\"@id\":\"https:\/\/olivapalacios.es\/fr\/acheter-olivapalacios\/\",\"url\":\"https:\/\/olivapalacios.es\/fr\/acheter-olivapalacios\/\",\"name\":\"ACHETER - Olivapalacios\",\"isPartOf\":{\"@id\":\"https:\/\/olivapalacios.es\/#website\"},\"datePublished\":\"2024-03-14T16:04:51+00:00\",\"dateModified\":\"2025-01-23T16:14:29+00:00\",\"description\":\"Ici, vous pouvez acc\u00e9der \u00e0 notre boutique o\u00f9 vous trouverez une large s\u00e9lection de produits, y compris les vari\u00e9t\u00e9s Picual,Arbequina,Arbosana\",\"breadcrumb\":{\"@id\":\"https:\/\/olivapalacios.es\/fr\/acheter-olivapalacios\/#breadcrumb\"},\"inLanguage\":\"fr-FR\",\"potentialAction\":[{\"@type\":\"ReadAction\",\"target\":[\"https:\/\/olivapalacios.es\/fr\/acheter-olivapalacios\/\"]}]},{\"@type\":\"BreadcrumbList\",\"@id\":\"https:\/\/olivapalacios.es\/fr\/acheter-olivapalacios\/#breadcrumb\",\"itemListElement\":[{\"@type\":\"ListItem\",\"position\":1,\"name\":\"Portada\",\"item\":\"https:\/\/olivapalacios.es\/fr\/\"},{\"@type\":\"ListItem\",\"position\":2,\"name\":\"ACHAT\"}]},{\"@type\":\"WebSite\",\"@id\":\"https:\/\/olivapalacios.es\/#website\",\"url\":\"https:\/\/olivapalacios.es\/\",\"name\":\"Olivapalacios\",\"description\":\"Palacio de Los Olivos, Aceite de Oliva Virgen Extra\",\"publisher\":{\"@id\":\"https:\/\/olivapalacios.es\/#organization\"},\"potentialAction\":[{\"@type\":\"SearchAction\",\"target\":{\"@type\":\"EntryPoint\",\"urlTemplate\":\"https:\/\/olivapalacios.es\/?s={search_term_string}\"},\"query-input\":{\"@type\":\"PropertyValueSpecification\",\"valueRequired\":true,\"valueName\":\"search_term_string\"}}],\"inLanguage\":\"fr-FR\"},{\"@type\":\"Organization\",\"@id\":\"https:\/\/olivapalacios.es\/#organization\",\"name\":\"Olivapalacios\",\"url\":\"https:\/\/olivapalacios.es\/\",\"logo\":{\"@type\":\"ImageObject\",\"inLanguage\":\"fr-FR\",\"@id\":\"https:\/\/olivapalacios.es\/#\/schema\/logo\/image\/\",\"url\":\"https:\/\/olivapalacios.es\/wp-content\/uploads\/2018\/06\/Logo_150-2.jpg\",\"contentUrl\":\"https:\/\/olivapalacios.es\/wp-content\/uploads\/2018\/06\/Logo_150-2.jpg\",\"width\":150,\"height\":143,\"caption\":\"Olivapalacios\"},\"image\":{\"@id\":\"https:\/\/olivapalacios.es\/#\/schema\/logo\/image\/\"},\"sameAs\":[\"https:\/\/www.facebook.com\/Palaciodelosolivos\/\",\"https:\/\/x.com\/olivapalacios\",\"https:\/\/www.instagram.com\/palaciodelosolivos\/\"]}]}<\/script>\n<!-- \/ Yoast SEO plugin. -->","yoast_head_json":{"title":"ACHETER - Olivapalacios","description":"Ici, vous pouvez acc\u00e9der \u00e0 notre boutique o\u00f9 vous trouverez une large s\u00e9lection de produits, y compris les vari\u00e9t\u00e9s Picual,Arbequina,Arbosana","robots":{"index":"index","follow":"follow","max-snippet":"max-snippet:-1","max-image-preview":"max-image-preview:large","max-video-preview":"max-video-preview:-1"},"canonical":"https:\/\/olivapalacios.es\/fr\/acheter-olivapalacios\/","og_locale":"fr_FR","og_type":"article","og_title":"ACHETER - Olivapalacios","og_description":"Ici, vous pouvez acc\u00e9der \u00e0 notre boutique o\u00f9 vous trouverez une large s\u00e9lection de produits, y compris les vari\u00e9t\u00e9s Picual,Arbequina,Arbosana","og_url":"https:\/\/olivapalacios.es\/fr\/acheter-olivapalacios\/","og_site_name":"Olivapalacios","article_publisher":"https:\/\/www.facebook.com\/Palaciodelosolivos\/","article_modified_time":"2025-01-23T16:14:29+00:00","twitter_card":"summary_large_image","twitter_site":"@olivapalacios","twitter_misc":{"Dur\u00e9e de lecture estim\u00e9e":"3 minutes"},"schema":{"@context":"https:\/\/schema.org","@graph":[{"@type":"WebPage","@id":"https:\/\/olivapalacios.es\/fr\/acheter-olivapalacios\/","url":"https:\/\/olivapalacios.es\/fr\/acheter-olivapalacios\/","name":"ACHETER - Olivapalacios","isPartOf":{"@id":"https:\/\/olivapalacios.es\/#website"},"datePublished":"2024-03-14T16:04:51+00:00","dateModified":"2025-01-23T16:14:29+00:00","description":"Ici, vous pouvez acc\u00e9der \u00e0 notre boutique o\u00f9 vous trouverez une large s\u00e9lection de produits, y compris les vari\u00e9t\u00e9s Picual,Arbequina,Arbosana","breadcrumb":{"@id":"https:\/\/olivapalacios.es\/fr\/acheter-olivapalacios\/#breadcrumb"},"inLanguage":"fr-FR","potentialAction":[{"@type":"ReadAction","target":["https:\/\/olivapalacios.es\/fr\/acheter-olivapalacios\/"]}]},{"@type":"BreadcrumbList","@id":"https:\/\/olivapalacios.es\/fr\/acheter-olivapalacios\/#breadcrumb","itemListElement":[{"@type":"ListItem","position":1,"name":"Portada","item":"https:\/\/olivapalacios.es\/fr\/"},{"@type":"ListItem","position":2,"name":"ACHAT"}]},{"@type":"WebSite","@id":"https:\/\/olivapalacios.es\/#website","url":"https:\/\/olivapalacios.es\/","name":"Olivapalacios","description":"Palacio de Los Olivos, Aceite de Oliva Virgen Extra","publisher":{"@id":"https:\/\/olivapalacios.es\/#organization"},"potentialAction":[{"@type":"SearchAction","target":{"@type":"EntryPoint","urlTemplate":"https:\/\/olivapalacios.es\/?s={search_term_string}"},"query-input":{"@type":"PropertyValueSpecification","valueRequired":true,"valueName":"search_term_string"}}],"inLanguage":"fr-FR"},{"@type":"Organization","@id":"https:\/\/olivapalacios.es\/#organization","name":"Olivapalacios","url":"https:\/\/olivapalacios.es\/","logo":{"@type":"ImageObject","inLanguage":"fr-FR","@id":"https:\/\/olivapalacios.es\/#\/schema\/logo\/image\/","url":"https:\/\/olivapalacios.es\/wp-content\/uploads\/2018\/06\/Logo_150-2.jpg","contentUrl":"https:\/\/olivapalacios.es\/wp-content\/uploads\/2018\/06\/Logo_150-2.jpg","width":150,"height":143,"caption":"Olivapalacios"},"image":{"@id":"https:\/\/olivapalacios.es\/#\/schema\/logo\/image\/"},"sameAs":["https:\/\/www.facebook.com\/Palaciodelosolivos\/","https:\/\/x.com\/olivapalacios","https:\/\/www.instagram.com\/palaciodelosolivos\/"]}]}},"_links":{"self":[{"href":"https:\/\/olivapalacios.es\/fr\/wp-json\/wp\/v2\/pages\/10946","targetHints":{"allow":["GET"]}}],"collection":[{"href":"https:\/\/olivapalacios.es\/fr\/wp-json\/wp\/v2\/pages"}],"about":[{"href":"https:\/\/olivapalacios.es\/fr\/wp-json\/wp\/v2\/types\/page"}],"author":[{"embeddable":true,"href":"https:\/\/olivapalacios.es\/fr\/wp-json\/wp\/v2\/users\/2"}],"replies":[{"embeddable":true,"href":"https:\/\/olivapalacios.es\/fr\/wp-json\/wp\/v2\/comments?post=10946"}],"version-history":[{"count":0,"href":"https:\/\/olivapalacios.es\/fr\/wp-json\/wp\/v2\/pages\/10946\/revisions"}],"wp:attachment":[{"href":"https:\/\/olivapalacios.es\/fr\/wp-json\/wp\/v2\/media?parent=10946"}],"curies":[{"name":"wp","href":"https:\/\/api.w.org\/{rel}","templated":true}]}}