{"id":5218,"date":"2019-03-28T13:26:12","date_gmt":"2019-03-28T12:26:12","guid":{"rendered":"https:\/\/olivapalacios.es\/politica-de-cookies\/"},"modified":"2020-07-29T10:07:54","modified_gmt":"2020-07-29T08:07:54","slug":"politica-de-cookies","status":"publish","type":"page","link":"https:\/\/olivapalacios.es\/en\/politica-de-cookies\/","title":{"rendered":"Pol\u00edtica de cookies"},"content":{"rendered":"&#13;\n<h2 class=\"wp-block-heading\">En olivapalacios.es usamos cookies<\/h2>&#13;\n&#13;\n<p>olivapalacios.es utiliza cookies para mejorar la experiencia de los usuarios, facilitando la navegaci\u00f3n por nuestra web. Estamos haciendo todo lo posible por facilitar el uso de dichas cookies, as\u00ed como su gesti\u00f3n y control al utilizar nuestros servicios.<\/p>&#13;\n&#13;\n<p><strong>\u00bfQu\u00e9 son las cookies?<\/strong><\/p>&#13;\n&#13;\n<p>Las cookies son peque\u00f1os archivos de texto que se almacenan en el dispositivo del usuario de Internet al visitar una p\u00e1gina web. Es el operador del sitio web el que determina qu\u00e9 tipo de informaci\u00f3n contiene dicha cookie y cu\u00e1l es su prop\u00f3sito, pudiendo adem\u00e1s ser utilizada por el servidor web cada vez que visite dicha web. Se utilizan las cookies para ahorrar tiempo y hacer la experiencia de navegaci\u00f3n web mucho m\u00e1s eficiente. No obstante, pueden ser usadas con varios prop\u00f3sitos diferentes que van desde recordar la informaci\u00f3n de inicio de sesi\u00f3n o lo que contiene su pedido de compra.<\/p>&#13;\n&#13;\n<p>Existen una gran cantidad de gu\u00edas en las que se explica lo que son las cookies, y para qu\u00e9 se utilizan. Por nuestra parte, les explicaremos c\u00f3mo afectan estas cookies a la p\u00e1gina web de olivapalacios.es, pero en el caso de que necesite m\u00e1s informaci\u00f3n al respecto, eche un vistazo a estas p\u00e1ginas:<\/p>&#13;\n&#13;\n<ul><li><a href=\"http:\/\/www.allaboutcookies.org\/\">http:\/\/www.allaboutcookies.org<\/a><\/li><\/ul>&#13;\n<li><a href=\"http:\/\/www.youronlinechoices.eu\/\">http:\/\/www.youronlinechoices.eu<\/a><\/li>&#13;\n<li><a href=\"http:\/\/www.international-chamber.co.uk\/our-expertise\/digitaleconomy\">http:\/\/www.international-chamber.co.uk\/our-expertise\/digitaleconomy<\/a><\/li>&#13;\n&#13;\n&#13;\n<p><strong>\u00bfC\u00f3mo utiliza olivapalacios.es las cookies?<\/strong><\/p>&#13;\n&#13;\n<p>olivapalacios.es tan solo utilizar\u00e1 las cookies que Usted nos deje utilizar. Podr\u00e1 controlar sus cookies a trav\u00e9s de su navegador. Podr\u00e1 encontrar m\u00e1s informaci\u00f3n al respecto m\u00e1s adelante. Hemos utilizado algunas de las gu\u00edas existentes para clasificar las cookies que usamos en varios grupos:<\/p>&#13;\n&#13;\n<ol><li><strong>Cookies de Rendimiento<\/strong><\/li><\/ol>&#13;\n<li><strong>Cookies Funcionales<\/strong><\/li>&#13;\n<li><strong>Cookies de Marketing<\/strong><\/li>&#13;\n&#13;\n&#13;\n<p>A continuaci\u00f3n encontrar\u00e1 m\u00e1s informaci\u00f3n sobre cada uno de estos tipos de cookies.<\/p>&#13;\n&#13;\n<p><strong>1. Cookies de Rendimiento<\/strong><\/p>&#13;\n&#13;\n<p>Se trata de cookies que recogen informaci\u00f3n sobre c\u00f3mo utiliza el sitio web (por ejemplo, las p\u00e1ginas que visita o si se produce alg\u00fan error) y que tambi\u00e9n ayudan a olivapalacios.es a la localizaci\u00f3n y soluci\u00f3n de problemas del sitio web. Toda la informaci\u00f3n recogida en las mismas es totalmente an\u00f3nima y nos ayuda a entender c\u00f3mo funciona nuestro sitio, realizando las mejoras oportunas para facilitar su navegaci\u00f3n.<\/p>&#13;\n&#13;\n<p>Dichas cookies permitir\u00e1n:<\/p>&#13;\n&#13;\n<ul><li>Que Usted navegue por el sitio<\/li><\/ul>&#13;\n<li>Que olivapalacios.es recompile informaci\u00f3n sobre c\u00f3mo utiliza Usted la p\u00e1gina web, para as\u00ed entender la usabilidad del sitio, y ayudarnos a implementar las mejoras necesarias. Estas cookies no recoger\u00e1n ninguna informaci\u00f3n sobre Usted que pueda ser usada con fines publicitarios, o informaci\u00f3n acerca de sus preferencias (tales como sus datos de usuario) m\u00e1s all\u00e1 de esa visita en particular.<\/li>&#13;\n&#13;\n&#13;\n<p>2. <strong>Cookies Funcionales<\/strong><\/p>&#13;\n&#13;\n<p>Nuestro prop\u00f3sito con estas cookies no es otro que mejorar la experiencia de los usuarios de olivapalacios.es. Podr\u00e1 rechazar en cualquier momento el uso de dichas cookies. olivapalacios.es utiliza estas cookies para recordar ciertos par\u00e1metros de configuraci\u00f3n o para proporcionar ciertos servicios o mensajes que pueden llegar a mejorar su experiencia en nuestro sitio. Por ejemplo, recuerdan el pa\u00eds o el idioma que ha seleccionado al visitar las p\u00e1ginas, y no se utilizan con fines de marketing.<\/p>&#13;\n&#13;\n<p>Dichas cookies permitir\u00e1n:<\/p>&#13;\n&#13;\n<ul><li>Recordar sus datos de inicio de sesi\u00f3n como cliente al volver a la p\u00e1gina<\/li>&#13;\n<\/ul>&#13;\n<p>Estas cookies no recoger\u00e1n ninguna informaci\u00f3n sobre Usted que pueda ser usada con fines publicitarios, o informaci\u00f3n acerca de sus preferencias (tales como sus datos de usuario) m\u00e1s all\u00e1 de esa visita en particular.<\/p>&#13;\n&#13;\n<p>3. <strong>Cookies de Marketing<\/strong><\/p>&#13;\n&#13;\n<p>Dichas cookies son gestionadas por terceros, con lo que podr\u00e1 utilizar las herramientas de \u00e9stos para restringir el uso de estas cookies. Algunas de las cookies se utilizan para enlazar a otras p\u00e1ginas web que proporcionan ciertos servicios a olivapalacios.es, como puede ser el caso de Facebook, Twitter o Google. Algunas de estas cookies modificar\u00e1n los anuncios de otras webs para adaptarlos a sus preferencias.<\/p>&#13;\n&#13;\n<p>Estas cookies permitir\u00e1n:<\/p>&#13;\n&#13;\n<ul><li>Enlazar con redes sociales<\/li>&#13;\n<\/ul>&#13;\n<p>Adem\u00e1s de aceptar o rechazar el uso de ciertas cookies a trav\u00e9s de la p\u00e1gina web de olivapalacios.es, tambi\u00e9n podr\u00e1 gestionarlas haciendo uso de la configuraci\u00f3n de su navegador.<\/p>&#13;\n&#13;\n<p>Aqu\u00ed tiene una fuente de informaci\u00f3n sobre c\u00f3mo llevar a cabo dicho proceso: <a href=\"http:\/\/www.allaboutcookies.org\/manage-cookies\/\">http:\/\/www.allaboutcookies.org\/manage-cookies\/<\/a><\/p>&#13;\n&#13;\n<p>Tan solo leeremos o escribiremos cookies acerca de sus preferencias. Aquellas que hayan sido instaladas antes de modificar la configuraci\u00f3n permanecer\u00e1n en su ordenador y podr\u00e1 borrarlas haciendo uso de las opciones de configuraci\u00f3n de su navegador.<\/p>&#13;\n<p><!--EndFragment--><\/p>\n","protected":false},"excerpt":{"rendered":"<p>&#13; En olivapalacios.es usamos cookies&#13; &#13; olivapalacios.es utiliza cookies para mejorar la experiencia de los usuarios, facilitando la navegaci\u00f3n por nuestra web. Estamos haciendo todo lo posible por facilitar el uso de dichas cookies, as\u00ed como su gesti\u00f3n y control al utilizar nuestros servicios.&#13; &#13; \u00bfQu\u00e9 son las cookies?&#13; &#13; Las cookies son peque\u00f1os archivos [&hellip;]<\/p>\n","protected":false},"author":2,"featured_media":0,"parent":0,"menu_order":0,"comment_status":"closed","ping_status":"closed","template":"","meta":{"_et_pb_use_builder":"on","_et_pb_old_content":"","_et_gb_content_width":"","footnotes":""},"class_list":["post-5218","page","type-page","status-publish","hentry"],"yoast_head":"<!-- This site is optimized with the Yoast SEO plugin v27.3 - https:\/\/yoast.com\/product\/yoast-seo-wordpress\/ -->\n<title>Pol\u00edtica de cookies - Olivapalacios<\/title>\n<meta name=\"robots\" content=\"index, follow, max-snippet:-1, max-image-preview:large, max-video-preview:-1\" \/>\n<link rel=\"canonical\" href=\"https:\/\/olivapalacios.es\/politica-de-cookies\/\" \/>\n<meta property=\"og:locale\" content=\"en_US\" \/>\n<meta property=\"og:type\" content=\"article\" \/>\n<meta property=\"og:title\" content=\"Pol\u00edtica de cookies - Olivapalacios\" \/>\n<meta property=\"og:description\" content=\"&#013; En olivapalacios.es usamos cookies&#013; &#013; olivapalacios.es utiliza cookies para mejorar la experiencia de los usuarios, facilitando la navegaci\u00f3n por nuestra web. Estamos haciendo todo lo posible por facilitar el uso de dichas cookies, as\u00ed como su gesti\u00f3n y control al utilizar nuestros servicios.&#013; &#013; \u00bfQu\u00e9 son las cookies?&#013; &#013; Las cookies son peque\u00f1os archivos [&hellip;]\" \/>\n<meta property=\"og:url\" content=\"https:\/\/olivapalacios.es\/politica-de-cookies\/\" \/>\n<meta property=\"og:site_name\" content=\"Olivapalacios\" \/>\n<meta property=\"article:publisher\" content=\"https:\/\/www.facebook.com\/Palaciodelosolivos\/\" \/>\n<meta property=\"article:modified_time\" content=\"2020-07-29T08:07:54+00:00\" \/>\n<meta name=\"twitter:card\" content=\"summary_large_image\" \/>\n<meta name=\"twitter:site\" content=\"@olivapalacios\" \/>\n<meta name=\"twitter:label1\" content=\"Est. reading time\" \/>\n\t<meta name=\"twitter:data1\" content=\"4 minutes\" \/>\n<script type=\"application\/ld+json\" class=\"yoast-schema-graph\">{\"@context\":\"https:\\\/\\\/schema.org\",\"@graph\":[{\"@type\":\"WebPage\",\"@id\":\"https:\\\/\\\/olivapalacios.es\\\/politica-de-cookies\\\/\",\"url\":\"https:\\\/\\\/olivapalacios.es\\\/politica-de-cookies\\\/\",\"name\":\"Pol\u00edtica de cookies - Olivapalacios\",\"isPartOf\":{\"@id\":\"https:\\\/\\\/olivapalacios.es\\\/#website\"},\"datePublished\":\"2019-03-28T12:26:12+00:00\",\"dateModified\":\"2020-07-29T08:07:54+00:00\",\"breadcrumb\":{\"@id\":\"https:\\\/\\\/olivapalacios.es\\\/politica-de-cookies\\\/#breadcrumb\"},\"inLanguage\":\"en-US\",\"potentialAction\":[{\"@type\":\"ReadAction\",\"target\":[\"https:\\\/\\\/olivapalacios.es\\\/politica-de-cookies\\\/\"]}]},{\"@type\":\"BreadcrumbList\",\"@id\":\"https:\\\/\\\/olivapalacios.es\\\/politica-de-cookies\\\/#breadcrumb\",\"itemListElement\":[{\"@type\":\"ListItem\",\"position\":1,\"name\":\"Portada\",\"item\":\"https:\\\/\\\/olivapalacios.es\\\/en\\\/\"},{\"@type\":\"ListItem\",\"position\":2,\"name\":\"Pol\u00edtica de cookies\"}]},{\"@type\":\"WebSite\",\"@id\":\"https:\\\/\\\/olivapalacios.es\\\/#website\",\"url\":\"https:\\\/\\\/olivapalacios.es\\\/\",\"name\":\"Olivapalacios\",\"description\":\"Palacio de Los Olivos, Aceite de Oliva Virgen Extra\",\"publisher\":{\"@id\":\"https:\\\/\\\/olivapalacios.es\\\/#organization\"},\"potentialAction\":[{\"@type\":\"SearchAction\",\"target\":{\"@type\":\"EntryPoint\",\"urlTemplate\":\"https:\\\/\\\/olivapalacios.es\\\/?s={search_term_string}\"},\"query-input\":{\"@type\":\"PropertyValueSpecification\",\"valueRequired\":true,\"valueName\":\"search_term_string\"}}],\"inLanguage\":\"en-US\"},{\"@type\":\"Organization\",\"@id\":\"https:\\\/\\\/olivapalacios.es\\\/#organization\",\"name\":\"Olivapalacios\",\"url\":\"https:\\\/\\\/olivapalacios.es\\\/\",\"logo\":{\"@type\":\"ImageObject\",\"inLanguage\":\"en-US\",\"@id\":\"https:\\\/\\\/olivapalacios.es\\\/#\\\/schema\\\/logo\\\/image\\\/\",\"url\":\"https:\\\/\\\/olivapalacios.es\\\/wp-content\\\/uploads\\\/2018\\\/06\\\/Logo_150-2.jpg\",\"contentUrl\":\"https:\\\/\\\/olivapalacios.es\\\/wp-content\\\/uploads\\\/2018\\\/06\\\/Logo_150-2.jpg\",\"width\":150,\"height\":143,\"caption\":\"Olivapalacios\"},\"image\":{\"@id\":\"https:\\\/\\\/olivapalacios.es\\\/#\\\/schema\\\/logo\\\/image\\\/\"},\"sameAs\":[\"https:\\\/\\\/www.facebook.com\\\/Palaciodelosolivos\\\/\",\"https:\\\/\\\/x.com\\\/olivapalacios\",\"https:\\\/\\\/www.instagram.com\\\/palaciodelosolivos\\\/\"]}]}<\/script>\n<!-- \/ Yoast SEO plugin. -->","yoast_head_json":{"title":"Pol\u00edtica de cookies - Olivapalacios","robots":{"index":"index","follow":"follow","max-snippet":"max-snippet:-1","max-image-preview":"max-image-preview:large","max-video-preview":"max-video-preview:-1"},"canonical":"https:\/\/olivapalacios.es\/politica-de-cookies\/","og_locale":"en_US","og_type":"article","og_title":"Pol\u00edtica de cookies - Olivapalacios","og_description":"&#13; En olivapalacios.es usamos cookies&#13; &#13; olivapalacios.es utiliza cookies para mejorar la experiencia de los usuarios, facilitando la navegaci\u00f3n por nuestra web. Estamos haciendo todo lo posible por facilitar el uso de dichas cookies, as\u00ed como su gesti\u00f3n y control al utilizar nuestros servicios.&#13; &#13; \u00bfQu\u00e9 son las cookies?&#13; &#13; Las cookies son peque\u00f1os archivos [&hellip;]","og_url":"https:\/\/olivapalacios.es\/politica-de-cookies\/","og_site_name":"Olivapalacios","article_publisher":"https:\/\/www.facebook.com\/Palaciodelosolivos\/","article_modified_time":"2020-07-29T08:07:54+00:00","twitter_card":"summary_large_image","twitter_site":"@olivapalacios","twitter_misc":{"Est. reading time":"4 minutes"},"schema":{"@context":"https:\/\/schema.org","@graph":[{"@type":"WebPage","@id":"https:\/\/olivapalacios.es\/politica-de-cookies\/","url":"https:\/\/olivapalacios.es\/politica-de-cookies\/","name":"Pol\u00edtica de cookies - Olivapalacios","isPartOf":{"@id":"https:\/\/olivapalacios.es\/#website"},"datePublished":"2019-03-28T12:26:12+00:00","dateModified":"2020-07-29T08:07:54+00:00","breadcrumb":{"@id":"https:\/\/olivapalacios.es\/politica-de-cookies\/#breadcrumb"},"inLanguage":"en-US","potentialAction":[{"@type":"ReadAction","target":["https:\/\/olivapalacios.es\/politica-de-cookies\/"]}]},{"@type":"BreadcrumbList","@id":"https:\/\/olivapalacios.es\/politica-de-cookies\/#breadcrumb","itemListElement":[{"@type":"ListItem","position":1,"name":"Portada","item":"https:\/\/olivapalacios.es\/en\/"},{"@type":"ListItem","position":2,"name":"Pol\u00edtica de cookies"}]},{"@type":"WebSite","@id":"https:\/\/olivapalacios.es\/#website","url":"https:\/\/olivapalacios.es\/","name":"Olivapalacios","description":"Palacio de Los Olivos, Aceite de Oliva Virgen Extra","publisher":{"@id":"https:\/\/olivapalacios.es\/#organization"},"potentialAction":[{"@type":"SearchAction","target":{"@type":"EntryPoint","urlTemplate":"https:\/\/olivapalacios.es\/?s={search_term_string}"},"query-input":{"@type":"PropertyValueSpecification","valueRequired":true,"valueName":"search_term_string"}}],"inLanguage":"en-US"},{"@type":"Organization","@id":"https:\/\/olivapalacios.es\/#organization","name":"Olivapalacios","url":"https:\/\/olivapalacios.es\/","logo":{"@type":"ImageObject","inLanguage":"en-US","@id":"https:\/\/olivapalacios.es\/#\/schema\/logo\/image\/","url":"https:\/\/olivapalacios.es\/wp-content\/uploads\/2018\/06\/Logo_150-2.jpg","contentUrl":"https:\/\/olivapalacios.es\/wp-content\/uploads\/2018\/06\/Logo_150-2.jpg","width":150,"height":143,"caption":"Olivapalacios"},"image":{"@id":"https:\/\/olivapalacios.es\/#\/schema\/logo\/image\/"},"sameAs":["https:\/\/www.facebook.com\/Palaciodelosolivos\/","https:\/\/x.com\/olivapalacios","https:\/\/www.instagram.com\/palaciodelosolivos\/"]}]}},"_links":{"self":[{"href":"https:\/\/olivapalacios.es\/en\/wp-json\/wp\/v2\/pages\/5218","targetHints":{"allow":["GET"]}}],"collection":[{"href":"https:\/\/olivapalacios.es\/en\/wp-json\/wp\/v2\/pages"}],"about":[{"href":"https:\/\/olivapalacios.es\/en\/wp-json\/wp\/v2\/types\/page"}],"author":[{"embeddable":true,"href":"https:\/\/olivapalacios.es\/en\/wp-json\/wp\/v2\/users\/2"}],"replies":[{"embeddable":true,"href":"https:\/\/olivapalacios.es\/en\/wp-json\/wp\/v2\/comments?post=5218"}],"version-history":[{"count":0,"href":"https:\/\/olivapalacios.es\/en\/wp-json\/wp\/v2\/pages\/5218\/revisions"}],"wp:attachment":[{"href":"https:\/\/olivapalacios.es\/en\/wp-json\/wp\/v2\/media?parent=5218"}],"curies":[{"name":"wp","href":"https:\/\/api.w.org\/{rel}","templated":true}]}}