{"id":10983,"date":"2019-06-25T15:03:55","date_gmt":"2019-06-25T13:03:55","guid":{"rendered":"https:\/\/olivapalacios.es\/general-terms-and-conditions-of-purchasing\/"},"modified":"2024-03-15T10:45:36","modified_gmt":"2024-03-15T09:45:36","slug":"general-terms-and-conditions-of-purchasing","status":"publish","type":"page","link":"https:\/\/olivapalacios.es\/en\/general-terms-and-conditions-of-purchasing\/","title":{"rendered":"General Terms and Conditions of Purchasing"},"content":{"rendered":"<p>[et_pb_section fb_built=&#8221;1&#8243; admin_label=&#8221;section&#8221; _builder_version=&#8221;3.22&#8243;][et_pb_row admin_label=&#8221;row&#8221; _builder_version=&#8221;3.25&#8243; background_size=&#8221;initial&#8221; background_position=&#8221;top_left&#8221; background_repeat=&#8221;repeat&#8221;][et_pb_column type=&#8221;4_4&#8243; _builder_version=&#8221;3.25&#8243; custom_padding=&#8221;|||&#8221; custom_padding__hover=&#8221;|||&#8221;][et_pb_text admin_label=&#8221;Text&#8221; _builder_version=&#8221;4.8.2&#8243; background_size=&#8221;initial&#8221; background_position=&#8221;top_left&#8221; background_repeat=&#8221;repeat&#8221; hover_enabled=&#8221;0&#8243; sticky_enabled=&#8221;0&#8243; custom_padding=&#8221;||0px|||&#8221;]<\/p>\n<ol>\n<li>\n<h3><strong>Condiciones Generales de Venta<\/strong><\/h3>\n<\/li>\n<\/ol>\n<p style=\"padding-left: 60px;\">Las presentes condiciones generales de venta se aplican estrictamente a todas las ventas de productos efectuadas por <strong>Olivapalacios<\/strong>, en el \u00e1mbito internacional, con destino a sus clientes.<\/p>\n<p style=\"padding-left: 60px;\">Todo pedido efectuado por un cliente a <strong>Olivapalacios<\/strong> implica necesariamente a t\u00edtulo de condici\u00f3n esencial, determinante e imprescindible, la aceptaci\u00f3n sin reservas por el <strong>cliente<\/strong> de las Condiciones Generales de Venta de <strong>Olivapalacios<\/strong> vigentes el d\u00eda en que se lleve a cabo el pedido. Adem\u00e1s, el <strong>cliente<\/strong> reconoce que la aceptaci\u00f3n de las presentes condiciones implicar\u00e1 la aplicaci\u00f3n de \u00e9stas al pedido al que se refieren, as\u00ed como a todo pedido posterior, con excepci\u00f3n de aquellos casos en los que nuevas condiciones sean puestas en su conocimiento por <strong>Olivapalacios<\/strong>. El hecho de que <strong>Olivapalacios<\/strong> no recurra en un momento dado a cualquiera de las presentes condiciones no puede ser interpretado ni equivaldr\u00e1 a renunciar a recurrir a ellas en el futuro o en el pasado.<\/p>\n<p style=\"padding-left: 60px;\">Ley aplicable y jurisdicci\u00f3n competente. La interpretaci\u00f3n y la ejecuci\u00f3n de estas condiciones, as\u00ed como todos los actos que se sean consecuencia de ellas, quedar\u00e1n sometidos al derecho espa\u00f1ol, salvo que existan disposiciones de orden p\u00fablico contrarias a ello.<\/p>\n<p>&nbsp;<\/p>\n<ol start=\"2\">\n<li>\n<h3><strong>C\u00f3mo hacer un pedido:<\/strong><\/h3>\n<\/li>\n<\/ol>\n<p style=\"padding-left: 60px;\">Los pedidos pueden efectuarse se las siguientes maneras:<\/p>\n<ol>\n<li>Por tel\u00e9fono: en el n\u00famero de tel\u00e9fono espa\u00f1ol (+34) 91 308 24 82<\/li>\n<li>Por email: en la direcci\u00f3n de correo electr\u00f3nico <a href=\"mailto:pedidos@olivapalacios.es\">pedidos@olivapalacios.es<\/a><\/li>\n<\/ol>\n<p style=\"padding-left: 60px;\">En ambos casos, se informar\u00e1 al <strong>cliente<\/strong> sobre los productos disponibles para la venta, sus caracter\u00edsticas, los precios, la forma de pago y las condiciones de entrega, tanto por tel\u00e9fono como por correo electr\u00f3nico. Y, en ambos casos, el <strong>cliente<\/strong> deber\u00e1 facilitar sus datos personales (nombre, apellidos, direcci\u00f3n de entrega, direcci\u00f3n de email y n\u00famero de tel\u00e9fono)<\/p>\n<p style=\"padding-left: 60px;\">Una vez el cliente comunique su deseo de compra, <strong>Olivapalacios<\/strong> le enviar\u00e1 un correo electr\u00f3nico con un albar\u00e1n adjunto detallando el pedido, para su posterior confirmaci\u00f3n.<\/p>\n<p style=\"padding-left: 60px;\">Una vez confirmado el pedido, el cliente debe proceder al pago y enviar un justificante por correo electr\u00f3nico o esperar a que <strong>Olivapalacios<\/strong> confirme que se ha hecho efectivo en el banco. El <strong>cliente<\/strong> se compromete y obliga a presentar documentaci\u00f3n veraz sobre el pago.<\/p>\n<p style=\"padding-left: 60px;\">Una vez recibido el importe de la compra, <strong>Olivapalacios<\/strong> proceder\u00e1 a la preparaci\u00f3n y env\u00edo de la mercanc\u00eda pedida, a nombre de la persona y en la direcci\u00f3n indicadas por el <strong>cliente<\/strong>.<\/p>\n<p style=\"padding-left: 60px;\">Por defecto, las facturas se enviar\u00e1n a la direcci\u00f3n de email indicada por el <strong>cliente<\/strong>.<\/p>\n<p style=\"padding-left: 60px;\"><strong><u>Anulaci\u00f3n de un pedido:<\/u><\/strong> Un pedido puede ser anulado por tel\u00e9fono o por correo electr\u00f3nico.<\/p>\n<ul>\n<li>Si la anulaci\u00f3n se efect\u00faa antes de la salida de la mercanc\u00eda, el cliente no correr\u00e1 con ning\u00fan gasto.<\/li>\n<li>En el caso en el que la anulaci\u00f3n se efect\u00fae despu\u00e9s de la salida del pedido, el cliente tendr\u00e1 que abonar los gastos de env\u00edo y los de devoluci\u00f3n, por lo que solo se le devolver\u00e1 parte del importe pagado por el pedido.<\/li>\n<\/ul>\n<p>&nbsp;<\/p>\n<ol start=\"3\">\n<li>\n<h3><strong>Precios<\/strong><\/h3>\n<\/li>\n<\/ol>\n<p style=\"padding-left: 60px;\">Los precios ofrecidos por <strong>Olivapalacios<\/strong> son en Euros y son vigentes salvo error tipogr\u00e1fico. A todos los precios se les aplica el porcentaje de I.V.A. aplicable al producto y al transporte en el d\u00eda del pedido. Cualquier cambio de tasa de I.V.A. ser\u00e1 aplicado autom\u00e1ticamente.<\/p>\n<p style=\"padding-left: 60px;\">El precio ofrecido como <em>oferta<\/em> sobre los productos en venta de <strong>Olivapalacios<\/strong> ser\u00e1n v\u00e1lidos exclusivamente en\/ durante en la\/s fecha\/s estipulada\/s el d\u00eda del pedido.<\/p>\n<p>&nbsp;<\/p>\n<ol start=\"4\">\n<li>\n<h3><strong>Forma de pago: Prepago<\/strong><\/h3>\n<\/li>\n<\/ol>\n<p style=\"padding-left: 60px;\">Las compras realizadas a <strong>Olivapalacios<\/strong> deben ser abonadas en el momento de realizar el pedido, mediante las siguientes formas de pago:<\/p>\n<ol>\n<li><strong>Transferencia bancaria al Banco Santander<\/strong><\/li>\n<\/ol>\n<p style=\"padding-left: 60px;\"><strong>IBAN ES14 0049 1861 11 2010392169<\/strong><\/p>\n<p style=\"padding-left: 60px;\">Beneficiario: OLIVAPALACIOS, S.L.<\/p>\n<p style=\"padding-left: 60px;\">Concepto: n\u00ba de factura\/albar\u00e1n, y nombre de la empresa\/particular<\/p>\n<p style=\"padding-left: 60px;\">El cliente (pagador del pedido) deber\u00e1 enviar justificante de pago por correo electr\u00f3nico a la siguiente direcci\u00f3n (<a href=\"mailto:administracion@olivapalacios.es\">administracion@olivapalacios.es<\/a>) Una vez recibido el justificante, <strong>Olivapalacios<\/strong> proceder\u00e1 al env\u00edo del pedido.<\/p>\n<p>&nbsp;<\/p>\n<ol start=\"2\">\n<li style=\"list-style-type: none;\">\n<ol>\n<li><strong>Paypal: <a href=\"mailto:nuria@olivapalacios.es\">nuria@olivapalacios.es<\/a><\/strong><\/li>\n<\/ol>\n<\/li>\n<\/ol>\n<p style=\"padding-left: 60px;\">Se redirigir\u00e1 al cliente a la web segura de Paypal (<a href=\"https:\/\/www.paypal.com\">https:\/\/www.paypal.com<\/a>) desde donde podr\u00e1 realizar el pago. <strong>Olivapalacios<\/strong> no tendr\u00e1 acceso, en ning\u00fan momento, a ning\u00fan dato del usuario\/cliente introducido en la web de Paypal.<\/p>\n<p style=\"padding-left: 60px;\">Beneficiario: OLIVAPALACIOS, S.L.<\/p>\n<p style=\"padding-left: 60px;\">Concepto: n\u00ba de factura\/albar\u00e1n, y nombre de la empresa\/particular<\/p>\n<p style=\"padding-left: 60px;\">Paypal enviar\u00e1 justificante de pago por correo electr\u00f3nico y una vez <strong>Olivapalacios<\/strong> haya recibido el justificante, proceder\u00e1 al env\u00edo del pedido.<\/p>\n<p>&nbsp;<\/p>\n<ol start=\"5\">\n<li>\n<h3><strong>Producto<\/strong><\/h3>\n<\/li>\n<\/ol>\n<p style=\"padding-left: 60px;\"><strong>Olivapalacios<\/strong> ofrece para su venta los siguientes productos:<\/p>\n<ol style=\"padding-left: 60px;\">\n<li>Botella de vidrio de aceite de oliva virgen extra de capacidad 500ml, marca Palacio de los Olivos.<\/li>\n<li>Botella de vidrio de aceite de oliva virgen extra de capacidad 250ml, marca Palacio de los Olivos.<\/li>\n<li>Latas de metal de aceite de oliva virgen extra de capacidad 3 litros, marca Motilla de los Palacios.<\/li>\n<\/ol>\n<p style=\"padding-left: 60px;\"><strong>Olivapalacios<\/strong> se reserva el derecho de modificar el surtido de productos.<\/p>\n<p style=\"padding-left: 60px;\">Las fotograf\u00edas, grafismos y las descripciones de los productos propuestos a la venta solo son orientativos y no comprometen de ninguna manera a <strong>Olivapalacios<\/strong>.<\/p>\n<p style=\"padding-left: 60px;\">Existe un l\u00edmite de existencias disponibles.<\/p>\n<p>&nbsp;<\/p>\n<ol start=\"6\">\n<li>\n<h3><strong>Env\u00edos: nacionales e internacionales<\/strong><\/h3>\n<\/li>\n<\/ol>\n<p style=\"padding-left: 60px;\">Los productos adquiridos por los clientes se entregar\u00e1n seg\u00fan los datos y especificaciones ofrecidos por el cliente al respecto.<\/p>\n<p style=\"padding-left: 60px;\">Los s\u00e1bados, domingos y d\u00edas festivos no habr\u00e1 ni salida ni entrega de mercanc\u00eda, a nivel internacional.<\/p>\n<p style=\"padding-left: 60px;\">Un pedido se considera entregado en el momento en que el transportista entrega la mercanc\u00eda al destinatario y \u00e9ste firme el albar\u00e1n de entrega de la empresa transportista. Corresponde al receptor verificar el estado de la mercanc\u00eda en el momento de la entrega y, en su caso, indicar las posibles anomal\u00edas, para que queden registradas en el albar\u00e1n de entrega.<\/p>\n<p>&nbsp;<\/p>\n<ol start=\"7\">\n<li>\n<h3><strong>Devoluci\u00f3n de un pedido<\/strong><\/h3>\n<\/li>\n<\/ol>\n<p style=\"padding-left: 60px;\">El cliente puede ejercer el derecho de devolver cualquier art\u00edculo comprado en <strong>Olivapalacios<\/strong> en el plazo de <strong>7 d\u00edas h\u00e1biles<\/strong> desde la fecha de recepci\u00f3n. No tendr\u00e1 que aportar ninguna explicaci\u00f3n y s\u00ed tiene que devolverlo en perfectas condiciones de conservaci\u00f3n, sin abrir y en su embalaje original. En un plazo m\u00e1ximo de <strong>10 d\u00edas h\u00e1biles<\/strong> desde la recepci\u00f3n en las instalaciones de <strong>Olivapalacios<\/strong> de la mercanc\u00eda, <strong>Olivapalacios<\/strong> se compromete a reembolsar el importe correspondiente al producto y el <strong>cliente<\/strong> correr\u00e1 con los gastos de transporte, tanto de ida como de vuelta, que ser\u00e1 deducido del importe total del pedido pagado.<\/p>\n<p style=\"padding-left: 60px;\">Si la causa de la devoluci\u00f3n fuese porque el art\u00edculo recibido es defectuoso o no coincide en tipolog\u00eda o cantidad a lo solicitado en el pedido, el <strong>cliente<\/strong> queda exento de gastos y ser\u00e1n a cargo de <strong>Olivapalacios<\/strong>, que enviar\u00e1, a la mayor brevedad posible, una reposici\u00f3n exacta de lo defectuoso, sin coste para el <strong>cliente<\/strong>. Es importante que el cliente deje constancia en el momento de recibir el pedido, para que quede reflejado en el albar\u00e1n de entrega del transportista. Si ocurriera despu\u00e9s, deber\u00e1 justificarlo con fotograf\u00edas veraces y por medio de comunicaci\u00f3n escrita a <a href=\"mailto:pedidos@olivapalacios.es\">pedidos@olivapalacios.es<\/a>.<\/p>\n<p>&nbsp;<\/p>\n<ol start=\"8\">\n<li>\n<h3><strong>Protecci\u00f3n de datos<\/strong><\/h3>\n<\/li>\n<\/ol>\n<p style=\"padding-left: 60px;\"><strong>Olivapalacios, S.L.<\/strong>, con C.I.F. n\u00famero B-85797116 y domicilio social en C\/ Zurbano 49, Of.1, 28010 Madrid, Espa\u00f1a, en adelante, <strong>Olivapalacios<\/strong>, es titular del web site \u201colivapalacios.es\u201d.<\/p>\n<p style=\"padding-left: 60px;\">De acuerdo con la normativa vigente en materia de protecci\u00f3n de datos, as\u00ed como en materia de servicios de la sociedad de la informaci\u00f3n y de comercio electr\u00f3nico, el <strong>cliente<\/strong> acepta que los datos personales aportados en el momento de su pedido, o cualquier otro dato facilitado a <strong>Olivapalacios<\/strong>, sean incorporados a ficheros titularidad de <strong>Olivapalacios<\/strong> con la finalidad de facilitar la prestaci\u00f3n de los servicios solicitados, y para la correcta identificaci\u00f3n de los <strong>clientes<\/strong> que solicitan servicios personalizados, para la realizaci\u00f3n de estudios estad\u00edsticos que permitan dise\u00f1ar mejoras en los servicios prestados, para la gesti\u00f3n de tareas b\u00e1sicas de administraci\u00f3n, as\u00ed como para mantenerle informado, bien por correo electr\u00f3nico, bien por cualquier otro medio, de novedades sobre productos y servicios relacionados con <strong>Olivapalacios<\/strong> o con terceras empresas colaboradoras. En el caso de comunicaciones comerciales a trav\u00e9s de correo electr\u00f3nico o medio equivalente, el <strong>cliente<\/strong> presta su consentimiento expreso para el env\u00edo de publicidad a trav\u00e9s de dicho medio.<\/p>\n<p style=\"padding-left: 60px;\"><strong>Olivapalacios<\/strong> se compromete al cumplimiento de su obligaci\u00f3n de secreto de los datos de car\u00e1cter personal y de su deber de tratarlos con confidencialidad, y asume, a estos efectos, las medidas de \u00edndole t\u00e9cnica, organizativa y de seguridad necesarias para evitar su alteraci\u00f3n, p\u00e9rdida, tratamiento o acceso no autorizado, de acuerdo con lo establecido en la Ley Org\u00e1nica 15\/1999 de 13 de diciembre, de Protecci\u00f3n de Datos de Car\u00e1cter Personal, y dem\u00e1s legislaci\u00f3n aplicable. El <strong>cliente<\/strong> responder\u00e1, en cualquier caso, de la veracidad de los datos facilitados, reserv\u00e1ndose <strong>Olivapalacios<\/strong> el derecho a excluir de los servicios registrados a todo <strong>cliente<\/strong> que haya facilitado datos falsos, sin perjuicio de las dem\u00e1s acciones que procedan en Derecho. Cualquier <strong>cliente<\/strong> registrado puede en cualquier momento ejercer el derecho a acceder, rectificar y, en su caso, cancelar, los datos de car\u00e1cter personal suministrados, mediante petici\u00f3n escrita a <strong>Olivapalacios,<\/strong> por correo postal, en C\/ Zurbano 49, Of.1, 28010 Madrid, Espa\u00f1a; o por correo electr\u00f3nico, en <a href=\"mailto:info@olivapalacios.es\">info@olivapalacios.es<\/a>.<br \/>\n<strong><br \/>\nOlivapalacios, S.L.<\/strong> Inscrita en el Registro Mercantil de Madrid, en el Tomo 27.207, Folio 32, Secci\u00f3n 8, Hoja M-490217, Inscripci\u00f3n 1, con C.I.F. B-85797116 y domicilio social y fiscal en C\/ Zurbano 49, Of.1, 28010 Madrid, Espa\u00f1a.<\/p>\n<p>[\/et_pb_text][\/et_pb_column][\/et_pb_row][\/et_pb_section]<\/p>\n","protected":false},"excerpt":{"rendered":"<p>Condiciones Generales de Venta Las presentes condiciones generales de venta se aplican estrictamente a todas las ventas de productos efectuadas por Olivapalacios, en el \u00e1mbito internacional, con destino a sus clientes. Todo pedido efectuado por un cliente a Olivapalacios implica necesariamente a t\u00edtulo de condici\u00f3n esencial, determinante e imprescindible, la aceptaci\u00f3n sin reservas por el [&hellip;]<\/p>\n","protected":false},"author":2,"featured_media":0,"parent":0,"menu_order":0,"comment_status":"closed","ping_status":"closed","template":"","meta":{"_et_pb_use_builder":"on","_et_pb_old_content":"","_et_gb_content_width":"","footnotes":""},"class_list":["post-10983","page","type-page","status-publish","hentry"],"yoast_head":"<!-- This site is optimized with the Yoast SEO plugin v27.2 - https:\/\/yoast.com\/product\/yoast-seo-wordpress\/ -->\n<title>General Terms and Conditions of Purchasing - Olivapalacios<\/title>\n<meta name=\"robots\" content=\"index, follow, max-snippet:-1, max-image-preview:large, max-video-preview:-1\" \/>\n<link rel=\"canonical\" href=\"https:\/\/olivapalacios.es\/en\/general-terms-and-conditions-of-purchasing\/\" \/>\n<meta property=\"og:locale\" content=\"en_US\" \/>\n<meta property=\"og:type\" content=\"article\" \/>\n<meta property=\"og:title\" content=\"General Terms and Conditions of Purchasing - Olivapalacios\" \/>\n<meta property=\"og:description\" content=\"Condiciones Generales de Venta Las presentes condiciones generales de venta se aplican estrictamente a todas las ventas de productos efectuadas por Olivapalacios, en el \u00e1mbito internacional, con destino a sus clientes. Todo pedido efectuado por un cliente a Olivapalacios implica necesariamente a t\u00edtulo de condici\u00f3n esencial, determinante e imprescindible, la aceptaci\u00f3n sin reservas por el [&hellip;]\" \/>\n<meta property=\"og:url\" content=\"https:\/\/olivapalacios.es\/en\/general-terms-and-conditions-of-purchasing\/\" \/>\n<meta property=\"og:site_name\" content=\"Olivapalacios\" \/>\n<meta property=\"article:publisher\" content=\"https:\/\/www.facebook.com\/Palaciodelosolivos\/\" \/>\n<meta property=\"article:modified_time\" content=\"2024-03-15T09:45:36+00:00\" \/>\n<meta name=\"twitter:card\" content=\"summary_large_image\" \/>\n<meta name=\"twitter:site\" content=\"@olivapalacios\" \/>\n<meta name=\"twitter:label1\" content=\"Est. reading time\" \/>\n\t<meta name=\"twitter:data1\" content=\"9 minutes\" \/>\n<script type=\"application\/ld+json\" class=\"yoast-schema-graph\">{\"@context\":\"https:\/\/schema.org\",\"@graph\":[{\"@type\":\"WebPage\",\"@id\":\"https:\/\/olivapalacios.es\/en\/general-terms-and-conditions-of-purchasing\/\",\"url\":\"https:\/\/olivapalacios.es\/en\/general-terms-and-conditions-of-purchasing\/\",\"name\":\"General Terms and Conditions of Purchasing - Olivapalacios\",\"isPartOf\":{\"@id\":\"https:\/\/olivapalacios.es\/#website\"},\"datePublished\":\"2019-06-25T13:03:55+00:00\",\"dateModified\":\"2024-03-15T09:45:36+00:00\",\"breadcrumb\":{\"@id\":\"https:\/\/olivapalacios.es\/en\/general-terms-and-conditions-of-purchasing\/#breadcrumb\"},\"inLanguage\":\"en-US\",\"potentialAction\":[{\"@type\":\"ReadAction\",\"target\":[\"https:\/\/olivapalacios.es\/en\/general-terms-and-conditions-of-purchasing\/\"]}]},{\"@type\":\"BreadcrumbList\",\"@id\":\"https:\/\/olivapalacios.es\/en\/general-terms-and-conditions-of-purchasing\/#breadcrumb\",\"itemListElement\":[{\"@type\":\"ListItem\",\"position\":1,\"name\":\"Portada\",\"item\":\"https:\/\/olivapalacios.es\/en\/\"},{\"@type\":\"ListItem\",\"position\":2,\"name\":\"General Terms and Conditions of Purchasing\"}]},{\"@type\":\"WebSite\",\"@id\":\"https:\/\/olivapalacios.es\/#website\",\"url\":\"https:\/\/olivapalacios.es\/\",\"name\":\"Olivapalacios\",\"description\":\"Palacio de Los Olivos, Aceite de Oliva Virgen Extra\",\"publisher\":{\"@id\":\"https:\/\/olivapalacios.es\/#organization\"},\"potentialAction\":[{\"@type\":\"SearchAction\",\"target\":{\"@type\":\"EntryPoint\",\"urlTemplate\":\"https:\/\/olivapalacios.es\/?s={search_term_string}\"},\"query-input\":{\"@type\":\"PropertyValueSpecification\",\"valueRequired\":true,\"valueName\":\"search_term_string\"}}],\"inLanguage\":\"en-US\"},{\"@type\":\"Organization\",\"@id\":\"https:\/\/olivapalacios.es\/#organization\",\"name\":\"Olivapalacios\",\"url\":\"https:\/\/olivapalacios.es\/\",\"logo\":{\"@type\":\"ImageObject\",\"inLanguage\":\"en-US\",\"@id\":\"https:\/\/olivapalacios.es\/#\/schema\/logo\/image\/\",\"url\":\"https:\/\/olivapalacios.es\/wp-content\/uploads\/2018\/06\/Logo_150-2.jpg\",\"contentUrl\":\"https:\/\/olivapalacios.es\/wp-content\/uploads\/2018\/06\/Logo_150-2.jpg\",\"width\":150,\"height\":143,\"caption\":\"Olivapalacios\"},\"image\":{\"@id\":\"https:\/\/olivapalacios.es\/#\/schema\/logo\/image\/\"},\"sameAs\":[\"https:\/\/www.facebook.com\/Palaciodelosolivos\/\",\"https:\/\/x.com\/olivapalacios\",\"https:\/\/www.instagram.com\/palaciodelosolivos\/\"]}]}<\/script>\n<!-- \/ Yoast SEO plugin. -->","yoast_head_json":{"title":"General Terms and Conditions of Purchasing - Olivapalacios","robots":{"index":"index","follow":"follow","max-snippet":"max-snippet:-1","max-image-preview":"max-image-preview:large","max-video-preview":"max-video-preview:-1"},"canonical":"https:\/\/olivapalacios.es\/en\/general-terms-and-conditions-of-purchasing\/","og_locale":"en_US","og_type":"article","og_title":"General Terms and Conditions of Purchasing - Olivapalacios","og_description":"Condiciones Generales de Venta Las presentes condiciones generales de venta se aplican estrictamente a todas las ventas de productos efectuadas por Olivapalacios, en el \u00e1mbito internacional, con destino a sus clientes. Todo pedido efectuado por un cliente a Olivapalacios implica necesariamente a t\u00edtulo de condici\u00f3n esencial, determinante e imprescindible, la aceptaci\u00f3n sin reservas por el [&hellip;]","og_url":"https:\/\/olivapalacios.es\/en\/general-terms-and-conditions-of-purchasing\/","og_site_name":"Olivapalacios","article_publisher":"https:\/\/www.facebook.com\/Palaciodelosolivos\/","article_modified_time":"2024-03-15T09:45:36+00:00","twitter_card":"summary_large_image","twitter_site":"@olivapalacios","twitter_misc":{"Est. reading time":"9 minutes"},"schema":{"@context":"https:\/\/schema.org","@graph":[{"@type":"WebPage","@id":"https:\/\/olivapalacios.es\/en\/general-terms-and-conditions-of-purchasing\/","url":"https:\/\/olivapalacios.es\/en\/general-terms-and-conditions-of-purchasing\/","name":"General Terms and Conditions of Purchasing - Olivapalacios","isPartOf":{"@id":"https:\/\/olivapalacios.es\/#website"},"datePublished":"2019-06-25T13:03:55+00:00","dateModified":"2024-03-15T09:45:36+00:00","breadcrumb":{"@id":"https:\/\/olivapalacios.es\/en\/general-terms-and-conditions-of-purchasing\/#breadcrumb"},"inLanguage":"en-US","potentialAction":[{"@type":"ReadAction","target":["https:\/\/olivapalacios.es\/en\/general-terms-and-conditions-of-purchasing\/"]}]},{"@type":"BreadcrumbList","@id":"https:\/\/olivapalacios.es\/en\/general-terms-and-conditions-of-purchasing\/#breadcrumb","itemListElement":[{"@type":"ListItem","position":1,"name":"Portada","item":"https:\/\/olivapalacios.es\/en\/"},{"@type":"ListItem","position":2,"name":"General Terms and Conditions of Purchasing"}]},{"@type":"WebSite","@id":"https:\/\/olivapalacios.es\/#website","url":"https:\/\/olivapalacios.es\/","name":"Olivapalacios","description":"Palacio de Los Olivos, Aceite de Oliva Virgen Extra","publisher":{"@id":"https:\/\/olivapalacios.es\/#organization"},"potentialAction":[{"@type":"SearchAction","target":{"@type":"EntryPoint","urlTemplate":"https:\/\/olivapalacios.es\/?s={search_term_string}"},"query-input":{"@type":"PropertyValueSpecification","valueRequired":true,"valueName":"search_term_string"}}],"inLanguage":"en-US"},{"@type":"Organization","@id":"https:\/\/olivapalacios.es\/#organization","name":"Olivapalacios","url":"https:\/\/olivapalacios.es\/","logo":{"@type":"ImageObject","inLanguage":"en-US","@id":"https:\/\/olivapalacios.es\/#\/schema\/logo\/image\/","url":"https:\/\/olivapalacios.es\/wp-content\/uploads\/2018\/06\/Logo_150-2.jpg","contentUrl":"https:\/\/olivapalacios.es\/wp-content\/uploads\/2018\/06\/Logo_150-2.jpg","width":150,"height":143,"caption":"Olivapalacios"},"image":{"@id":"https:\/\/olivapalacios.es\/#\/schema\/logo\/image\/"},"sameAs":["https:\/\/www.facebook.com\/Palaciodelosolivos\/","https:\/\/x.com\/olivapalacios","https:\/\/www.instagram.com\/palaciodelosolivos\/"]}]}},"_links":{"self":[{"href":"https:\/\/olivapalacios.es\/en\/wp-json\/wp\/v2\/pages\/10983","targetHints":{"allow":["GET"]}}],"collection":[{"href":"https:\/\/olivapalacios.es\/en\/wp-json\/wp\/v2\/pages"}],"about":[{"href":"https:\/\/olivapalacios.es\/en\/wp-json\/wp\/v2\/types\/page"}],"author":[{"embeddable":true,"href":"https:\/\/olivapalacios.es\/en\/wp-json\/wp\/v2\/users\/2"}],"replies":[{"embeddable":true,"href":"https:\/\/olivapalacios.es\/en\/wp-json\/wp\/v2\/comments?post=10983"}],"version-history":[{"count":0,"href":"https:\/\/olivapalacios.es\/en\/wp-json\/wp\/v2\/pages\/10983\/revisions"}],"wp:attachment":[{"href":"https:\/\/olivapalacios.es\/en\/wp-json\/wp\/v2\/media?parent=10983"}],"curies":[{"name":"wp","href":"https:\/\/api.w.org\/{rel}","templated":true}]}}